{"id":2198,"date":"2022-01-12T15:46:03","date_gmt":"2022-01-12T15:46:03","guid":{"rendered":"http:\/\/mgi-nouveau-site.mgi-labs.com\/?page_id=2198"},"modified":"2022-03-11T11:22:13","modified_gmt":"2022-03-11T10:22:13","slug":"impression-numerique","status":"publish","type":"page","link":"http:\/\/mgi-nouveau-site.mgi-labs.com\/en\/products\/digital-printing\/","title":{"rendered":"Digital printing &amp; embellishing"},"content":{"rendered":"<style>#kt-layout-id_ca7976-d7 > .kt-row-column-wrap{align-content:end;}:where(#kt-layout-id_ca7976-d7 > .kt-row-column-wrap) > .wp-block-kadence-column{justify-content:end;}#kt-layout-id_ca7976-d7 > .kt-row-column-wrap{column-gap:var(--global-kb-gap-md, 2rem);row-gap:var(--global-kb-gap-md, 2rem);max-width:1600px;margin-left:auto;margin-right:auto;padding-top:var( --global-kb-row-default-top, 25px );padding-bottom:var( --global-kb-row-default-bottom, 25px );padding-top:20px;padding-bottom:20px;min-height:300px;grid-template-columns:minmax(0, 1fr);}#kt-layout-id_ca7976-d7{background-image:url('http:\/\/mgi-nouveau-site.mgi-labs.com\/wp-content\/uploads\/2022\/01\/MGI-AlphaJET-CMYK-Printer-01.jpg');background-size:cover;background-position:44% 40%;background-attachment:scroll;background-repeat:no-repeat;}#kt-layout-id_ca7976-d7 > .kt-row-layout-overlay{opacity:0.70;background-image:linear-gradient(180deg, rgba(255, 255, 255, 0) 43%, var(--global-palette9, #ffffff) 64%);}#kt-layout-id_ca7976-d7 ,#kt-layout-id_ca7976-d7 h1,#kt-layout-id_ca7976-d7 h2,#kt-layout-id_ca7976-d7 h3,#kt-layout-id_ca7976-d7 h4,#kt-layout-id_ca7976-d7 h5,#kt-layout-id_ca7976-d7 h6{color:#ffffff;}#kt-layout-id_ca7976-d7 .kt-row-layout-bottom-sep{height:100px;}#kt-layout-id_ca7976-d7 .kt-row-layout-bottom-sep svg{width:100%;}#kt-layout-id_ca7976-d7 .kt-row-layout-bottom-sep svg{fill:#ffffff!important;}@media all and (max-width: 1024px){#kt-layout-id_ca7976-d7 > .kt-row-column-wrap{min-height:300px;grid-template-columns:minmax(0, 1fr);}}@media all and (max-width: 1024px){#kt-layout-id_ca7976-d7 .kt-row-layout-bottom-sep{height:px;}}@media all and (max-width: 1024px){#kt-layout-id_ca7976-d7 .kt-row-layout-bottom-sep svg{width:%;}}@media all and (max-width: 767px){#kt-layout-id_ca7976-d7 > .kt-row-column-wrap{min-height:300px;grid-template-columns:minmax(0, 1fr);}#kt-layout-id_ca7976-d7 .kt-row-layout-bottom-sep{height:px;}#kt-layout-id_ca7976-d7 .kt-row-layout-bottom-sep svg{width:%;}}<\/style>\n<div class=\"wp-block-kadence-rowlayout alignfull\"><div id=\"kt-layout-id_ca7976-d7\" class=\"kt-row-layout-inner kt-row-has-bg kt-layout-id_ca7976-d7\"><div class=\"kt-row-layout-overlay kt-row-overlay-gradient\"><\/div><div class=\"kt-row-column-wrap kt-has-1-columns kt-gutter-default kt-v-gutter-default kt-row-valign-bottom kt-row-layout-equal kt-tab-layout-inherit kt-m-colapse-left-to-right kt-mobile-layout-row\"><style>.kadence-column_e2e01b-e6 > .kt-inside-inner-col{border-top-width:0px;border-right-width:0px;border-bottom-width:0px;border-left-width:0px;}.kadence-column_e2e01b-e6 > .kt-inside-inner-col,.kadence-column_e2e01b-e6 > .kt-inside-inner-col:before{border-top-left-radius:0px;border-top-right-radius:0px;border-bottom-right-radius:0px;border-bottom-left-radius:0px;}.kadence-column_e2e01b-e6 > .kt-inside-inner-col{column-gap:var(--global-kb-gap-sm, 1rem);}.kadence-column_e2e01b-e6 > .kt-inside-inner-col{flex-direction:column;}.kadence-column_e2e01b-e6 > .kt-inside-inner-col > .aligncenter{width:100%;}.kadence-column_e2e01b-e6 > .kt-inside-inner-col:before{opacity:0.3;}.kadence-column_e2e01b-e6{position:relative;}@media all and (max-width: 1024px){.kadence-column_e2e01b-e6 > .kt-inside-inner-col{flex-direction:column;}}@media all and (max-width: 767px){.kadence-column_e2e01b-e6 > .kt-inside-inner-col{flex-direction:column;}}<\/style>\n<div class=\"wp-block-kadence-column inner-column-1 kadence-column_e2e01b-e6\"><div class=\"kt-inside-inner-col\"><style>.wp-block-kadence-advancedheading.kt-adv-heading_2864ea-44, .wp-block-kadence-advancedheading.kt-adv-heading_2864ea-44[data-kb-block=\"kb-adv-heading_2864ea-44\"]{text-align:center;font-style:normal;text-transform:uppercase;text-shadow:1px 1px 30px #ffffff;}.wp-block-kadence-advancedheading.kt-adv-heading_2864ea-44 mark, .wp-block-kadence-advancedheading.kt-adv-heading_2864ea-44[data-kb-block=\"kb-adv-heading_2864ea-44\"] mark{font-style:normal;color:#f76a0c;padding-top:0px;padding-right:0px;padding-bottom:0px;padding-left:0px;}<\/style>\n<h1 class=\"kt-adv-heading_2864ea-44 wp-block-kadence-advancedheading has-theme-palette-4-color has-text-color\" data-kb-block=\"kb-adv-heading_2864ea-44\">impression &amp; ennoblissement num\u00e9riques<\/h1>\n\n\n\n<p><\/p>\n<\/div><\/div>\n<\/div><\/div><\/div>\n\n\n<style>#kt-layout-id_fcf76b-71 > .kt-row-column-wrap{align-content:start;}:where(#kt-layout-id_fcf76b-71 > .kt-row-column-wrap) > .wp-block-kadence-column{justify-content:start;}#kt-layout-id_fcf76b-71 > .kt-row-column-wrap{column-gap:var(--global-kb-gap-md, 2rem);row-gap:var(--global-kb-gap-md, 2rem);padding-top:var( --global-kb-row-default-top, 25px );padding-bottom:var( --global-kb-row-default-bottom, 25px );padding-top:60px;grid-template-columns:minmax(0, 1fr);}#kt-layout-id_fcf76b-71 > .kt-row-layout-overlay{opacity:0.30;}@media all and (max-width: 1024px){#kt-layout-id_fcf76b-71 > .kt-row-column-wrap{grid-template-columns:minmax(0, 1fr);}}@media all and (max-width: 767px){#kt-layout-id_fcf76b-71 > .kt-row-column-wrap{grid-template-columns:minmax(0, 1fr);}}<\/style>\n<div class=\"wp-block-kadence-rowlayout alignwide\"><div id=\"kt-layout-id_fcf76b-71\" class=\"kt-row-layout-inner kt-layout-id_fcf76b-71\"><div class=\"kt-row-column-wrap kt-has-1-columns kt-gutter-default kt-v-gutter-default kt-row-valign-top kt-row-layout-equal kt-tab-layout-inherit kt-m-colapse-left-to-right kt-mobile-layout-row\"><style>.wp-block-kadence-column.kadence-column_b115d4-0c > .kt-inside-inner-col{margin-right:2%;margin-left:2%;}.kadence-column_b115d4-0c > .kt-inside-inner-col{border-top-width:0px;border-right-width:0px;border-bottom-width:0px;border-left-width:0px;}.kadence-column_b115d4-0c > .kt-inside-inner-col,.kadence-column_b115d4-0c > .kt-inside-inner-col:before{border-top-left-radius:0px;border-top-right-radius:0px;border-bottom-right-radius:0px;border-bottom-left-radius:0px;}.kadence-column_b115d4-0c > .kt-inside-inner-col{column-gap:var(--global-kb-gap-sm, 1rem);}.kadence-column_b115d4-0c > .kt-inside-inner-col{flex-direction:column;}.kadence-column_b115d4-0c > .kt-inside-inner-col > .aligncenter{width:100%;}.kadence-column_b115d4-0c > .kt-inside-inner-col:before{opacity:0.3;}.kadence-column_b115d4-0c{position:relative;}@media all and (max-width: 1024px){.wp-block-kadence-column.kadence-column_b115d4-0c > .kt-inside-inner-col{margin-right:2%;margin-left:2%;}}@media all and (max-width: 1024px){.kadence-column_b115d4-0c > .kt-inside-inner-col{flex-direction:column;}}@media all and (max-width: 767px){.wp-block-kadence-column.kadence-column_b115d4-0c > .kt-inside-inner-col{margin-right:2%;margin-left:2%;}.kadence-column_b115d4-0c > .kt-inside-inner-col{flex-direction:column;}}<\/style>\n<div class=\"wp-block-kadence-column inner-column-1 kadence-column_b115d4-0c\"><div class=\"kt-inside-inner-col\"><style>.wp-block-kadence-advancedheading.kt-adv-heading_c87d34-0f, .wp-block-kadence-advancedheading.kt-adv-heading_c87d34-0f[data-kb-block=\"kb-adv-heading_c87d34-0f\"]{margin-bottom:50px;text-align:center;font-style:normal;}.wp-block-kadence-advancedheading.kt-adv-heading_c87d34-0f mark, .wp-block-kadence-advancedheading.kt-adv-heading_c87d34-0f[data-kb-block=\"kb-adv-heading_c87d34-0f\"] mark{font-style:normal;color:#f76a0c;padding-top:0px;padding-right:0px;padding-bottom:0px;padding-left:0px;}<\/style>\n<h5 class=\"kt-adv-heading_c87d34-0f wp-block-kadence-advancedheading\" data-kb-block=\"kb-adv-heading_c87d34-0f\">L\u2019impression num\u00e9rique de MGI propose&nbsp;des solutions se substituant \u00e0 des processus de production conventionnels complexes, longs et co\u00fbteux. L\u2019ennoblissement num\u00e9rique de MGI apporte une grande valeur ajout\u00e9e et une dimension sensorielle \u00e0 toutes les productions imprim\u00e9es.<\/h5>\n\n\n<div class=\"wp-block-kadence-posts kb-posts kb-posts-id-_bc23cc-00 content-wrap grid-cols kb-posts-style-boxed grid-sm-col-2 grid-lg-col-2 item-image-style-above\"><article class=\"entry content-bg loop-entry post-1681 post type-post status-publish format-standard has-post-thumbnail hentry category-equipements tag-edition tag-embellissement-numerique tag-etiquettes-adhesives tag-films-sleeves tag-impression-numerique tag-imprimes-photos tag-jetvarnish-3d-web-color tag-packaging tag-web-to-print\">\n\t\t\t<a class=\"post-thumbnail kadence-thumbnail-ratio-1-2\" href=\"http:\/\/mgi-nouveau-site.mgi-labs.com\/en\/equipment\/jetvarnish-3d-web-color\/\">\n\t\t\t<div class=\"post-thumbnail-inner\">\n\t\t\t\t<img width=\"1024\" height=\"512\" src=\"http:\/\/mgi-nouveau-site.mgi-labs.com\/wp-content\/uploads\/2021\/12\/MGI-JETVarnish-3D-Web-Color.jpg\" class=\"attachment-full size-full wp-post-image\" alt=\"JETvarnish 3D Web Color +, photo de l&#039;\u00e9quipement de MGI Digital Technology vu de face\" decoding=\"async\" loading=\"lazy\" srcset=\"http:\/\/mgi-nouveau-site.mgi-labs.com\/wp-content\/uploads\/2021\/12\/MGI-JETVarnish-3D-Web-Color.jpg 1024w, http:\/\/mgi-nouveau-site.mgi-labs.com\/wp-content\/uploads\/2021\/12\/MGI-JETVarnish-3D-Web-Color-300x150.jpg 300w, http:\/\/mgi-nouveau-site.mgi-labs.com\/wp-content\/uploads\/2021\/12\/MGI-JETVarnish-3D-Web-Color-768x384.jpg 768w\" sizes=\"(max-width: 1024px) 100vw, 1024px\" \/>\t\t\t<\/div>\n\t\t<\/a><!-- .post-thumbnail -->\n\t\t\t<div class=\"entry-content-wrap\">\n\t\t<header class=\"entry-header\">\n\t<h5 class=\"entry-title\"><a href=\"http:\/\/mgi-nouveau-site.mgi-labs.com\/en\/equipment\/jetvarnish-3d-web-color\/\" rel=\"bookmark\">JETvarnish 3D Web Color+<\/a><\/h5><\/header><!-- .entry-header -->\n\t<div class=\"entry-summary\">\n\t\t<p>La toute premi\u00e8re presse d\u2019impression et d\u2019ennoblissement num\u00e9rique bobine-bobine du march\u00e9.<\/p>\n\t<\/div><!-- .entry-summary -->\n\t<footer class=\"entry-footer\">\n\t\t\t<div class=\"entry-actions\">\n\t\t\t<p class=\"more-link-wrap\">\n\t\t\t\t<a href=\"http:\/\/mgi-nouveau-site.mgi-labs.com\/en\/equipment\/jetvarnish-3d-web-color\/\" class=\"post-more-link\">\n\t\t\t\t\tEn savoir +<span class=\"screen-reader-text\"> JETvarnish 3D Web Color+<\/span><span class=\"kadence-svg-iconset svg-baseline\"><svg aria-hidden=\"true\" class=\"kadence-svg-icon kadence-arrow-right-alt-svg\" fill=\"currentColor\" version=\"1.1\" xmlns=\"http:\/\/www.w3.org\/2000\/svg\" width=\"27\" height=\"28\" viewBox=\"0 0 27 28\"><title>Continue<\/title><path d=\"M27 13.953c0 0.141-0.063 0.281-0.156 0.375l-6 5.531c-0.156 0.141-0.359 0.172-0.547 0.094-0.172-0.078-0.297-0.25-0.297-0.453v-3.5h-19.5c-0.281 0-0.5-0.219-0.5-0.5v-3c0-0.281 0.219-0.5 0.5-0.5h19.5v-3.5c0-0.203 0.109-0.375 0.297-0.453s0.391-0.047 0.547 0.078l6 5.469c0.094 0.094 0.156 0.219 0.156 0.359v0z\"><\/path>\n\t\t\t<\/svg><\/span>\t\t\t\t<\/a>\n\t\t\t<\/p>\n\t\t<\/div><!-- .entry-actions -->\n\t\t<\/footer><!-- .entry-footer -->\t<\/div>\n<\/article>\n<article class=\"entry content-bg loop-entry post-1643 post type-post status-publish format-standard has-post-thumbnail hentry category-equipements tag-alphajet tag-edition tag-embellissement-numerique tag-impression-numerique tag-imprimes-commerciaux tag-imprimes-photos tag-packaging tag-sous-traitance tag-web-to-print\">\n\t\t\t<a class=\"post-thumbnail kadence-thumbnail-ratio-1-2\" href=\"http:\/\/mgi-nouveau-site.mgi-labs.com\/en\/equipment\/alphajet\/\">\n\t\t\t<div class=\"post-thumbnail-inner\">\n\t\t\t\t<img width=\"1500\" height=\"358\" src=\"http:\/\/mgi-nouveau-site.mgi-labs.com\/wp-content\/uploads\/2021\/12\/MGI-AlphaJET-LD-RVB.jpg\" class=\"attachment-full size-full wp-post-image\" alt=\"AlphaJET, photographie de l&#039;\u00e9quipement de MGI Digital Technology vue de face\" decoding=\"async\" loading=\"lazy\" srcset=\"http:\/\/mgi-nouveau-site.mgi-labs.com\/wp-content\/uploads\/2021\/12\/MGI-AlphaJET-LD-RVB.jpg 1500w, http:\/\/mgi-nouveau-site.mgi-labs.com\/wp-content\/uploads\/2021\/12\/MGI-AlphaJET-LD-RVB-300x72.jpg 300w, http:\/\/mgi-nouveau-site.mgi-labs.com\/wp-content\/uploads\/2021\/12\/MGI-AlphaJET-LD-RVB-1024x244.jpg 1024w, http:\/\/mgi-nouveau-site.mgi-labs.com\/wp-content\/uploads\/2021\/12\/MGI-AlphaJET-LD-RVB-768x183.jpg 768w, http:\/\/mgi-nouveau-site.mgi-labs.com\/wp-content\/uploads\/2021\/12\/MGI-AlphaJET-LD-RVB-750x179.jpg 750w\" sizes=\"(max-width: 1500px) 100vw, 1500px\" \/>\t\t\t<\/div>\n\t\t<\/a><!-- .post-thumbnail -->\n\t\t\t<div class=\"entry-content-wrap\">\n\t\t<header class=\"entry-header\">\n\t<h5 class=\"entry-title\"><a href=\"http:\/\/mgi-nouveau-site.mgi-labs.com\/en\/equipment\/alphajet\/\" rel=\"bookmark\">AlphaJET<\/a><\/h5><\/header><!-- .entry-header -->\n\t<div class=\"entry-summary\">\n\t\t<p>La premi\u00e8re solution digitale regroupant sur une seule presse num\u00e9rique industrielle, des op\u00e9rations qui n\u00e9cessitaient jusqu\u2019\u00e0 pr\u00e9sent plusieurs \u00e9quipements diff\u00e9rents, ou qui devaient \u00eatre sous-trait\u00e9es.<\/p>\n\t<\/div><!-- .entry-summary -->\n\t<footer class=\"entry-footer\">\n\t\t\t<div class=\"entry-actions\">\n\t\t\t<p class=\"more-link-wrap\">\n\t\t\t\t<a href=\"http:\/\/mgi-nouveau-site.mgi-labs.com\/en\/equipment\/alphajet\/\" class=\"post-more-link\">\n\t\t\t\t\tEn savoir +<span class=\"screen-reader-text\"> AlphaJET<\/span><span class=\"kadence-svg-iconset svg-baseline\"><svg aria-hidden=\"true\" class=\"kadence-svg-icon kadence-arrow-right-alt-svg\" fill=\"currentColor\" version=\"1.1\" xmlns=\"http:\/\/www.w3.org\/2000\/svg\" width=\"27\" height=\"28\" viewBox=\"0 0 27 28\"><title>Continue<\/title><path d=\"M27 13.953c0 0.141-0.063 0.281-0.156 0.375l-6 5.531c-0.156 0.141-0.359 0.172-0.547 0.094-0.172-0.078-0.297-0.25-0.297-0.453v-3.5h-19.5c-0.281 0-0.5-0.219-0.5-0.5v-3c0-0.281 0.219-0.5 0.5-0.5h19.5v-3.5c0-0.203 0.109-0.375 0.297-0.453s0.391-0.047 0.547 0.078l6 5.469c0.094 0.094 0.156 0.219 0.156 0.359v0z\"><\/path>\n\t\t\t<\/svg><\/span>\t\t\t\t<\/a>\n\t\t\t<\/p>\n\t\t<\/div><!-- .entry-actions -->\n\t\t<\/footer><!-- .entry-footer -->\t<\/div>\n<\/article>\n<\/div><\/div><\/div>\n<\/div><\/div><\/div>\n\n\n\n<div style=\"height:50px\" aria-hidden=\"true\" class=\"wp-block-spacer\"><\/div>\n","protected":false},"excerpt":{"rendered":"<p>digital printing &amp; finishing MGI's digital printing offers solutions that replace complex, time-consuming and costly conventional production processes. MGI's digital finishing brings added value and a sensory dimension to all printed productions.<\/p>","protected":false},"author":1,"featured_media":284,"parent":967,"menu_order":0,"comment_status":"closed","ping_status":"closed","template":"","meta":{"_kad_post_transparent":"","_kad_post_title":"hide","_kad_post_layout":"","_kad_post_sidebar_id":"","_kad_post_content_style":"unboxed","_kad_post_vertical_padding":"hide","_kad_post_feature":"","_kad_post_feature_position":"","_kad_post_header":false,"_kad_post_footer":false},"yoast_head":"<!-- This site is optimized with the Yoast SEO plugin v21.1 - https:\/\/yoast.com\/wordpress\/plugins\/seo\/ -->\n<title>Impression &amp; ennoblissement num\u00e9riques - MGI Digital Technology<\/title>\n<meta name=\"robots\" content=\"noindex, follow, max-snippet:-1, max-image-preview:large, max-video-preview:-1\" \/>\n<meta property=\"og:locale\" content=\"en_US\" \/>\n<meta property=\"og:type\" content=\"article\" \/>\n<meta property=\"og:title\" content=\"Impression &amp; ennoblissement num\u00e9riques - MGI Digital Technology\" \/>\n<meta property=\"og:description\" content=\"impression &amp; ennoblissement num\u00e9riques L\u2019impression num\u00e9rique de MGI propose&nbsp;des solutions se substituant \u00e0 des processus de production conventionnels complexes, longs et co\u00fbteux. L\u2019ennoblissement num\u00e9rique de MGI apporte une grande valeur ajout\u00e9e et une dimension sensorielle \u00e0 toutes les productions imprim\u00e9es.\" \/>\n<meta property=\"og:url\" content=\"http:\/\/mgi-nouveau-site.mgi-labs.com\/en\/products\/digital-printing\/\" \/>\n<meta property=\"og:site_name\" content=\"MGI Digital Technology\" \/>\n<meta property=\"article:publisher\" content=\"https:\/\/m.facebook.com\/MGIonline\/\" \/>\n<meta property=\"article:modified_time\" content=\"2022-03-11T10:22:13+00:00\" \/>\n<meta property=\"og:image\" content=\"https:\/\/mgi-nouveau-site.mgi-labs.com\/wp-content\/uploads\/2021\/12\/MGI-AlphaJET-LD-RVB.jpg\" \/>\n\t<meta property=\"og:image:width\" content=\"1500\" \/>\n\t<meta property=\"og:image:height\" content=\"358\" \/>\n\t<meta property=\"og:image:type\" content=\"image\/jpeg\" \/>\n<meta name=\"twitter:card\" content=\"summary_large_image\" \/>\n<meta name=\"twitter:site\" content=\"@MGI_HQ\" \/>\n<script type=\"application\/ld+json\" class=\"yoast-schema-graph\">{\"@context\":\"https:\/\/schema.org\",\"@graph\":[{\"@type\":\"WebPage\",\"@id\":\"https:\/\/mgi-nouveau-site.mgi-labs.com\/en\/products\/digital-printing\/\",\"url\":\"https:\/\/mgi-nouveau-site.mgi-labs.com\/en\/products\/digital-printing\/\",\"name\":\"Impression & ennoblissement num\u00e9riques - MGI Digital Technology\",\"isPartOf\":{\"@id\":\"https:\/\/mgi-nouveau-site.mgi-labs.com\/#website\"},\"datePublished\":\"2022-01-12T15:46:03+00:00\",\"dateModified\":\"2022-03-11T10:22:13+00:00\",\"breadcrumb\":{\"@id\":\"https:\/\/mgi-nouveau-site.mgi-labs.com\/en\/products\/digital-printing\/#breadcrumb\"},\"inLanguage\":\"en-US\",\"potentialAction\":[{\"@type\":\"ReadAction\",\"target\":[\"https:\/\/mgi-nouveau-site.mgi-labs.com\/en\/products\/digital-printing\/\"]}]},{\"@type\":\"BreadcrumbList\",\"@id\":\"https:\/\/mgi-nouveau-site.mgi-labs.com\/en\/products\/digital-printing\/#breadcrumb\",\"itemListElement\":[{\"@type\":\"ListItem\",\"position\":1,\"name\":\"Accueil\",\"item\":\"https:\/\/mgi-nouveau-site.mgi-labs.com\/\"},{\"@type\":\"ListItem\",\"position\":2,\"name\":\"Les \u00e9quipements MGI\",\"item\":\"http:\/\/mgi-nouveau-site.mgi-labs.com\/produits\/\"},{\"@type\":\"ListItem\",\"position\":3,\"name\":\"Impression &#038; ennoblissement num\u00e9riques\"}]},{\"@type\":\"WebSite\",\"@id\":\"https:\/\/mgi-nouveau-site.mgi-labs.com\/#website\",\"url\":\"https:\/\/mgi-nouveau-site.mgi-labs.com\/\",\"name\":\"MGI Digital Technology\",\"description\":\"Leader des technologies d\u2019impression et de finitions num\u00e9riques\",\"publisher\":{\"@id\":\"https:\/\/mgi-nouveau-site.mgi-labs.com\/#organization\"},\"potentialAction\":[{\"@type\":\"SearchAction\",\"target\":{\"@type\":\"EntryPoint\",\"urlTemplate\":\"https:\/\/mgi-nouveau-site.mgi-labs.com\/?s={search_term_string}\"},\"query-input\":\"required name=search_term_string\"}],\"inLanguage\":\"en-US\"},{\"@type\":\"Organization\",\"@id\":\"https:\/\/mgi-nouveau-site.mgi-labs.com\/#organization\",\"name\":\"MGI Digital Technology\",\"url\":\"https:\/\/mgi-nouveau-site.mgi-labs.com\/\",\"logo\":{\"@type\":\"ImageObject\",\"inLanguage\":\"en-US\",\"@id\":\"https:\/\/mgi-nouveau-site.mgi-labs.com\/#\/schema\/logo\/image\/\",\"url\":\"http:\/\/mgi-nouveau-site.mgi-labs.com\/wp-content\/uploads\/2022\/01\/Logo-MGI-Blue-Baseline.jpg\",\"contentUrl\":\"http:\/\/mgi-nouveau-site.mgi-labs.com\/wp-content\/uploads\/2022\/01\/Logo-MGI-Blue-Baseline.jpg\",\"width\":842,\"height\":595,\"caption\":\"MGI Digital Technology\"},\"image\":{\"@id\":\"https:\/\/mgi-nouveau-site.mgi-labs.com\/#\/schema\/logo\/image\/\"},\"sameAs\":[\"https:\/\/m.facebook.com\/MGIonline\/\",\"https:\/\/twitter.com\/MGI_HQ\",\"https:\/\/www.linkedin.com\/company\/mgi-digital-graphic-technology\/\",\"https:\/\/www.youtube.com\/channel\/UCqJTeVGo2EQ3NOCqFMekydA\"]}]}<\/script>\n<!-- \/ Yoast SEO plugin. -->","yoast_head_json":{"title":"Digital printing &amp; finishing - MGI Digital Technology","robots":{"index":"noindex","follow":"follow","max-snippet":"max-snippet:-1","max-image-preview":"max-image-preview:large","max-video-preview":"max-video-preview:-1"},"og_locale":"en_US","og_type":"article","og_title":"Impression & ennoblissement num\u00e9riques - MGI Digital Technology","og_description":"impression &amp; ennoblissement num\u00e9riques L\u2019impression num\u00e9rique de MGI propose&nbsp;des solutions se substituant \u00e0 des processus de production conventionnels complexes, longs et co\u00fbteux. L\u2019ennoblissement num\u00e9rique de MGI apporte une grande valeur ajout\u00e9e et une dimension sensorielle \u00e0 toutes les productions imprim\u00e9es.","og_url":"http:\/\/mgi-nouveau-site.mgi-labs.com\/en\/products\/digital-printing\/","og_site_name":"MGI Digital Technology","article_publisher":"https:\/\/m.facebook.com\/MGIonline\/","article_modified_time":"2022-03-11T10:22:13+00:00","og_image":[{"width":1500,"height":358,"url":"https:\/\/mgi-nouveau-site.mgi-labs.com\/wp-content\/uploads\/2021\/12\/MGI-AlphaJET-LD-RVB.jpg","type":"image\/jpeg"}],"twitter_card":"summary_large_image","twitter_site":"@MGI_HQ","schema":{"@context":"https:\/\/schema.org","@graph":[{"@type":"WebPage","@id":"https:\/\/mgi-nouveau-site.mgi-labs.com\/en\/products\/digital-printing\/","url":"https:\/\/mgi-nouveau-site.mgi-labs.com\/en\/products\/digital-printing\/","name":"Digital printing &amp; finishing - MGI Digital Technology","isPartOf":{"@id":"https:\/\/mgi-nouveau-site.mgi-labs.com\/#website"},"datePublished":"2022-01-12T15:46:03+00:00","dateModified":"2022-03-11T10:22:13+00:00","breadcrumb":{"@id":"https:\/\/mgi-nouveau-site.mgi-labs.com\/en\/products\/digital-printing\/#breadcrumb"},"inLanguage":"en-US","potentialAction":[{"@type":"ReadAction","target":["https:\/\/mgi-nouveau-site.mgi-labs.com\/en\/products\/digital-printing\/"]}]},{"@type":"BreadcrumbList","@id":"https:\/\/mgi-nouveau-site.mgi-labs.com\/en\/products\/digital-printing\/#breadcrumb","itemListElement":[{"@type":"ListItem","position":1,"name":"Accueil","item":"https:\/\/mgi-nouveau-site.mgi-labs.com\/"},{"@type":"ListItem","position":2,"name":"Les \u00e9quipements MGI","item":"http:\/\/mgi-nouveau-site.mgi-labs.com\/produits\/"},{"@type":"ListItem","position":3,"name":"Impression &#038; ennoblissement num\u00e9riques"}]},{"@type":"WebSite","@id":"https:\/\/mgi-nouveau-site.mgi-labs.com\/#website","url":"https:\/\/mgi-nouveau-site.mgi-labs.com\/","name":"MGI Digital Technology","description":"Leader in digital printing and finishing technologies","publisher":{"@id":"https:\/\/mgi-nouveau-site.mgi-labs.com\/#organization"},"potentialAction":[{"@type":"SearchAction","target":{"@type":"EntryPoint","urlTemplate":"https:\/\/mgi-nouveau-site.mgi-labs.com\/?s={search_term_string}"},"query-input":"required name=search_term_string"}],"inLanguage":"en-US"},{"@type":"Organization","@id":"https:\/\/mgi-nouveau-site.mgi-labs.com\/#organization","name":"MGI Digital Technology","url":"https:\/\/mgi-nouveau-site.mgi-labs.com\/","logo":{"@type":"ImageObject","inLanguage":"en-US","@id":"https:\/\/mgi-nouveau-site.mgi-labs.com\/#\/schema\/logo\/image\/","url":"http:\/\/mgi-nouveau-site.mgi-labs.com\/wp-content\/uploads\/2022\/01\/Logo-MGI-Blue-Baseline.jpg","contentUrl":"http:\/\/mgi-nouveau-site.mgi-labs.com\/wp-content\/uploads\/2022\/01\/Logo-MGI-Blue-Baseline.jpg","width":842,"height":595,"caption":"MGI Digital Technology"},"image":{"@id":"https:\/\/mgi-nouveau-site.mgi-labs.com\/#\/schema\/logo\/image\/"},"sameAs":["https:\/\/m.facebook.com\/MGIonline\/","https:\/\/twitter.com\/MGI_HQ","https:\/\/www.linkedin.com\/company\/mgi-digital-graphic-technology\/","https:\/\/www.youtube.com\/channel\/UCqJTeVGo2EQ3NOCqFMekydA"]}]}},"_links":{"self":[{"href":"http:\/\/mgi-nouveau-site.mgi-labs.com\/en\/wp-json\/wp\/v2\/pages\/2198"}],"collection":[{"href":"http:\/\/mgi-nouveau-site.mgi-labs.com\/en\/wp-json\/wp\/v2\/pages"}],"about":[{"href":"http:\/\/mgi-nouveau-site.mgi-labs.com\/en\/wp-json\/wp\/v2\/types\/page"}],"author":[{"embeddable":true,"href":"http:\/\/mgi-nouveau-site.mgi-labs.com\/en\/wp-json\/wp\/v2\/users\/1"}],"replies":[{"embeddable":true,"href":"http:\/\/mgi-nouveau-site.mgi-labs.com\/en\/wp-json\/wp\/v2\/comments?post=2198"}],"version-history":[{"count":35,"href":"http:\/\/mgi-nouveau-site.mgi-labs.com\/en\/wp-json\/wp\/v2\/pages\/2198\/revisions"}],"predecessor-version":[{"id":5847,"href":"http:\/\/mgi-nouveau-site.mgi-labs.com\/en\/wp-json\/wp\/v2\/pages\/2198\/revisions\/5847"}],"up":[{"embeddable":true,"href":"http:\/\/mgi-nouveau-site.mgi-labs.com\/en\/wp-json\/wp\/v2\/pages\/967"}],"wp:featuredmedia":[{"embeddable":true,"href":"http:\/\/mgi-nouveau-site.mgi-labs.com\/en\/wp-json\/wp\/v2\/media\/284"}],"wp:attachment":[{"href":"http:\/\/mgi-nouveau-site.mgi-labs.com\/en\/wp-json\/wp\/v2\/media?parent=2198"}],"curies":[{"name":"wp","href":"https:\/\/api.w.org\/{rel}","templated":true}]}}