{"id":3186,"date":"2022-01-31T15:06:20","date_gmt":"2022-01-31T15:06:20","guid":{"rendered":"http:\/\/mgi-nouveau-site.mgi-labs.com\/?page_id=3186"},"modified":"2022-03-11T11:26:03","modified_gmt":"2022-03-11T10:26:03","slug":"actualites","status":"publish","type":"page","link":"http:\/\/mgi-nouveau-site.mgi-labs.com\/en\/news\/","title":{"rendered":"News"},"content":{"rendered":"<style>#kt-layout-id_0a806d-58 > .kt-row-column-wrap{align-content:end;}:where(#kt-layout-id_0a806d-58 > .kt-row-column-wrap) > .wp-block-kadence-column{justify-content:end;}#kt-layout-id_0a806d-58 > .kt-row-column-wrap{column-gap:var(--global-kb-gap-md, 2rem);row-gap:var(--global-kb-gap-md, 2rem);max-width:1600px;margin-left:auto;margin-right:auto;padding-top:var( --global-kb-row-default-top, 25px );padding-bottom:var( --global-kb-row-default-bottom, 25px );padding-top:20px;padding-bottom:10px;min-height:300px;grid-template-columns:minmax(0, 1fr);}#kt-layout-id_0a806d-58{background-image:url('http:\/\/mgi-nouveau-site.mgi-labs.com\/wp-content\/uploads\/2022\/01\/Actualites-Banniere.jpg');background-size:cover;background-position:36% 33%;background-attachment:scroll;background-repeat:no-repeat;}#kt-layout-id_0a806d-58 > .kt-row-layout-overlay{opacity:0.70;background-image:linear-gradient(180deg, rgba(255, 255, 255, 0) 30%, var(--global-palette9, #ffffff) 83%);}#kt-layout-id_0a806d-58 ,#kt-layout-id_0a806d-58 h1,#kt-layout-id_0a806d-58 h2,#kt-layout-id_0a806d-58 h3,#kt-layout-id_0a806d-58 h4,#kt-layout-id_0a806d-58 h5,#kt-layout-id_0a806d-58 h6{color:#ffffff;}#kt-layout-id_0a806d-58 .kt-row-layout-bottom-sep{height:100px;}#kt-layout-id_0a806d-58 .kt-row-layout-bottom-sep svg{width:100%;}#kt-layout-id_0a806d-58 .kt-row-layout-bottom-sep svg{fill:#ffffff!important;}@media all and (max-width: 1024px){#kt-layout-id_0a806d-58 > .kt-row-column-wrap{min-height:300px;grid-template-columns:minmax(0, 1fr);}}@media all and (max-width: 1024px){#kt-layout-id_0a806d-58 .kt-row-layout-bottom-sep{height:px;}}@media all and (max-width: 1024px){#kt-layout-id_0a806d-58 .kt-row-layout-bottom-sep svg{width:%;}}@media all and (max-width: 767px){#kt-layout-id_0a806d-58 > .kt-row-column-wrap{min-height:300px;grid-template-columns:minmax(0, 1fr);}#kt-layout-id_0a806d-58 .kt-row-layout-bottom-sep{height:px;}#kt-layout-id_0a806d-58 .kt-row-layout-bottom-sep svg{width:%;}}<\/style>\n<div class=\"wp-block-kadence-rowlayout alignfull\"><div id=\"kt-layout-id_0a806d-58\" class=\"kt-row-layout-inner kt-row-has-bg kt-layout-id_0a806d-58\"><div class=\"kt-row-layout-overlay kt-row-overlay-gradient\"><\/div><div class=\"kt-row-column-wrap kt-has-1-columns kt-gutter-default kt-v-gutter-default kt-row-valign-bottom kt-row-layout-equal kt-tab-layout-inherit kt-m-colapse-left-to-right kt-mobile-layout-row\"><style>.kadence-column_901184-25 > .kt-inside-inner-col{border-top-width:0px;border-right-width:0px;border-bottom-width:0px;border-left-width:0px;}.kadence-column_901184-25 > .kt-inside-inner-col,.kadence-column_901184-25 > .kt-inside-inner-col:before{border-top-left-radius:0px;border-top-right-radius:0px;border-bottom-right-radius:0px;border-bottom-left-radius:0px;}.kadence-column_901184-25 > .kt-inside-inner-col{column-gap:var(--global-kb-gap-sm, 1rem);}.kadence-column_901184-25 > .kt-inside-inner-col{flex-direction:column;}.kadence-column_901184-25 > .kt-inside-inner-col > .aligncenter{width:100%;}.kadence-column_901184-25 > .kt-inside-inner-col:before{opacity:0.3;}.kadence-column_901184-25{position:relative;}@media all and (max-width: 1024px){.kadence-column_901184-25 > .kt-inside-inner-col{flex-direction:column;}}@media all and (max-width: 767px){.kadence-column_901184-25 > .kt-inside-inner-col{flex-direction:column;}}<\/style>\n<div class=\"wp-block-kadence-column inner-column-1 kadence-column_901184-25\"><div class=\"kt-inside-inner-col\"><style>.wp-block-kadence-advancedheading.kt-adv-heading_9ab350-53, .wp-block-kadence-advancedheading.kt-adv-heading_9ab350-53[data-kb-block=\"kb-adv-heading_9ab350-53\"]{text-align:center;font-style:normal;text-transform:uppercase;text-shadow:1px 1px 20px rgba(221,215,215,0.7);}.wp-block-kadence-advancedheading.kt-adv-heading_9ab350-53 mark, .wp-block-kadence-advancedheading.kt-adv-heading_9ab350-53[data-kb-block=\"kb-adv-heading_9ab350-53\"] mark{font-style:normal;color:#f76a0c;padding-top:0px;padding-right:0px;padding-bottom:0px;padding-left:0px;}<\/style>\n<h1 class=\"kt-adv-heading_9ab350-53 wp-block-kadence-advancedheading has-theme-palette-4-color has-text-color\" data-kb-block=\"kb-adv-heading_9ab350-53\">Actualit\u00e9s<\/h1>\n\n\n\n<p><\/p>\n<\/div><\/div>\n<\/div><\/div><\/div>\n\n\n<style>#kt-layout-id_66b58e-64 > .kt-row-column-wrap{align-content:start;}:where(#kt-layout-id_66b58e-64 > .kt-row-column-wrap) > .wp-block-kadence-column{justify-content:start;}#kt-layout-id_66b58e-64 > .kt-row-column-wrap{column-gap:var(--global-kb-gap-md, 2rem);row-gap:var(--global-kb-gap-md, 2rem);padding-top:var( --global-kb-row-default-top, 25px );padding-bottom:var( --global-kb-row-default-bottom, 25px );padding-top:0px;grid-template-columns:minmax(0, 1fr);}#kt-layout-id_66b58e-64 > .kt-row-layout-overlay{opacity:0.30;}@media all and (max-width: 1024px){#kt-layout-id_66b58e-64 > .kt-row-column-wrap{grid-template-columns:minmax(0, 1fr);}}@media all and (max-width: 767px){#kt-layout-id_66b58e-64 > .kt-row-column-wrap{grid-template-columns:minmax(0, 1fr);}}<\/style>\n<div class=\"wp-block-kadence-rowlayout alignwide\"><div id=\"kt-layout-id_66b58e-64\" class=\"kt-row-layout-inner kt-layout-id_66b58e-64\"><div class=\"kt-row-column-wrap kt-has-1-columns kt-gutter-default kt-v-gutter-default kt-row-valign-top kt-row-layout-equal kt-tab-layout-inherit kt-m-colapse-left-to-right kt-mobile-layout-row\"><style>.kadence-column_22ea59-0d > .kt-inside-inner-col{border-top-width:0px;border-right-width:0px;border-bottom-width:0px;border-left-width:0px;}.kadence-column_22ea59-0d > .kt-inside-inner-col,.kadence-column_22ea59-0d > .kt-inside-inner-col:before{border-top-left-radius:0px;border-top-right-radius:0px;border-bottom-right-radius:0px;border-bottom-left-radius:0px;}.kadence-column_22ea59-0d > .kt-inside-inner-col{column-gap:var(--global-kb-gap-sm, 1rem);}.kadence-column_22ea59-0d > .kt-inside-inner-col{flex-direction:column;}.kadence-column_22ea59-0d > .kt-inside-inner-col > .aligncenter{width:100%;}.kadence-column_22ea59-0d > .kt-inside-inner-col:before{opacity:0.3;}.kadence-column_22ea59-0d{position:relative;}@media all and (max-width: 1024px){.kadence-column_22ea59-0d > .kt-inside-inner-col{flex-direction:column;}}@media all and (max-width: 767px){.kadence-column_22ea59-0d > .kt-inside-inner-col{flex-direction:column;}}<\/style>\n<div class=\"wp-block-kadence-column inner-column-1 kadence-column_22ea59-0d\"><div class=\"kt-inside-inner-col\"><style>.wp-block-kadence-advancedheading.kt-adv-heading_41459a-89, .wp-block-kadence-advancedheading.kt-adv-heading_41459a-89[data-kb-block=\"kb-adv-heading_41459a-89\"]{margin-top:5%;text-align:center;font-style:normal;}.wp-block-kadence-advancedheading.kt-adv-heading_41459a-89 mark, .wp-block-kadence-advancedheading.kt-adv-heading_41459a-89[data-kb-block=\"kb-adv-heading_41459a-89\"] mark{font-style:normal;color:#f76a0c;padding-top:0px;padding-right:0px;padding-bottom:0px;padding-left:0px;}@media all and (max-width: 1024px){.wp-block-kadence-advancedheading.kt-adv-heading_41459a-89, .wp-block-kadence-advancedheading.kt-adv-heading_41459a-89[data-kb-block=\"kb-adv-heading_41459a-89\"]{margin-top:5%;}}@media all and (max-width: 767px){.wp-block-kadence-advancedheading.kt-adv-heading_41459a-89, .wp-block-kadence-advancedheading.kt-adv-heading_41459a-89[data-kb-block=\"kb-adv-heading_41459a-89\"]{margin-top:5%;}}<\/style>\n<h5 class=\"kt-adv-heading_41459a-89 wp-block-kadence-advancedheading\" data-kb-block=\"kb-adv-heading_41459a-89\">Toutes les actualit\u00e9s du groupe MGI<\/h5>\n\n\n\n<p class=\"has-text-align-center\">D\u00e9couvrez nos articles et nos communications. Venez nous retrouver lors d&rsquo;un de nos nombreux \u00e9v\u00e8nements r\u00e9pertori\u00e9s dans l&rsquo;agenda.<\/p>\n\n\n<style>.wp-block-kadence-advancedgallery.kb-gallery-wrap-id-_5933df-bf{margin-top:2%;margin-right:2%;margin-bottom:2%;margin-left:2%;}.wp-block-kadence-advancedgallery .kb-gallery-type-grid.kb-gallery-id-_5933df-bf{margin:-2.5px;}.kb-gallery-type-grid.kb-gallery-id-_5933df-bf .kadence-blocks-gallery-item{padding:2.5px;}.kb-gallery-id-_5933df-bf .kadence-blocks-gallery-item .kb-gal-image-radius{border-radius:0px 0px 0px 0px;}.kb-gallery-id-_5933df-bf .kadence-blocks-gallery-item .kadence-blocks-gallery-item-inner .kadence-blocks-gallery-item__caption{color:var(--global-palette4, #2D3748);background:linear-gradient( 0deg, rgba(248, 249, 250, 0) 0, rgba(248, 249, 250, 0) 100% );font-size:1.2em;line-height:1.4em;text-transform:uppercase;}.kb-gallery-caption-style-cover-hover.kb-gallery-id-_5933df-bf .kadence-blocks-gallery-item .kadence-blocks-gallery-item-inner .kadence-blocks-gallery-item__caption, .kb-gallery-caption-style-below.kb-gallery-id-_5933df-bf .kadence-blocks-gallery-item .kadence-blocks-gallery-item-inner .kadence-blocks-gallery-item__caption{background:rgba(248, 249, 250, 0);}@media all and (max-width: 1024px){.wp-block-kadence-advancedgallery.kb-gallery-wrap-id-_5933df-bf{margin-top:2%;margin-right:2%;margin-bottom:2%;margin-left:2%;}}@media all and (max-width: 1024px){.wp-block-kadence-advancedgallery .kb-gallery-type-grid.kb-gallery-id-_5933df-bf{margin:-2.5px;}}@media all and (max-width: 1024px){.kb-gallery-type-grid.kb-gallery-id-_5933df-bf .kadence-blocks-gallery-item{padding:2.5px;}}@media all and (max-width: 1024px){.kb-gallery-id-_5933df-bf .kadence-blocks-gallery-item .kadence-blocks-gallery-item-inner .kadence-blocks-gallery-item__caption{font-size:1em;line-height:1.2em;}}@media all and (max-width: 767px){.wp-block-kadence-advancedgallery.kb-gallery-wrap-id-_5933df-bf{margin-top:2%;margin-right:2%;margin-bottom:2%;margin-left:2%;}.wp-block-kadence-advancedgallery .kb-gallery-type-grid.kb-gallery-id-_5933df-bf{margin:-2.5px;}.kb-gallery-type-grid.kb-gallery-id-_5933df-bf .kadence-blocks-gallery-item{padding:2.5px;}.kb-gallery-id-_5933df-bf .kadence-blocks-gallery-item .kadence-blocks-gallery-item-inner .kadence-blocks-gallery-item__caption{font-size:0.8em;line-height:1em;}}<\/style>\n<div class=\"wp-block-kadence-advancedgallery kb-gallery-wrap-id-_5933df-bf\"><ul class=\"kb-gallery-ul kb-gallery-type-grid kb-gallery-id-_5933df-bf kb-gallery-caption-style-below kb-gallery-filter-none\" data-item-selector=\".kadence-blocks-gallery-item\" data-image-filter=\"none\" data-lightbox-caption=\"true\" data-columns-xxl=\"3\" data-columns-xl=\"3\" data-columns-lg=\"3\" data-columns-md=\"2\" data-columns-sm=\"2\" data-columns-xs=\"2\"><li class=\"kadence-blocks-gallery-item\"><div class=\"kadence-blocks-gallery-item-inner\"><figure class=\"kb-gallery-figure kb-gallery-item-has-link kadence-blocks-gallery-item-has-caption kb-has-image-ratio-land169\"><a href=\"http:\/\/mgi-nouveau-site.mgi-labs.com\/actualites\/agenda\/\" class=\"kb-gallery-item-link\"><div class=\"kb-gal-image-radius\"><div class=\"kb-gallery-image-contain kadence-blocks-gallery-intrinsic kb-gallery-image-ratio-land169\"><img decoding=\"async\" loading=\"lazy\" src=\"http:\/\/mgi-nouveau-site.mgi-labs.com\/wp-content\/uploads\/2022\/01\/MGI-Salon-Alex-Clients.jpg\" width=\"1920\" height=\"1059\" alt=\"\" data-full-image=\"http:\/\/mgi-nouveau-site.mgi-labs.com\/wp-content\/uploads\/2022\/01\/MGI-Salon-Alex-Clients.jpg\" data-light-image=\"http:\/\/mgi-nouveau-site.mgi-labs.com\/wp-content\/uploads\/2022\/01\/MGI-Salon-Alex-Clients.jpg\" data-id=\"3147\" data-link=\"http:\/\/mgi-nouveau-site.mgi-labs.com\/actualites\/agenda\/mgi-salon-alex-clients\/\" data-custom-link=\"http:\/\/mgi-nouveau-site.mgi-labs.com\/actualites\/agenda\/\" class=\"wp-image-3147undefined\" srcset=\"http:\/\/mgi-nouveau-site.mgi-labs.com\/wp-content\/uploads\/2022\/01\/MGI-Salon-Alex-Clients.jpg 1920w, http:\/\/mgi-nouveau-site.mgi-labs.com\/wp-content\/uploads\/2022\/01\/MGI-Salon-Alex-Clients-300x165.jpg 300w, http:\/\/mgi-nouveau-site.mgi-labs.com\/wp-content\/uploads\/2022\/01\/MGI-Salon-Alex-Clients-1024x565.jpg 1024w, http:\/\/mgi-nouveau-site.mgi-labs.com\/wp-content\/uploads\/2022\/01\/MGI-Salon-Alex-Clients-768x424.jpg 768w, http:\/\/mgi-nouveau-site.mgi-labs.com\/wp-content\/uploads\/2022\/01\/MGI-Salon-Alex-Clients-1536x847.jpg 1536w\" sizes=\"(max-width: 1920px) 100vw, 1920px\" \/><\/div><\/div><div class=\"kadence-blocks-gallery-item__caption\">Agenda<\/div><\/a><\/figure><\/div><\/li><li class=\"kadence-blocks-gallery-item\"><div class=\"kadence-blocks-gallery-item-inner\"><figure class=\"kb-gallery-figure kb-gallery-item-has-link kadence-blocks-gallery-item-has-caption kb-has-image-ratio-land169\"><a href=\"http:\/\/mgi-nouveau-site.mgi-labs.com\/actualites\/blog\/\" class=\"kb-gallery-item-link\"><div class=\"kb-gal-image-radius\"><div class=\"kb-gallery-image-contain kadence-blocks-gallery-intrinsic kb-gallery-image-ratio-land169\"><img decoding=\"async\" loading=\"lazy\" src=\"http:\/\/mgi-nouveau-site.mgi-labs.com\/wp-content\/uploads\/2022\/02\/Blog-Banniere-01.jpg\" width=\"1920\" height=\"1280\" alt=\"\" data-full-image=\"http:\/\/mgi-nouveau-site.mgi-labs.com\/wp-content\/uploads\/2022\/02\/Blog-Banniere-01.jpg\" data-light-image=\"http:\/\/mgi-nouveau-site.mgi-labs.com\/wp-content\/uploads\/2022\/02\/Blog-Banniere-01.jpg\" data-id=\"3269\" data-link=\"http:\/\/mgi-nouveau-site.mgi-labs.com\/blog-banniere-01\/\" data-custom-link=\"http:\/\/mgi-nouveau-site.mgi-labs.com\/actualites\/blog\/\" class=\"wp-image-3269undefined\" srcset=\"http:\/\/mgi-nouveau-site.mgi-labs.com\/wp-content\/uploads\/2022\/02\/Blog-Banniere-01.jpg 1920w, http:\/\/mgi-nouveau-site.mgi-labs.com\/wp-content\/uploads\/2022\/02\/Blog-Banniere-01-300x200.jpg 300w, http:\/\/mgi-nouveau-site.mgi-labs.com\/wp-content\/uploads\/2022\/02\/Blog-Banniere-01-1024x683.jpg 1024w, http:\/\/mgi-nouveau-site.mgi-labs.com\/wp-content\/uploads\/2022\/02\/Blog-Banniere-01-768x512.jpg 768w, http:\/\/mgi-nouveau-site.mgi-labs.com\/wp-content\/uploads\/2022\/02\/Blog-Banniere-01-1536x1024.jpg 1536w\" sizes=\"(max-width: 1920px) 100vw, 1920px\" \/><\/div><\/div><div class=\"kadence-blocks-gallery-item__caption\">Blog<\/div><\/a><\/figure><\/div><\/li><li class=\"kadence-blocks-gallery-item\"><div class=\"kadence-blocks-gallery-item-inner\"><figure class=\"kb-gallery-figure kb-gallery-item-has-link kadence-blocks-gallery-item-has-caption kb-has-image-ratio-land169\"><a href=\"http:\/\/mgi-nouveau-site.mgi-labs.com\/actualites\/communiques\/\" class=\"kb-gallery-item-link\"><div class=\"kb-gal-image-radius\"><div class=\"kb-gallery-image-contain kadence-blocks-gallery-intrinsic kb-gallery-image-ratio-land169\"><img decoding=\"async\" loading=\"lazy\" src=\"http:\/\/mgi-nouveau-site.mgi-labs.com\/wp-content\/uploads\/2022\/02\/Communiques-Banniere-01.jpg\" width=\"1920\" height=\"1277\" alt=\"\" data-full-image=\"http:\/\/mgi-nouveau-site.mgi-labs.com\/wp-content\/uploads\/2022\/02\/Communiques-Banniere-01.jpg\" data-light-image=\"http:\/\/mgi-nouveau-site.mgi-labs.com\/wp-content\/uploads\/2022\/02\/Communiques-Banniere-01.jpg\" data-id=\"3268\" data-link=\"http:\/\/mgi-nouveau-site.mgi-labs.com\/communiques-banniere-01\/\" data-custom-link=\"http:\/\/mgi-nouveau-site.mgi-labs.com\/actualites\/communiques\/\" class=\"wp-image-3268undefined\" srcset=\"http:\/\/mgi-nouveau-site.mgi-labs.com\/wp-content\/uploads\/2022\/02\/Communiques-Banniere-01.jpg 1920w, http:\/\/mgi-nouveau-site.mgi-labs.com\/wp-content\/uploads\/2022\/02\/Communiques-Banniere-01-300x200.jpg 300w, http:\/\/mgi-nouveau-site.mgi-labs.com\/wp-content\/uploads\/2022\/02\/Communiques-Banniere-01-1024x681.jpg 1024w, http:\/\/mgi-nouveau-site.mgi-labs.com\/wp-content\/uploads\/2022\/02\/Communiques-Banniere-01-768x511.jpg 768w, http:\/\/mgi-nouveau-site.mgi-labs.com\/wp-content\/uploads\/2022\/02\/Communiques-Banniere-01-1536x1022.jpg 1536w\" sizes=\"(max-width: 1920px) 100vw, 1920px\" \/><\/div><\/div><div class=\"kadence-blocks-gallery-item__caption\">Communiqu\u00e9s de presse<\/div><\/a><\/figure><\/div><\/li><\/ul><\/div>\n<\/div><\/div>\n<\/div><\/div><\/div>\n","protected":false},"excerpt":{"rendered":"<p>News All MGI Group news Discover our articles and communications. Come and meet us at one of our many events listed in the agenda.<\/p>","protected":false},"author":1,"featured_media":3190,"parent":0,"menu_order":0,"comment_status":"closed","ping_status":"closed","template":"","meta":{"_kad_post_transparent":"","_kad_post_title":"hide","_kad_post_layout":"","_kad_post_sidebar_id":"","_kad_post_content_style":"unboxed","_kad_post_vertical_padding":"hide","_kad_post_feature":"","_kad_post_feature_position":"","_kad_post_header":false,"_kad_post_footer":false},"yoast_head":"<!-- This site is optimized with the Yoast SEO plugin v21.1 - https:\/\/yoast.com\/wordpress\/plugins\/seo\/ -->\n<title>Actualit\u00e9s - MGI Digital Technology<\/title>\n<meta name=\"robots\" content=\"noindex, follow, max-snippet:-1, max-image-preview:large, max-video-preview:-1\" \/>\n<meta property=\"og:locale\" content=\"en_US\" \/>\n<meta property=\"og:type\" content=\"article\" \/>\n<meta property=\"og:title\" content=\"Actualit\u00e9s - MGI Digital Technology\" \/>\n<meta property=\"og:description\" content=\"Actualit\u00e9s Toutes les actualit\u00e9s du groupe MGI D\u00e9couvrez nos articles et nos communications. Venez nous retrouver lors d&rsquo;un de nos nombreux \u00e9v\u00e8nements r\u00e9pertori\u00e9s dans l&rsquo;agenda.\" \/>\n<meta property=\"og:url\" content=\"http:\/\/mgi-nouveau-site.mgi-labs.com\/en\/news\/\" \/>\n<meta property=\"og:site_name\" content=\"MGI Digital Technology\" \/>\n<meta property=\"article:publisher\" content=\"https:\/\/m.facebook.com\/MGIonline\/\" \/>\n<meta property=\"article:modified_time\" content=\"2022-03-11T10:26:03+00:00\" \/>\n<meta property=\"og:image\" content=\"https:\/\/mgi-nouveau-site.mgi-labs.com\/wp-content\/uploads\/2022\/01\/Actualites-Banniere.jpg\" \/>\n\t<meta property=\"og:image:width\" content=\"1920\" \/>\n\t<meta property=\"og:image:height\" content=\"1280\" \/>\n\t<meta property=\"og:image:type\" content=\"image\/jpeg\" \/>\n<meta name=\"twitter:card\" content=\"summary_large_image\" \/>\n<meta name=\"twitter:site\" content=\"@MGI_HQ\" \/>\n<script type=\"application\/ld+json\" class=\"yoast-schema-graph\">{\"@context\":\"https:\/\/schema.org\",\"@graph\":[{\"@type\":\"WebPage\",\"@id\":\"https:\/\/mgi-nouveau-site.mgi-labs.com\/actualites\/\",\"url\":\"https:\/\/mgi-nouveau-site.mgi-labs.com\/actualites\/\",\"name\":\"Actualit\u00e9s - MGI Digital Technology\",\"isPartOf\":{\"@id\":\"https:\/\/mgi-nouveau-site.mgi-labs.com\/#website\"},\"datePublished\":\"2022-01-31T15:06:20+00:00\",\"dateModified\":\"2022-03-11T10:26:03+00:00\",\"breadcrumb\":{\"@id\":\"https:\/\/mgi-nouveau-site.mgi-labs.com\/actualites\/#breadcrumb\"},\"inLanguage\":\"en-US\",\"potentialAction\":[{\"@type\":\"ReadAction\",\"target\":[\"https:\/\/mgi-nouveau-site.mgi-labs.com\/actualites\/\"]}]},{\"@type\":\"BreadcrumbList\",\"@id\":\"https:\/\/mgi-nouveau-site.mgi-labs.com\/actualites\/#breadcrumb\",\"itemListElement\":[{\"@type\":\"ListItem\",\"position\":1,\"name\":\"Accueil\",\"item\":\"https:\/\/mgi-nouveau-site.mgi-labs.com\/\"},{\"@type\":\"ListItem\",\"position\":2,\"name\":\"Actualit\u00e9s\"}]},{\"@type\":\"WebSite\",\"@id\":\"https:\/\/mgi-nouveau-site.mgi-labs.com\/#website\",\"url\":\"https:\/\/mgi-nouveau-site.mgi-labs.com\/\",\"name\":\"MGI Digital Technology\",\"description\":\"Leader des technologies d\u2019impression et de finitions num\u00e9riques\",\"publisher\":{\"@id\":\"https:\/\/mgi-nouveau-site.mgi-labs.com\/#organization\"},\"potentialAction\":[{\"@type\":\"SearchAction\",\"target\":{\"@type\":\"EntryPoint\",\"urlTemplate\":\"https:\/\/mgi-nouveau-site.mgi-labs.com\/?s={search_term_string}\"},\"query-input\":\"required name=search_term_string\"}],\"inLanguage\":\"en-US\"},{\"@type\":\"Organization\",\"@id\":\"https:\/\/mgi-nouveau-site.mgi-labs.com\/#organization\",\"name\":\"MGI Digital Technology\",\"url\":\"https:\/\/mgi-nouveau-site.mgi-labs.com\/\",\"logo\":{\"@type\":\"ImageObject\",\"inLanguage\":\"en-US\",\"@id\":\"https:\/\/mgi-nouveau-site.mgi-labs.com\/#\/schema\/logo\/image\/\",\"url\":\"http:\/\/mgi-nouveau-site.mgi-labs.com\/wp-content\/uploads\/2022\/01\/Logo-MGI-Blue-Baseline.jpg\",\"contentUrl\":\"http:\/\/mgi-nouveau-site.mgi-labs.com\/wp-content\/uploads\/2022\/01\/Logo-MGI-Blue-Baseline.jpg\",\"width\":842,\"height\":595,\"caption\":\"MGI Digital Technology\"},\"image\":{\"@id\":\"https:\/\/mgi-nouveau-site.mgi-labs.com\/#\/schema\/logo\/image\/\"},\"sameAs\":[\"https:\/\/m.facebook.com\/MGIonline\/\",\"https:\/\/twitter.com\/MGI_HQ\",\"https:\/\/www.linkedin.com\/company\/mgi-digital-graphic-technology\/\",\"https:\/\/www.youtube.com\/channel\/UCqJTeVGo2EQ3NOCqFMekydA\"]}]}<\/script>\n<!-- \/ Yoast SEO plugin. -->","yoast_head_json":{"title":"News - MGI Digital Technology","robots":{"index":"noindex","follow":"follow","max-snippet":"max-snippet:-1","max-image-preview":"max-image-preview:large","max-video-preview":"max-video-preview:-1"},"og_locale":"en_US","og_type":"article","og_title":"Actualit\u00e9s - MGI Digital Technology","og_description":"Actualit\u00e9s Toutes les actualit\u00e9s du groupe MGI D\u00e9couvrez nos articles et nos communications. Venez nous retrouver lors d&rsquo;un de nos nombreux \u00e9v\u00e8nements r\u00e9pertori\u00e9s dans l&rsquo;agenda.","og_url":"http:\/\/mgi-nouveau-site.mgi-labs.com\/en\/news\/","og_site_name":"MGI Digital Technology","article_publisher":"https:\/\/m.facebook.com\/MGIonline\/","article_modified_time":"2022-03-11T10:26:03+00:00","og_image":[{"width":1920,"height":1280,"url":"https:\/\/mgi-nouveau-site.mgi-labs.com\/wp-content\/uploads\/2022\/01\/Actualites-Banniere.jpg","type":"image\/jpeg"}],"twitter_card":"summary_large_image","twitter_site":"@MGI_HQ","schema":{"@context":"https:\/\/schema.org","@graph":[{"@type":"WebPage","@id":"https:\/\/mgi-nouveau-site.mgi-labs.com\/actualites\/","url":"https:\/\/mgi-nouveau-site.mgi-labs.com\/actualites\/","name":"News - MGI Digital Technology","isPartOf":{"@id":"https:\/\/mgi-nouveau-site.mgi-labs.com\/#website"},"datePublished":"2022-01-31T15:06:20+00:00","dateModified":"2022-03-11T10:26:03+00:00","breadcrumb":{"@id":"https:\/\/mgi-nouveau-site.mgi-labs.com\/actualites\/#breadcrumb"},"inLanguage":"en-US","potentialAction":[{"@type":"ReadAction","target":["https:\/\/mgi-nouveau-site.mgi-labs.com\/actualites\/"]}]},{"@type":"BreadcrumbList","@id":"https:\/\/mgi-nouveau-site.mgi-labs.com\/actualites\/#breadcrumb","itemListElement":[{"@type":"ListItem","position":1,"name":"Accueil","item":"https:\/\/mgi-nouveau-site.mgi-labs.com\/"},{"@type":"ListItem","position":2,"name":"Actualit\u00e9s"}]},{"@type":"WebSite","@id":"https:\/\/mgi-nouveau-site.mgi-labs.com\/#website","url":"https:\/\/mgi-nouveau-site.mgi-labs.com\/","name":"MGI Digital Technology","description":"Leader in digital printing and finishing technologies","publisher":{"@id":"https:\/\/mgi-nouveau-site.mgi-labs.com\/#organization"},"potentialAction":[{"@type":"SearchAction","target":{"@type":"EntryPoint","urlTemplate":"https:\/\/mgi-nouveau-site.mgi-labs.com\/?s={search_term_string}"},"query-input":"required name=search_term_string"}],"inLanguage":"en-US"},{"@type":"Organization","@id":"https:\/\/mgi-nouveau-site.mgi-labs.com\/#organization","name":"MGI Digital Technology","url":"https:\/\/mgi-nouveau-site.mgi-labs.com\/","logo":{"@type":"ImageObject","inLanguage":"en-US","@id":"https:\/\/mgi-nouveau-site.mgi-labs.com\/#\/schema\/logo\/image\/","url":"http:\/\/mgi-nouveau-site.mgi-labs.com\/wp-content\/uploads\/2022\/01\/Logo-MGI-Blue-Baseline.jpg","contentUrl":"http:\/\/mgi-nouveau-site.mgi-labs.com\/wp-content\/uploads\/2022\/01\/Logo-MGI-Blue-Baseline.jpg","width":842,"height":595,"caption":"MGI Digital Technology"},"image":{"@id":"https:\/\/mgi-nouveau-site.mgi-labs.com\/#\/schema\/logo\/image\/"},"sameAs":["https:\/\/m.facebook.com\/MGIonline\/","https:\/\/twitter.com\/MGI_HQ","https:\/\/www.linkedin.com\/company\/mgi-digital-graphic-technology\/","https:\/\/www.youtube.com\/channel\/UCqJTeVGo2EQ3NOCqFMekydA"]}]}},"_links":{"self":[{"href":"http:\/\/mgi-nouveau-site.mgi-labs.com\/en\/wp-json\/wp\/v2\/pages\/3186"}],"collection":[{"href":"http:\/\/mgi-nouveau-site.mgi-labs.com\/en\/wp-json\/wp\/v2\/pages"}],"about":[{"href":"http:\/\/mgi-nouveau-site.mgi-labs.com\/en\/wp-json\/wp\/v2\/types\/page"}],"author":[{"embeddable":true,"href":"http:\/\/mgi-nouveau-site.mgi-labs.com\/en\/wp-json\/wp\/v2\/users\/1"}],"replies":[{"embeddable":true,"href":"http:\/\/mgi-nouveau-site.mgi-labs.com\/en\/wp-json\/wp\/v2\/comments?post=3186"}],"version-history":[{"count":15,"href":"http:\/\/mgi-nouveau-site.mgi-labs.com\/en\/wp-json\/wp\/v2\/pages\/3186\/revisions"}],"predecessor-version":[{"id":5870,"href":"http:\/\/mgi-nouveau-site.mgi-labs.com\/en\/wp-json\/wp\/v2\/pages\/3186\/revisions\/5870"}],"wp:featuredmedia":[{"embeddable":true,"href":"http:\/\/mgi-nouveau-site.mgi-labs.com\/en\/wp-json\/wp\/v2\/media\/3190"}],"wp:attachment":[{"href":"http:\/\/mgi-nouveau-site.mgi-labs.com\/en\/wp-json\/wp\/v2\/media?parent=3186"}],"curies":[{"name":"wp","href":"https:\/\/api.w.org\/{rel}","templated":true}]}}