{"id":3197,"date":"2022-01-31T15:50:10","date_gmt":"2022-01-31T15:50:10","guid":{"rendered":"http:\/\/mgi-nouveau-site.mgi-labs.com\/?page_id=3197"},"modified":"2022-03-11T11:27:34","modified_gmt":"2022-03-11T10:27:34","slug":"ethique","status":"publish","type":"page","link":"http:\/\/mgi-nouveau-site.mgi-labs.com\/en\/company\/ethics\/","title":{"rendered":"Ethics"},"content":{"rendered":"<style>#kt-layout-id_3b4d01-31 > .kt-row-column-wrap{align-content:end;}:where(#kt-layout-id_3b4d01-31 > .kt-row-column-wrap) > .wp-block-kadence-column{justify-content:end;}#kt-layout-id_3b4d01-31 > .kt-row-column-wrap{column-gap:var(--global-kb-gap-md, 2rem);row-gap:var(--global-kb-gap-md, 2rem);max-width:1600px;margin-left:auto;margin-right:auto;padding-top:var( --global-kb-row-default-top, 25px );padding-bottom:var( --global-kb-row-default-bottom, 25px );padding-top:20px;padding-bottom:20px;min-height:500px;grid-template-columns:minmax(0, 1fr);}#kt-layout-id_3b4d01-31{background-image:url('http:\/\/mgi-nouveau-site.mgi-labs.com\/wp-content\/uploads\/2022\/01\/Banniere-Ethique.jpg');background-size:cover;background-position:56.00000000000001% 56.00000000000001%;background-attachment:scroll;background-repeat:no-repeat;}#kt-layout-id_3b4d01-31 > .kt-row-layout-overlay{opacity:0.87;background-image:linear-gradient(180deg, rgba(255, 255, 255, 0) 54%, var(--global-palette5, #4A5568) 79%);}#kt-layout-id_3b4d01-31 ,#kt-layout-id_3b4d01-31 h1,#kt-layout-id_3b4d01-31 h2,#kt-layout-id_3b4d01-31 h3,#kt-layout-id_3b4d01-31 h4,#kt-layout-id_3b4d01-31 h5,#kt-layout-id_3b4d01-31 h6{color:#ffffff;}#kt-layout-id_3b4d01-31 .kt-row-layout-bottom-sep{height:100px;}#kt-layout-id_3b4d01-31 .kt-row-layout-bottom-sep svg{width:100%;}#kt-layout-id_3b4d01-31 .kt-row-layout-bottom-sep svg{fill:#ffffff!important;}@media all and (max-width: 1024px){#kt-layout-id_3b4d01-31 > .kt-row-column-wrap{min-height:300px;grid-template-columns:minmax(0, 1fr);}}@media all and (max-width: 1024px){#kt-layout-id_3b4d01-31 .kt-row-layout-bottom-sep{height:px;}}@media all and (max-width: 1024px){#kt-layout-id_3b4d01-31 .kt-row-layout-bottom-sep svg{width:%;}}@media all and (max-width: 767px){#kt-layout-id_3b4d01-31 > .kt-row-column-wrap{min-height:300px;grid-template-columns:minmax(0, 1fr);}#kt-layout-id_3b4d01-31 .kt-row-layout-bottom-sep{height:px;}#kt-layout-id_3b4d01-31 .kt-row-layout-bottom-sep svg{width:%;}}<\/style>\n<div class=\"wp-block-kadence-rowlayout alignfull\"><div id=\"kt-layout-id_3b4d01-31\" class=\"kt-row-layout-inner kt-row-has-bg kt-layout-id_3b4d01-31\"><div class=\"kt-row-layout-overlay kt-row-overlay-gradient\"><\/div><div class=\"kt-row-column-wrap kt-has-1-columns kt-gutter-default kt-v-gutter-default kt-row-valign-bottom kt-row-layout-equal kt-tab-layout-inherit kt-m-colapse-left-to-right kt-mobile-layout-row\"><style>.kadence-column_b8857c-c3 > .kt-inside-inner-col{border-top-width:0px;border-right-width:0px;border-bottom-width:0px;border-left-width:0px;}.kadence-column_b8857c-c3 > .kt-inside-inner-col,.kadence-column_b8857c-c3 > .kt-inside-inner-col:before{border-top-left-radius:0px;border-top-right-radius:0px;border-bottom-right-radius:0px;border-bottom-left-radius:0px;}.kadence-column_b8857c-c3 > .kt-inside-inner-col{column-gap:var(--global-kb-gap-sm, 1rem);}.kadence-column_b8857c-c3 > .kt-inside-inner-col{flex-direction:column;}.kadence-column_b8857c-c3 > .kt-inside-inner-col > .aligncenter{width:100%;}.kadence-column_b8857c-c3 > .kt-inside-inner-col:before{opacity:0.3;}.kadence-column_b8857c-c3{position:relative;}@media all and (max-width: 1024px){.kadence-column_b8857c-c3 > .kt-inside-inner-col{flex-direction:column;}}@media all and (max-width: 767px){.kadence-column_b8857c-c3 > .kt-inside-inner-col{flex-direction:column;}}<\/style>\n<div class=\"wp-block-kadence-column inner-column-1 kadence-column_b8857c-c3\"><div class=\"kt-inside-inner-col\"><style>.wp-block-kadence-advancedheading.kt-adv-heading_1770e5-f5, .wp-block-kadence-advancedheading.kt-adv-heading_1770e5-f5[data-kb-block=\"kb-adv-heading_1770e5-f5\"]{text-align:center;font-style:normal;text-transform:uppercase;text-shadow:1px 1px 40px var(--global-palette5, #4A5568);}.wp-block-kadence-advancedheading.kt-adv-heading_1770e5-f5 mark, .wp-block-kadence-advancedheading.kt-adv-heading_1770e5-f5[data-kb-block=\"kb-adv-heading_1770e5-f5\"] mark{font-style:normal;color:#f76a0c;padding-top:0px;padding-right:0px;padding-bottom:0px;padding-left:0px;}<\/style>\n<h1 class=\"kt-adv-heading_1770e5-f5 wp-block-kadence-advancedheading has-theme-palette-9-color has-text-color\" data-kb-block=\"kb-adv-heading_1770e5-f5\">\u00e9thique<\/h1>\n\n\n\n<p><\/p>\n<\/div><\/div>\n<\/div><\/div><\/div>\n\n\n<style>.wp-block-kadence-advancedheading.kt-adv-heading_146eaf-bc, .wp-block-kadence-advancedheading.kt-adv-heading_146eaf-bc[data-kb-block=\"kb-adv-heading_146eaf-bc\"]{margin-top:3%;margin-bottom:3%;text-align:center;font-style:normal;}.wp-block-kadence-advancedheading.kt-adv-heading_146eaf-bc mark, .wp-block-kadence-advancedheading.kt-adv-heading_146eaf-bc[data-kb-block=\"kb-adv-heading_146eaf-bc\"] mark{font-style:normal;color:#f76a0c;padding-top:0px;padding-right:0px;padding-bottom:0px;padding-left:0px;}@media all and (max-width: 1024px){.wp-block-kadence-advancedheading.kt-adv-heading_146eaf-bc, .wp-block-kadence-advancedheading.kt-adv-heading_146eaf-bc[data-kb-block=\"kb-adv-heading_146eaf-bc\"]{margin-top:4%;margin-bottom:4%;}}@media all and (max-width: 767px){.wp-block-kadence-advancedheading.kt-adv-heading_146eaf-bc, .wp-block-kadence-advancedheading.kt-adv-heading_146eaf-bc[data-kb-block=\"kb-adv-heading_146eaf-bc\"]{margin-top:5%;margin-bottom:5%;}}<\/style>\n<h4 class=\"kt-adv-heading_146eaf-bc wp-block-kadence-advancedheading\" data-kb-block=\"kb-adv-heading_146eaf-bc\">Chez MGI Group, nous conduisons notre activit\u00e9 avec int\u00e9grit\u00e9.<\/h4>\n\n\n\n<p class=\"has-text-align-center\">Nous adoptons au quotidien les normes les plus \u00e9lev\u00e9es en termes d\u2019\u00c9thique et de Responsabilit\u00e9 Sociale des Entreprises, que nous consid\u00e9rons comme l\u2019un des \u00e9l\u00e9ments majeurs de l\u2019Excellence. Ces normes ont pour objectif de favoriser une croissance durable et un avenir meilleur pour nos clients, pour nos employ\u00e9s et pour nos Fournisseurs. Nous sommes d\u00e9termin\u00e9s et veillons \u00e0 travailler avec des Fournisseurs et sous- traitants qui partagent nos valeurs \u00e9thiques et notre fa\u00e7on de travailler.<\/p>\n\n\n<style>#kt-layout-id_b67e7b-0c > .kt-row-column-wrap{align-content:start;}:where(#kt-layout-id_b67e7b-0c > .kt-row-column-wrap) > .wp-block-kadence-column{justify-content:start;}#kt-layout-id_b67e7b-0c > .kt-row-column-wrap{column-gap:40px;row-gap:var(--global-kb-gap-md, 2rem);padding-top:var( --global-kb-row-default-top, 25px );padding-bottom:var( --global-kb-row-default-bottom, 25px );padding-top:2%;padding-bottom:5%;padding-left:2%;padding-right:2%;grid-template-columns:repeat(2, minmax(0, 1fr));}#kt-layout-id_b67e7b-0c > .kt-row-layout-overlay{opacity:0.30;}@media all and (max-width: 1024px){#kt-layout-id_b67e7b-0c > .kt-row-column-wrap{padding-top:2%;padding-right:2%;padding-bottom:2%;padding-left:2%;grid-template-columns:repeat(2, minmax(0, 1fr));}}@media all and (max-width: 767px){#kt-layout-id_b67e7b-0c > .kt-row-column-wrap{padding-top:2%;padding-bottom:2%;padding-left:2%;padding-right:2%;grid-template-columns:minmax(0, 1fr);}}<\/style>\n<div class=\"wp-block-kadence-rowlayout alignwide\"><div id=\"kt-layout-id_b67e7b-0c\" class=\"kt-row-layout-inner kt-layout-id_b67e7b-0c\"><div class=\"kt-row-column-wrap kt-has-2-columns kt-gutter-wide kt-v-gutter-default kt-row-valign-top kt-row-layout-equal kt-tab-layout-inherit kt-m-colapse-left-to-right kt-mobile-layout-row\"><style>.kadence-column_512b45-cb > .kt-inside-inner-col{border-top-width:0px;border-right-width:0px;border-bottom-width:0px;border-left-width:0px;}.kadence-column_512b45-cb > .kt-inside-inner-col,.kadence-column_512b45-cb > .kt-inside-inner-col:before{border-top-left-radius:0px;border-top-right-radius:0px;border-bottom-right-radius:0px;border-bottom-left-radius:0px;}.kadence-column_512b45-cb > .kt-inside-inner-col{column-gap:var(--global-kb-gap-sm, 1rem);}.kadence-column_512b45-cb > .kt-inside-inner-col{flex-direction:column;}.kadence-column_512b45-cb > .kt-inside-inner-col > .aligncenter{width:100%;}.kadence-column_512b45-cb > .kt-inside-inner-col:before{opacity:0.3;}.kadence-column_512b45-cb{position:relative;}@media all and (max-width: 1024px){.kadence-column_512b45-cb > .kt-inside-inner-col{flex-direction:column;}}@media all and (max-width: 767px){.kadence-column_512b45-cb > .kt-inside-inner-col{flex-direction:column;}}<\/style>\n<div class=\"wp-block-kadence-column inner-column-1 kadence-column_512b45-cb\"><div class=\"kt-inside-inner-col\"><style>.kb-image_2a7296-18 .kb-image-has-overlay:after{opacity:0.3;}.kb-image_2a7296-18 img.kb-img, .kb-image_2a7296-18 .kb-img img{border-style:solid;border-color:var(--global-palette8, #F7FAFC);border-top-width:1px;border-right-width:1px;border-bottom-width:3px;border-left-width:3px;border-top-left-radius:5px;border-top-right-radius:5px;border-bottom-right-radius:5px;border-bottom-left-radius:5px;}@media all and (max-width: 1024px){.kb-image_2a7296-18 img.kb-img, .kb-image_2a7296-18 .kb-img img{border-top-width:1px;border-right-width:1px;border-bottom-width:3px;border-left-width:3px;}}@media all and (max-width: 767px){.kb-image_2a7296-18 img.kb-img, .kb-image_2a7296-18 .kb-img img{border-top-width:1px;border-right-width:1px;border-bottom-width:3px;border-left-width:3px;}}<\/style>\n<div class=\"wp-block-kadence-image kb-image_2a7296-18\"><figure class=\"aligncenter size-large\"><a href=\"http:\/\/mgi-nouveau-site.mgi-labs.com\/wp-content\/uploads\/2022\/01\/2022-01-25-MGI-Charte-Ethique-Fournisseurs-WEB.pdf\" class=\"kb-advanced-image-link\" target=\"_blank\" rel=\"noopener noreferrer\"><img decoding=\"async\" loading=\"lazy\" width=\"724\" height=\"1024\" src=\"http:\/\/mgi-nouveau-site.mgi-labs.com\/wp-content\/uploads\/2022\/01\/2022-01-25-MGI-Charte-Ethique-Fournisseurs-FR-724x1024.jpg\" alt=\"\" class=\"kb-img wp-image-3199\" srcset=\"http:\/\/mgi-nouveau-site.mgi-labs.com\/wp-content\/uploads\/2022\/01\/2022-01-25-MGI-Charte-Ethique-Fournisseurs-FR-724x1024.jpg 724w, http:\/\/mgi-nouveau-site.mgi-labs.com\/wp-content\/uploads\/2022\/01\/2022-01-25-MGI-Charte-Ethique-Fournisseurs-FR-212x300.jpg 212w, http:\/\/mgi-nouveau-site.mgi-labs.com\/wp-content\/uploads\/2022\/01\/2022-01-25-MGI-Charte-Ethique-Fournisseurs-FR-768x1086.jpg 768w, http:\/\/mgi-nouveau-site.mgi-labs.com\/wp-content\/uploads\/2022\/01\/2022-01-25-MGI-Charte-Ethique-Fournisseurs-FR.jpg 848w\" sizes=\"(max-width: 724px) 100vw, 724px\" \/><\/a><\/figure><\/div>\n<\/div><\/div>\n\n\n<style>.kadence-column_adf14c-ab > .kt-inside-inner-col{border-top-width:0px;border-right-width:0px;border-bottom-width:0px;border-left-width:0px;}.kadence-column_adf14c-ab > .kt-inside-inner-col,.kadence-column_adf14c-ab > .kt-inside-inner-col:before{border-top-left-radius:0px;border-top-right-radius:0px;border-bottom-right-radius:0px;border-bottom-left-radius:0px;}.kadence-column_adf14c-ab > .kt-inside-inner-col{column-gap:var(--global-kb-gap-sm, 1rem);}.kadence-column_adf14c-ab > .kt-inside-inner-col{flex-direction:column;}.kadence-column_adf14c-ab > .kt-inside-inner-col > .aligncenter{width:100%;}.kadence-column_adf14c-ab > .kt-inside-inner-col:before{opacity:0.3;}.kadence-column_adf14c-ab{position:relative;}@media all and (max-width: 1024px){.kadence-column_adf14c-ab > .kt-inside-inner-col{flex-direction:column;}}@media all and (max-width: 767px){.kadence-column_adf14c-ab > .kt-inside-inner-col{flex-direction:column;}}<\/style>\n<div class=\"wp-block-kadence-column inner-column-2 kadence-column_adf14c-ab\"><div class=\"kt-inside-inner-col\"><style>.kb-image_61f455-ca .kb-image-has-overlay:after{opacity:0.3;}.kb-image_61f455-ca img.kb-img, .kb-image_61f455-ca .kb-img img{border-style:solid;border-color:var(--global-palette8, #F7FAFC);border-top-width:1px;border-right-width:1px;border-bottom-width:3px;border-left-width:3px;border-top-left-radius:5px;border-top-right-radius:5px;border-bottom-right-radius:5px;border-bottom-left-radius:5px;}@media all and (max-width: 1024px){.kb-image_61f455-ca img.kb-img, .kb-image_61f455-ca .kb-img img{border-top-width:1px;border-right-width:1px;border-bottom-width:3px;border-left-width:3px;}}@media all and (max-width: 767px){.kb-image_61f455-ca img.kb-img, .kb-image_61f455-ca .kb-img img{border-top-width:1px;border-right-width:1px;border-bottom-width:3px;border-left-width:3px;}}<\/style>\n<div class=\"wp-block-kadence-image kb-image_61f455-ca\"><figure class=\"aligncenter size-large\"><a href=\"http:\/\/mgi-nouveau-site.mgi-labs.com\/wp-content\/uploads\/2022\/02\/2022-02-01-MGI-Supplier-Ethics-Chart-UK-WEB.pdf\" class=\"kb-advanced-image-link\" target=\"_blank\" rel=\"noopener noreferrer\"><img decoding=\"async\" loading=\"lazy\" width=\"724\" height=\"1024\" src=\"http:\/\/mgi-nouveau-site.mgi-labs.com\/wp-content\/uploads\/2022\/02\/2022-02-01-MGI-Charte-Ethique-Fournisseurs-UK-724x1024.jpg\" alt=\"\" class=\"kb-img wp-image-3215\" srcset=\"http:\/\/mgi-nouveau-site.mgi-labs.com\/wp-content\/uploads\/2022\/02\/2022-02-01-MGI-Charte-Ethique-Fournisseurs-UK-724x1024.jpg 724w, http:\/\/mgi-nouveau-site.mgi-labs.com\/wp-content\/uploads\/2022\/02\/2022-02-01-MGI-Charte-Ethique-Fournisseurs-UK-212x300.jpg 212w, http:\/\/mgi-nouveau-site.mgi-labs.com\/wp-content\/uploads\/2022\/02\/2022-02-01-MGI-Charte-Ethique-Fournisseurs-UK-768x1086.jpg 768w, http:\/\/mgi-nouveau-site.mgi-labs.com\/wp-content\/uploads\/2022\/02\/2022-02-01-MGI-Charte-Ethique-Fournisseurs-UK.jpg 848w\" sizes=\"(max-width: 724px) 100vw, 724px\" \/><\/a><\/figure><\/div>\n<\/div><\/div>\n<\/div><\/div><\/div>\n\n\n\n<p><\/p>\n","protected":false},"excerpt":{"rendered":"<p>ethics At MGI Group, we conduct our business with integrity. Every day, we adopt the highest standards in terms of Ethics and Corporate Social Responsibility, which we consider to be one of the major elements of Excellence. The aim of these standards is to foster sustainable growth and a better future for our customers,...<\/p>","protected":false},"author":1,"featured_media":3198,"parent":661,"menu_order":0,"comment_status":"closed","ping_status":"closed","template":"","meta":{"_kad_post_transparent":"","_kad_post_title":"hide","_kad_post_layout":"","_kad_post_sidebar_id":"","_kad_post_content_style":"unboxed","_kad_post_vertical_padding":"hide","_kad_post_feature":"","_kad_post_feature_position":"","_kad_post_header":false,"_kad_post_footer":false},"yoast_head":"<!-- This site is optimized with the Yoast SEO plugin v21.1 - https:\/\/yoast.com\/wordpress\/plugins\/seo\/ -->\n<title>\u00c9thique - MGI Digital Technology<\/title>\n<meta name=\"robots\" content=\"noindex, follow, max-snippet:-1, max-image-preview:large, max-video-preview:-1\" \/>\n<meta property=\"og:locale\" content=\"en_US\" \/>\n<meta property=\"og:type\" content=\"article\" \/>\n<meta property=\"og:title\" content=\"\u00c9thique - MGI Digital Technology\" \/>\n<meta property=\"og:description\" content=\"\u00e9thique Chez MGI Group, nous conduisons notre activit\u00e9 avec int\u00e9grit\u00e9. Nous adoptons au quotidien les normes les plus \u00e9lev\u00e9es en termes d\u2019\u00c9thique et de Responsabilit\u00e9 Sociale des Entreprises, que nous consid\u00e9rons comme l\u2019un des \u00e9l\u00e9ments majeurs de l\u2019Excellence. Ces normes ont pour objectif de favoriser une croissance durable et un avenir meilleur pour nos clients,...\" \/>\n<meta property=\"og:url\" content=\"http:\/\/mgi-nouveau-site.mgi-labs.com\/en\/company\/ethics\/\" \/>\n<meta property=\"og:site_name\" content=\"MGI Digital Technology\" \/>\n<meta property=\"article:publisher\" content=\"https:\/\/m.facebook.com\/MGIonline\/\" \/>\n<meta property=\"article:modified_time\" content=\"2022-03-11T10:27:34+00:00\" \/>\n<meta property=\"og:image\" content=\"https:\/\/mgi-nouveau-site.mgi-labs.com\/wp-content\/uploads\/2022\/01\/Banniere-Ethique.jpg\" \/>\n\t<meta property=\"og:image:width\" content=\"1920\" \/>\n\t<meta property=\"og:image:height\" content=\"1280\" \/>\n\t<meta property=\"og:image:type\" content=\"image\/jpeg\" \/>\n<meta name=\"twitter:card\" content=\"summary_large_image\" \/>\n<meta name=\"twitter:site\" content=\"@MGI_HQ\" \/>\n<script type=\"application\/ld+json\" class=\"yoast-schema-graph\">{\"@context\":\"https:\/\/schema.org\",\"@graph\":[{\"@type\":\"WebPage\",\"@id\":\"https:\/\/mgi-nouveau-site.mgi-labs.com\/societe\/ethique\/\",\"url\":\"https:\/\/mgi-nouveau-site.mgi-labs.com\/societe\/ethique\/\",\"name\":\"\u00c9thique - MGI Digital Technology\",\"isPartOf\":{\"@id\":\"https:\/\/mgi-nouveau-site.mgi-labs.com\/#website\"},\"datePublished\":\"2022-01-31T15:50:10+00:00\",\"dateModified\":\"2022-03-11T10:27:34+00:00\",\"breadcrumb\":{\"@id\":\"https:\/\/mgi-nouveau-site.mgi-labs.com\/societe\/ethique\/#breadcrumb\"},\"inLanguage\":\"en-US\",\"potentialAction\":[{\"@type\":\"ReadAction\",\"target\":[\"https:\/\/mgi-nouveau-site.mgi-labs.com\/societe\/ethique\/\"]}]},{\"@type\":\"BreadcrumbList\",\"@id\":\"https:\/\/mgi-nouveau-site.mgi-labs.com\/societe\/ethique\/#breadcrumb\",\"itemListElement\":[{\"@type\":\"ListItem\",\"position\":1,\"name\":\"Accueil\",\"item\":\"https:\/\/mgi-nouveau-site.mgi-labs.com\/\"},{\"@type\":\"ListItem\",\"position\":2,\"name\":\"Soci\u00e9t\u00e9\",\"item\":\"http:\/\/mgi-nouveau-site.mgi-labs.com\/societe\/\"},{\"@type\":\"ListItem\",\"position\":3,\"name\":\"\u00c9thique\"}]},{\"@type\":\"WebSite\",\"@id\":\"https:\/\/mgi-nouveau-site.mgi-labs.com\/#website\",\"url\":\"https:\/\/mgi-nouveau-site.mgi-labs.com\/\",\"name\":\"MGI Digital Technology\",\"description\":\"Leader des technologies d\u2019impression et de finitions num\u00e9riques\",\"publisher\":{\"@id\":\"https:\/\/mgi-nouveau-site.mgi-labs.com\/#organization\"},\"potentialAction\":[{\"@type\":\"SearchAction\",\"target\":{\"@type\":\"EntryPoint\",\"urlTemplate\":\"https:\/\/mgi-nouveau-site.mgi-labs.com\/?s={search_term_string}\"},\"query-input\":\"required name=search_term_string\"}],\"inLanguage\":\"en-US\"},{\"@type\":\"Organization\",\"@id\":\"https:\/\/mgi-nouveau-site.mgi-labs.com\/#organization\",\"name\":\"MGI Digital Technology\",\"url\":\"https:\/\/mgi-nouveau-site.mgi-labs.com\/\",\"logo\":{\"@type\":\"ImageObject\",\"inLanguage\":\"en-US\",\"@id\":\"https:\/\/mgi-nouveau-site.mgi-labs.com\/#\/schema\/logo\/image\/\",\"url\":\"http:\/\/mgi-nouveau-site.mgi-labs.com\/wp-content\/uploads\/2022\/01\/Logo-MGI-Blue-Baseline.jpg\",\"contentUrl\":\"http:\/\/mgi-nouveau-site.mgi-labs.com\/wp-content\/uploads\/2022\/01\/Logo-MGI-Blue-Baseline.jpg\",\"width\":842,\"height\":595,\"caption\":\"MGI Digital Technology\"},\"image\":{\"@id\":\"https:\/\/mgi-nouveau-site.mgi-labs.com\/#\/schema\/logo\/image\/\"},\"sameAs\":[\"https:\/\/m.facebook.com\/MGIonline\/\",\"https:\/\/twitter.com\/MGI_HQ\",\"https:\/\/www.linkedin.com\/company\/mgi-digital-graphic-technology\/\",\"https:\/\/www.youtube.com\/channel\/UCqJTeVGo2EQ3NOCqFMekydA\"]}]}<\/script>\n<!-- \/ Yoast SEO plugin. -->","yoast_head_json":{"title":"Ethics - MGI Digital Technology","robots":{"index":"noindex","follow":"follow","max-snippet":"max-snippet:-1","max-image-preview":"max-image-preview:large","max-video-preview":"max-video-preview:-1"},"og_locale":"en_US","og_type":"article","og_title":"\u00c9thique - MGI Digital Technology","og_description":"\u00e9thique Chez MGI Group, nous conduisons notre activit\u00e9 avec int\u00e9grit\u00e9. Nous adoptons au quotidien les normes les plus \u00e9lev\u00e9es en termes d\u2019\u00c9thique et de Responsabilit\u00e9 Sociale des Entreprises, que nous consid\u00e9rons comme l\u2019un des \u00e9l\u00e9ments majeurs de l\u2019Excellence. Ces normes ont pour objectif de favoriser une croissance durable et un avenir meilleur pour nos clients,...","og_url":"http:\/\/mgi-nouveau-site.mgi-labs.com\/en\/company\/ethics\/","og_site_name":"MGI Digital Technology","article_publisher":"https:\/\/m.facebook.com\/MGIonline\/","article_modified_time":"2022-03-11T10:27:34+00:00","og_image":[{"width":1920,"height":1280,"url":"https:\/\/mgi-nouveau-site.mgi-labs.com\/wp-content\/uploads\/2022\/01\/Banniere-Ethique.jpg","type":"image\/jpeg"}],"twitter_card":"summary_large_image","twitter_site":"@MGI_HQ","schema":{"@context":"https:\/\/schema.org","@graph":[{"@type":"WebPage","@id":"https:\/\/mgi-nouveau-site.mgi-labs.com\/societe\/ethique\/","url":"https:\/\/mgi-nouveau-site.mgi-labs.com\/societe\/ethique\/","name":"Ethics - MGI Digital Technology","isPartOf":{"@id":"https:\/\/mgi-nouveau-site.mgi-labs.com\/#website"},"datePublished":"2022-01-31T15:50:10+00:00","dateModified":"2022-03-11T10:27:34+00:00","breadcrumb":{"@id":"https:\/\/mgi-nouveau-site.mgi-labs.com\/societe\/ethique\/#breadcrumb"},"inLanguage":"en-US","potentialAction":[{"@type":"ReadAction","target":["https:\/\/mgi-nouveau-site.mgi-labs.com\/societe\/ethique\/"]}]},{"@type":"BreadcrumbList","@id":"https:\/\/mgi-nouveau-site.mgi-labs.com\/societe\/ethique\/#breadcrumb","itemListElement":[{"@type":"ListItem","position":1,"name":"Accueil","item":"https:\/\/mgi-nouveau-site.mgi-labs.com\/"},{"@type":"ListItem","position":2,"name":"Soci\u00e9t\u00e9","item":"http:\/\/mgi-nouveau-site.mgi-labs.com\/societe\/"},{"@type":"ListItem","position":3,"name":"\u00c9thique"}]},{"@type":"WebSite","@id":"https:\/\/mgi-nouveau-site.mgi-labs.com\/#website","url":"https:\/\/mgi-nouveau-site.mgi-labs.com\/","name":"MGI Digital Technology","description":"Leader in digital printing and finishing technologies","publisher":{"@id":"https:\/\/mgi-nouveau-site.mgi-labs.com\/#organization"},"potentialAction":[{"@type":"SearchAction","target":{"@type":"EntryPoint","urlTemplate":"https:\/\/mgi-nouveau-site.mgi-labs.com\/?s={search_term_string}"},"query-input":"required name=search_term_string"}],"inLanguage":"en-US"},{"@type":"Organization","@id":"https:\/\/mgi-nouveau-site.mgi-labs.com\/#organization","name":"MGI Digital Technology","url":"https:\/\/mgi-nouveau-site.mgi-labs.com\/","logo":{"@type":"ImageObject","inLanguage":"en-US","@id":"https:\/\/mgi-nouveau-site.mgi-labs.com\/#\/schema\/logo\/image\/","url":"http:\/\/mgi-nouveau-site.mgi-labs.com\/wp-content\/uploads\/2022\/01\/Logo-MGI-Blue-Baseline.jpg","contentUrl":"http:\/\/mgi-nouveau-site.mgi-labs.com\/wp-content\/uploads\/2022\/01\/Logo-MGI-Blue-Baseline.jpg","width":842,"height":595,"caption":"MGI Digital Technology"},"image":{"@id":"https:\/\/mgi-nouveau-site.mgi-labs.com\/#\/schema\/logo\/image\/"},"sameAs":["https:\/\/m.facebook.com\/MGIonline\/","https:\/\/twitter.com\/MGI_HQ","https:\/\/www.linkedin.com\/company\/mgi-digital-graphic-technology\/","https:\/\/www.youtube.com\/channel\/UCqJTeVGo2EQ3NOCqFMekydA"]}]}},"_links":{"self":[{"href":"http:\/\/mgi-nouveau-site.mgi-labs.com\/en\/wp-json\/wp\/v2\/pages\/3197"}],"collection":[{"href":"http:\/\/mgi-nouveau-site.mgi-labs.com\/en\/wp-json\/wp\/v2\/pages"}],"about":[{"href":"http:\/\/mgi-nouveau-site.mgi-labs.com\/en\/wp-json\/wp\/v2\/types\/page"}],"author":[{"embeddable":true,"href":"http:\/\/mgi-nouveau-site.mgi-labs.com\/en\/wp-json\/wp\/v2\/users\/1"}],"replies":[{"embeddable":true,"href":"http:\/\/mgi-nouveau-site.mgi-labs.com\/en\/wp-json\/wp\/v2\/comments?post=3197"}],"version-history":[{"count":23,"href":"http:\/\/mgi-nouveau-site.mgi-labs.com\/en\/wp-json\/wp\/v2\/pages\/3197\/revisions"}],"predecessor-version":[{"id":5878,"href":"http:\/\/mgi-nouveau-site.mgi-labs.com\/en\/wp-json\/wp\/v2\/pages\/3197\/revisions\/5878"}],"up":[{"embeddable":true,"href":"http:\/\/mgi-nouveau-site.mgi-labs.com\/en\/wp-json\/wp\/v2\/pages\/661"}],"wp:featuredmedia":[{"embeddable":true,"href":"http:\/\/mgi-nouveau-site.mgi-labs.com\/en\/wp-json\/wp\/v2\/media\/3198"}],"wp:attachment":[{"href":"http:\/\/mgi-nouveau-site.mgi-labs.com\/en\/wp-json\/wp\/v2\/media?parent=3197"}],"curies":[{"name":"wp","href":"https:\/\/api.w.org\/{rel}","templated":true}]}}