{"id":4322,"date":"2022-02-08T15:21:24","date_gmt":"2022-02-08T15:21:24","guid":{"rendered":"http:\/\/mgi-nouveau-site.mgi-labs.com\/?page_id=4322"},"modified":"2022-02-09T11:52:03","modified_gmt":"2022-02-09T11:52:03","slug":"politique-confidentialite","status":"publish","type":"page","link":"http:\/\/mgi-nouveau-site.mgi-labs.com\/en\/privacy-policy\/","title":{"rendered":"Privacy Policy"},"content":{"rendered":"<style>#kt-layout-id_12b272-b5 > .kt-row-column-wrap{align-content:end;}:where(#kt-layout-id_12b272-b5 > .kt-row-column-wrap) > .wp-block-kadence-column{justify-content:end;}#kt-layout-id_12b272-b5 > .kt-row-column-wrap{column-gap:var(--global-kb-gap-md, 2rem);row-gap:var(--global-kb-gap-md, 2rem);max-width:1600px;margin-left:auto;margin-right:auto;padding-top:var( --global-kb-row-default-top, 25px );padding-bottom:var( --global-kb-row-default-bottom, 25px );padding-top:20px;padding-bottom:20px;min-height:500px;grid-template-columns:minmax(0, 1fr);}#kt-layout-id_12b272-b5{background-image:url('http:\/\/mgi-nouveau-site.mgi-labs.com\/wp-content\/uploads\/2022\/02\/2022-Privacy-Cookies-03.jpg');background-size:cover;background-position:38% 34%;background-attachment:scroll;background-repeat:no-repeat;}#kt-layout-id_12b272-b5 > .kt-row-layout-overlay{opacity:0.87;background-image:linear-gradient(180deg, rgba(255, 255, 255, 0) 54%, var(--global-palette5, #4A5568) 79%);}#kt-layout-id_12b272-b5 ,#kt-layout-id_12b272-b5 h1,#kt-layout-id_12b272-b5 h2,#kt-layout-id_12b272-b5 h3,#kt-layout-id_12b272-b5 h4,#kt-layout-id_12b272-b5 h5,#kt-layout-id_12b272-b5 h6{color:#ffffff;}#kt-layout-id_12b272-b5 .kt-row-layout-bottom-sep{height:100px;}#kt-layout-id_12b272-b5 .kt-row-layout-bottom-sep svg{width:100%;}#kt-layout-id_12b272-b5 .kt-row-layout-bottom-sep svg{fill:#ffffff!important;}@media all and (max-width: 1024px){#kt-layout-id_12b272-b5 > .kt-row-column-wrap{min-height:300px;grid-template-columns:minmax(0, 1fr);}}@media all and (max-width: 1024px){#kt-layout-id_12b272-b5 .kt-row-layout-bottom-sep{height:px;}}@media all and (max-width: 1024px){#kt-layout-id_12b272-b5 .kt-row-layout-bottom-sep svg{width:%;}}@media all and (max-width: 767px){#kt-layout-id_12b272-b5 > .kt-row-column-wrap{min-height:300px;grid-template-columns:minmax(0, 1fr);}#kt-layout-id_12b272-b5 .kt-row-layout-bottom-sep{height:px;}#kt-layout-id_12b272-b5 .kt-row-layout-bottom-sep svg{width:%;}}<\/style>\n<div class=\"wp-block-kadence-rowlayout alignfull\"><div id=\"kt-layout-id_12b272-b5\" class=\"kt-row-layout-inner kt-row-has-bg kt-layout-id_12b272-b5\"><div class=\"kt-row-layout-overlay kt-row-overlay-gradient\"><\/div><div class=\"kt-row-column-wrap kt-has-1-columns kt-gutter-default kt-v-gutter-default kt-row-valign-bottom kt-row-layout-equal kt-tab-layout-inherit kt-m-colapse-left-to-right kt-mobile-layout-row\"><style>.kadence-column_d546ed-9c > .kt-inside-inner-col{border-top-width:0px;border-right-width:0px;border-bottom-width:0px;border-left-width:0px;}.kadence-column_d546ed-9c > .kt-inside-inner-col,.kadence-column_d546ed-9c > .kt-inside-inner-col:before{border-top-left-radius:0px;border-top-right-radius:0px;border-bottom-right-radius:0px;border-bottom-left-radius:0px;}.kadence-column_d546ed-9c > .kt-inside-inner-col{column-gap:var(--global-kb-gap-sm, 1rem);}.kadence-column_d546ed-9c > .kt-inside-inner-col{flex-direction:column;}.kadence-column_d546ed-9c > .kt-inside-inner-col > .aligncenter{width:100%;}.kadence-column_d546ed-9c > .kt-inside-inner-col:before{opacity:0.3;}.kadence-column_d546ed-9c{position:relative;}@media all and (max-width: 1024px){.kadence-column_d546ed-9c > .kt-inside-inner-col{flex-direction:column;}}@media all and (max-width: 767px){.kadence-column_d546ed-9c > .kt-inside-inner-col{flex-direction:column;}}<\/style>\n<div class=\"wp-block-kadence-column inner-column-1 kadence-column_d546ed-9c\"><div class=\"kt-inside-inner-col\"><style>.wp-block-kadence-advancedheading.kt-adv-heading_3ec707-29, .wp-block-kadence-advancedheading.kt-adv-heading_3ec707-29[data-kb-block=\"kb-adv-heading_3ec707-29\"]{text-align:center;font-style:normal;text-transform:uppercase;text-shadow:1px 1px 40px var(--global-palette5, #4A5568);}.wp-block-kadence-advancedheading.kt-adv-heading_3ec707-29 mark, .wp-block-kadence-advancedheading.kt-adv-heading_3ec707-29[data-kb-block=\"kb-adv-heading_3ec707-29\"] mark{font-style:normal;color:#f76a0c;padding-top:0px;padding-right:0px;padding-bottom:0px;padding-left:0px;}<\/style>\n<h2 class=\"kt-adv-heading_3ec707-29 wp-block-kadence-advancedheading has-theme-palette-9-color has-text-color\" data-kb-block=\"kb-adv-heading_3ec707-29\">Politique de confidentialit\u00e9<\/h2>\n\n\n\n<p><\/p>\n<\/div><\/div>\n<\/div><\/div><\/div>\n\n\n<style>#kt-layout-id_0c5f13-03 > .kt-row-column-wrap{align-content:start;}:where(#kt-layout-id_0c5f13-03 > .kt-row-column-wrap) > .wp-block-kadence-column{justify-content:start;}#kt-layout-id_0c5f13-03 > .kt-row-column-wrap{column-gap:var(--global-kb-gap-md, 2rem);row-gap:var(--global-kb-gap-md, 2rem);padding-top:var( --global-kb-row-default-top, 25px );padding-bottom:var( --global-kb-row-default-bottom, 25px );padding-top:50px;padding-bottom:65px;padding-left:25px;padding-right:25px;grid-template-columns:minmax(0, 1fr);}#kt-layout-id_0c5f13-03 > .kt-row-layout-overlay{opacity:0.30;}@media all and (max-width: 1024px){#kt-layout-id_0c5f13-03 > .kt-row-column-wrap{padding-top:10px;padding-right:10px;padding-bottom:10px;padding-left:10px;grid-template-columns:minmax(0, 1fr);}}@media all and (max-width: 767px){#kt-layout-id_0c5f13-03 > .kt-row-column-wrap{padding-top:5px;padding-bottom:5px;padding-left:5px;padding-right:5px;grid-template-columns:minmax(0, 1fr);}}<\/style>\n<div class=\"wp-block-kadence-rowlayout alignnone\"><div id=\"kt-layout-id_0c5f13-03\" class=\"kt-row-layout-inner kt-layout-id_0c5f13-03\"><div class=\"kt-row-column-wrap kt-has-1-columns kt-gutter-default kt-v-gutter-default kt-row-valign-top kt-row-layout-equal kt-tab-layout-inherit kt-m-colapse-left-to-right kt-mobile-layout-row\"><style>.kadence-column_9cd4cd-14 > .kt-inside-inner-col{border-top-width:0px;border-right-width:0px;border-bottom-width:0px;border-left-width:0px;}.kadence-column_9cd4cd-14 > .kt-inside-inner-col,.kadence-column_9cd4cd-14 > .kt-inside-inner-col:before{border-top-left-radius:0px;border-top-right-radius:0px;border-bottom-right-radius:0px;border-bottom-left-radius:0px;}.kadence-column_9cd4cd-14 > .kt-inside-inner-col{column-gap:var(--global-kb-gap-sm, 1rem);}.kadence-column_9cd4cd-14 > .kt-inside-inner-col{flex-direction:column;}.kadence-column_9cd4cd-14 > .kt-inside-inner-col > .aligncenter{width:100%;}.kadence-column_9cd4cd-14 > .kt-inside-inner-col:before{opacity:0.3;}.kadence-column_9cd4cd-14{position:relative;}@media all and (max-width: 1024px){.kadence-column_9cd4cd-14 > .kt-inside-inner-col{flex-direction:column;}}@media all and (max-width: 767px){.kadence-column_9cd4cd-14 > .kt-inside-inner-col{flex-direction:column;}}<\/style>\n<div class=\"wp-block-kadence-column inner-column-1 kadence-column_9cd4cd-14\"><div class=\"kt-inside-inner-col\"><style>.wp-block-kadence-advancedheading.kt-adv-heading_67fbf6-48, .wp-block-kadence-advancedheading.kt-adv-heading_67fbf6-48[data-kb-block=\"kb-adv-heading_67fbf6-48\"]{font-style:normal;}.wp-block-kadence-advancedheading.kt-adv-heading_67fbf6-48 mark, .wp-block-kadence-advancedheading.kt-adv-heading_67fbf6-48[data-kb-block=\"kb-adv-heading_67fbf6-48\"] mark{font-style:normal;color:#f76a0c;padding-top:0px;padding-right:0px;padding-bottom:0px;padding-left:0px;}<\/style>\n<h5 class=\"kt-adv-heading_67fbf6-48 wp-block-kadence-advancedheading\" data-kb-block=\"kb-adv-heading_67fbf6-48\">Qui sommes-nous?<\/h5>\n\n\n\n<p>Cr\u00e9\u00e9e en 1982, MGI Digital Technology est un constructeur fran\u00e7ais de presses d\u2019impression et d\u2019ennoblissement num\u00e9riques, adressant les march\u00e9s de l\u2019imprimerie commerciale, du packaging, de l\u2019\u00e9tiquette adh\u00e9sive, de l\u2019emballage souple, de l\u2019imprim\u00e9 photo, du Web to Print et de la sous-traitance. L&rsquo;adresse de notre site web est: <a href=\"https:\/\/mgi-fr.com\/\">https:\/\/mgi-fr.com<\/a>.<\/p>\n\n\n<style>.wp-block-kadence-advancedheading.kt-adv-heading_56069b-d9, .wp-block-kadence-advancedheading.kt-adv-heading_56069b-d9[data-kb-block=\"kb-adv-heading_56069b-d9\"]{font-style:normal;}.wp-block-kadence-advancedheading.kt-adv-heading_56069b-d9 mark, .wp-block-kadence-advancedheading.kt-adv-heading_56069b-d9[data-kb-block=\"kb-adv-heading_56069b-d9\"] mark{font-style:normal;color:#f76a0c;padding-top:0px;padding-right:0px;padding-bottom:0px;padding-left:0px;}<\/style>\n<h5 class=\"kt-adv-heading_56069b-d9 wp-block-kadence-advancedheading\" data-kb-block=\"kb-adv-heading_56069b-d9\">Formulaires de contact<\/h5>\n\n\n\n<p>Les donn\u00e9es personnelles collect\u00e9es par les formulaires de contact sont utilis\u00e9es afin de vous r\u00e9pondre par email, t\u00e9l\u00e9phone et\/ou courrier et pour vous faire parvenir des informations sur les activit\u00e9s de MGI, des pr\u00e9sentations de produits et des invitations \u00e0 des \u00e9v\u00e9nements. Ces donn\u00e9es personnelles peuvent \u00eatre transmises, dans l\u2019Union Europ\u00e9enne, \u00e0 des sous-traitants et aux soci\u00e9t\u00e9s du groupe MGI, en cas de mise en commun de moyens, notamment informatiques, mais elles ne seront pas c\u00e9d\u00e9es \u00e0 d\u2019autres tiers.<\/p>\n\n\n<style>.wp-block-kadence-advancedheading.kt-adv-heading_d9a087-c2, .wp-block-kadence-advancedheading.kt-adv-heading_d9a087-c2[data-kb-block=\"kb-adv-heading_d9a087-c2\"]{font-style:normal;}.wp-block-kadence-advancedheading.kt-adv-heading_d9a087-c2 mark, .wp-block-kadence-advancedheading.kt-adv-heading_d9a087-c2[data-kb-block=\"kb-adv-heading_d9a087-c2\"] mark{font-style:normal;color:#f76a0c;padding-top:0px;padding-right:0px;padding-bottom:0px;padding-left:0px;}<\/style>\n<h5 class=\"kt-adv-heading_d9a087-c2 wp-block-kadence-advancedheading\" data-kb-block=\"kb-adv-heading_d9a087-c2\">Cookies<\/h5>\n\n\n\n<p>Ce site est prot\u00e9g\u00e9 par l&rsquo;extension Cerber, qui peut g\u00e9n\u00e9rer et d\u00e9finir plusieurs cookies de navigateur, dans le seul but de s\u00e9curiser notre site, en d\u00e9tectant et en att\u00e9nuant les activit\u00e9s malveillantes. Tous ces cookies ont des noms g\u00e9n\u00e9r\u00e9s al\u00e9atoirement et contiennent des valeurs g\u00e9n\u00e9r\u00e9es al\u00e9atoirement: <a href=\"https:\/\/wpcerber.com\/protect-wordpress-fr\/browser-cookies-set-by-wp-cerber\/\" target=\"_blank\" rel=\"noreferrer noopener\">https:\/\/wpcerber.com\/protect-wordpress-fr\/browser-cookies-set-by-wp-cerber\/<\/a> Aucune donn\u00e9e personnelle n&rsquo;est utilis\u00e9e: <a href=\"https:\/\/wpcerber.com\/protect-wordpress-fr\/privacy-policy\/\" target=\"_blank\" rel=\"noreferrer noopener\">https:\/\/wpcerber.com\/protect-wordpress-fr\/privacy-policy\/<\/a><\/p>\n\n\n\n<p>Ce site utilise d&rsquo;autres extensions <em>(Yoast, Kadence blocks, Complianz cookie consent)<\/em>, ainsi que le th\u00e8me Kadence et la technologie de WordPress, qui peuvent utiliser divers cookies pour optimiser votre exp\u00e9rience utilisateur ou \u00e0 des fins analytiques et marketing. <\/p>\n\n\n<style>.wp-block-kadence-advancedheading.kt-adv-heading_f36494-95, .wp-block-kadence-advancedheading.kt-adv-heading_f36494-95[data-kb-block=\"kb-adv-heading_f36494-95\"]{font-style:normal;}.wp-block-kadence-advancedheading.kt-adv-heading_f36494-95 mark, .wp-block-kadence-advancedheading.kt-adv-heading_f36494-95[data-kb-block=\"kb-adv-heading_f36494-95\"] mark{font-style:normal;color:#f76a0c;padding-top:0px;padding-right:0px;padding-bottom:0px;padding-left:0px;}<\/style>\n<h5 class=\"kt-adv-heading_f36494-95 wp-block-kadence-advancedheading\" data-kb-block=\"kb-adv-heading_f36494-95\">Contenus embarqu\u00e9s provenant d&rsquo;autres sites<\/h5>\n\n\n\n<p>Ce site contient du contenu embarqu\u00e9<em> (vid\u00e9os, images, articles etc)<\/em>. Ce type de contenu provient d&rsquo;autres sites et y acc\u00e9der correspond \u00e0 visiter ces sites tiers, qui peuvent r\u00e9colter des informations sur vous, utiliser des cookies, suivre votre navigation et votre interaction avec ledit contenu embarqu\u00e9, d&rsquo;autant plus si vous \u00eates connect\u00e9s \u00e0 ces sites <em>(ex, Facebook, YouTube etc)<\/em>.<\/p>\n\n\n<style>.wp-block-kadence-advancedheading.kt-adv-heading_5488a9-e6, .wp-block-kadence-advancedheading.kt-adv-heading_5488a9-e6[data-kb-block=\"kb-adv-heading_5488a9-e6\"]{font-style:normal;}.wp-block-kadence-advancedheading.kt-adv-heading_5488a9-e6 mark, .wp-block-kadence-advancedheading.kt-adv-heading_5488a9-e6[data-kb-block=\"kb-adv-heading_5488a9-e6\"] mark{font-style:normal;color:#f76a0c;padding-top:0px;padding-right:0px;padding-bottom:0px;padding-left:0px;}<\/style>\n<h5 class=\"kt-adv-heading_5488a9-e6 wp-block-kadence-advancedheading\" data-kb-block=\"kb-adv-heading_5488a9-e6\">Dur\u00e9e de conservation des donn\u00e9es<\/h5>\n\n\n\n<p>Les donn\u00e9es personnelles collect\u00e9es via nos formulaires de contact sont conserv\u00e9es dix ans. Vous disposez d&rsquo;un droit d\u2019interrogation, d\u2019acc\u00e8s, de rectification, d\u2019effacement, d\u2019opposition pour motifs l\u00e9gitimes et, si la technique le permet, de portabilit\u00e9 relativement \u00e0 l\u2019ensemble des donn\u00e9es personnelles.<\/p>\n\n\n<style>.wp-block-kadence-advancedheading.kt-adv-heading_ce6022-e6, .wp-block-kadence-advancedheading.kt-adv-heading_ce6022-e6[data-kb-block=\"kb-adv-heading_ce6022-e6\"]{font-style:normal;}.wp-block-kadence-advancedheading.kt-adv-heading_ce6022-e6 mark, .wp-block-kadence-advancedheading.kt-adv-heading_ce6022-e6[data-kb-block=\"kb-adv-heading_ce6022-e6\"] mark{font-style:normal;color:#f76a0c;padding-top:0px;padding-right:0px;padding-bottom:0px;padding-left:0px;}<\/style>\n<h5 class=\"kt-adv-heading_ce6022-e6 wp-block-kadence-advancedheading\" data-kb-block=\"kb-adv-heading_ce6022-e6\">Vos droits concernant vos donn\u00e9es<\/h5>\n\n\n\n<p>Vous disposez d&rsquo;un droit d\u2019interrogation, d\u2019acc\u00e8s, de rectification, d\u2019effacement, d\u2019opposition pour motifs l\u00e9gitimes et, si la technique le permet, de portabilit\u00e9 relativement \u00e0 l\u2019ensemble des donn\u00e9es personnelles. Ces droits, ainsi que toutes questions, peuvent \u00eatre exerc\u00e9s:<\/p>\n\n\n\n<ul><li>par mail: RGPD@mgi-fr.com <\/li><li>ou par courrier postal, accompagn\u00e9e d\u2019une copie d\u2019un titre d\u2019identit\u00e9 sign\u00e9: MGI \u2013 4 rue de la M\u00e9ridienne \u2013 94260 Fresnes <\/li><\/ul>\n\n\n\n<p>Le DPO Europe du Groupe MGI est Thierry Brionne. Vous avez \u00e9galement le droit d\u2019introduire une r\u00e9clamation aupr\u00e8s de la CNIL, autorit\u00e9 de contr\u00f4le en charge du respect de la r\u00e9glementation sur la protection des donn\u00e9es personnelles sise 3 place de Fontenoy \u2013 TSA 80715 \u2013 75334 Paris Cedex 07.<\/p>\n\n\n<style>.wp-block-kadence-advancedheading.kt-adv-heading_8567eb-5f, .wp-block-kadence-advancedheading.kt-adv-heading_8567eb-5f[data-kb-block=\"kb-adv-heading_8567eb-5f\"]{font-style:normal;}.wp-block-kadence-advancedheading.kt-adv-heading_8567eb-5f mark, .wp-block-kadence-advancedheading.kt-adv-heading_8567eb-5f[data-kb-block=\"kb-adv-heading_8567eb-5f\"] mark{font-style:normal;color:#f76a0c;padding-top:0px;padding-right:0px;padding-bottom:0px;padding-left:0px;}<\/style>\n<h5 class=\"kt-adv-heading_8567eb-5f wp-block-kadence-advancedheading\" data-kb-block=\"kb-adv-heading_8567eb-5f\">O\u00f9 vos donn\u00e9es sont-elles envoy\u00e9es<\/h5>\n\n\n\n<p>Les donn\u00e9es personnelles collect\u00e9es par les formulaires de contact peuvent \u00eatre transmises, dans l\u2019Union Europ\u00e9enne, \u00e0 des sous-traitants et aux soci\u00e9t\u00e9s du groupe MGI, en cas de mise en commun de moyens, notamment informatiques, mais elles ne seront pas c\u00e9d\u00e9es \u00e0 d\u2019autres tiers.<\/p>\n\n\n\n<p> <\/p>\n<\/div><\/div>\n<\/div><\/div><\/div>\n","protected":false},"excerpt":{"rendered":"<p>Privacy policy About us Founded in 1982, MGI Digital Technology is a French manufacturer of digital printing and finishing presses, serving the commercial printing, packaging, self-adhesive label, flexible packaging, photo printing, Web to Print and subcontracting markets. Our website address is: https:\/\/mgi-fr.com. Order forms...<\/p>","protected":false},"author":1,"featured_media":4315,"parent":0,"menu_order":0,"comment_status":"closed","ping_status":"closed","template":"","meta":{"_kad_post_transparent":"","_kad_post_title":"hide","_kad_post_layout":"","_kad_post_sidebar_id":"","_kad_post_content_style":"unboxed","_kad_post_vertical_padding":"hide","_kad_post_feature":"","_kad_post_feature_position":"","_kad_post_header":false,"_kad_post_footer":false},"yoast_head":"<!-- This site is optimized with the Yoast SEO plugin v21.1 - https:\/\/yoast.com\/wordpress\/plugins\/seo\/ -->\n<title>Politique de confidentialit\u00e9 - MGI Digital Technology<\/title>\n<meta name=\"robots\" content=\"noindex, follow, max-snippet:-1, max-image-preview:large, max-video-preview:-1\" \/>\n<meta property=\"og:locale\" content=\"en_US\" \/>\n<meta property=\"og:type\" content=\"article\" \/>\n<meta property=\"og:title\" content=\"Politique de confidentialit\u00e9 - MGI Digital Technology\" \/>\n<meta property=\"og:description\" content=\"Politique de confidentialit\u00e9 Qui sommes-nous? Cr\u00e9\u00e9e en 1982, MGI Digital Technology est un constructeur fran\u00e7ais de presses d\u2019impression et d\u2019ennoblissement num\u00e9riques, adressant les march\u00e9s de l\u2019imprimerie commerciale, du packaging, de l\u2019\u00e9tiquette adh\u00e9sive, de l\u2019emballage souple, de l\u2019imprim\u00e9 photo, du Web to Print et de la sous-traitance. L&rsquo;adresse de notre site web est: https:\/\/mgi-fr.com. Formulaires de...\" \/>\n<meta property=\"og:url\" content=\"http:\/\/mgi-nouveau-site.mgi-labs.com\/en\/privacy-policy\/\" \/>\n<meta property=\"og:site_name\" content=\"MGI Digital Technology\" \/>\n<meta property=\"article:publisher\" content=\"https:\/\/m.facebook.com\/MGIonline\/\" \/>\n<meta property=\"article:modified_time\" content=\"2022-02-09T11:52:03+00:00\" \/>\n<meta property=\"og:image\" content=\"http:\/\/mgi-nouveau-site.mgi-labs.com\/wp-content\/uploads\/2022\/02\/2022-Privacy-Cookies-03.jpg\" \/>\n\t<meta property=\"og:image:width\" content=\"1920\" \/>\n\t<meta property=\"og:image:height\" content=\"1275\" \/>\n\t<meta property=\"og:image:type\" content=\"image\/jpeg\" \/>\n<meta name=\"twitter:card\" content=\"summary_large_image\" \/>\n<meta name=\"twitter:site\" content=\"@MGI_HQ\" \/>\n<script type=\"application\/ld+json\" class=\"yoast-schema-graph\">{\"@context\":\"https:\/\/schema.org\",\"@graph\":[{\"@type\":\"WebPage\",\"@id\":\"http:\/\/mgi-nouveau-site.mgi-labs.com\/en\/privacy-policy\/\",\"url\":\"http:\/\/mgi-nouveau-site.mgi-labs.com\/en\/privacy-policy\/\",\"name\":\"Politique de confidentialit\u00e9 - MGI Digital Technology\",\"isPartOf\":{\"@id\":\"http:\/\/mgi-nouveau-site.mgi-labs.com\/#website\"},\"datePublished\":\"2022-02-08T15:21:24+00:00\",\"dateModified\":\"2022-02-09T11:52:03+00:00\",\"breadcrumb\":{\"@id\":\"http:\/\/mgi-nouveau-site.mgi-labs.com\/en\/privacy-policy\/#breadcrumb\"},\"inLanguage\":\"en-US\",\"potentialAction\":[{\"@type\":\"ReadAction\",\"target\":[\"http:\/\/mgi-nouveau-site.mgi-labs.com\/en\/privacy-policy\/\"]}]},{\"@type\":\"BreadcrumbList\",\"@id\":\"http:\/\/mgi-nouveau-site.mgi-labs.com\/en\/privacy-policy\/#breadcrumb\",\"itemListElement\":[{\"@type\":\"ListItem\",\"position\":1,\"name\":\"Accueil\",\"item\":\"http:\/\/mgi-nouveau-site.mgi-labs.com\/\"},{\"@type\":\"ListItem\",\"position\":2,\"name\":\"Politique de confidentialit\u00e9\"}]},{\"@type\":\"WebSite\",\"@id\":\"http:\/\/mgi-nouveau-site.mgi-labs.com\/#website\",\"url\":\"http:\/\/mgi-nouveau-site.mgi-labs.com\/\",\"name\":\"MGI Digital Technology\",\"description\":\"Leader des technologies d\u2019impression et de finitions num\u00e9riques\",\"publisher\":{\"@id\":\"http:\/\/mgi-nouveau-site.mgi-labs.com\/#organization\"},\"potentialAction\":[{\"@type\":\"SearchAction\",\"target\":{\"@type\":\"EntryPoint\",\"urlTemplate\":\"http:\/\/mgi-nouveau-site.mgi-labs.com\/?s={search_term_string}\"},\"query-input\":\"required name=search_term_string\"}],\"inLanguage\":\"en-US\"},{\"@type\":\"Organization\",\"@id\":\"http:\/\/mgi-nouveau-site.mgi-labs.com\/#organization\",\"name\":\"MGI Digital Technology\",\"url\":\"http:\/\/mgi-nouveau-site.mgi-labs.com\/\",\"logo\":{\"@type\":\"ImageObject\",\"inLanguage\":\"en-US\",\"@id\":\"http:\/\/mgi-nouveau-site.mgi-labs.com\/#\/schema\/logo\/image\/\",\"url\":\"http:\/\/mgi-nouveau-site.mgi-labs.com\/wp-content\/uploads\/2022\/01\/Logo-MGI-Blue-Baseline.jpg\",\"contentUrl\":\"http:\/\/mgi-nouveau-site.mgi-labs.com\/wp-content\/uploads\/2022\/01\/Logo-MGI-Blue-Baseline.jpg\",\"width\":842,\"height\":595,\"caption\":\"MGI Digital Technology\"},\"image\":{\"@id\":\"http:\/\/mgi-nouveau-site.mgi-labs.com\/#\/schema\/logo\/image\/\"},\"sameAs\":[\"https:\/\/m.facebook.com\/MGIonline\/\",\"https:\/\/twitter.com\/MGI_HQ\",\"https:\/\/www.linkedin.com\/company\/mgi-digital-graphic-technology\/\",\"https:\/\/www.youtube.com\/channel\/UCqJTeVGo2EQ3NOCqFMekydA\"]}]}<\/script>\n<!-- \/ Yoast SEO plugin. -->","yoast_head_json":{"title":"Privacy policy - MGI Digital Technology","robots":{"index":"noindex","follow":"follow","max-snippet":"max-snippet:-1","max-image-preview":"max-image-preview:large","max-video-preview":"max-video-preview:-1"},"og_locale":"en_US","og_type":"article","og_title":"Politique de confidentialit\u00e9 - MGI Digital Technology","og_description":"Politique de confidentialit\u00e9 Qui sommes-nous? Cr\u00e9\u00e9e en 1982, MGI Digital Technology est un constructeur fran\u00e7ais de presses d\u2019impression et d\u2019ennoblissement num\u00e9riques, adressant les march\u00e9s de l\u2019imprimerie commerciale, du packaging, de l\u2019\u00e9tiquette adh\u00e9sive, de l\u2019emballage souple, de l\u2019imprim\u00e9 photo, du Web to Print et de la sous-traitance. L&rsquo;adresse de notre site web est: https:\/\/mgi-fr.com. Formulaires de...","og_url":"http:\/\/mgi-nouveau-site.mgi-labs.com\/en\/privacy-policy\/","og_site_name":"MGI Digital Technology","article_publisher":"https:\/\/m.facebook.com\/MGIonline\/","article_modified_time":"2022-02-09T11:52:03+00:00","og_image":[{"width":1920,"height":1275,"url":"http:\/\/mgi-nouveau-site.mgi-labs.com\/wp-content\/uploads\/2022\/02\/2022-Privacy-Cookies-03.jpg","type":"image\/jpeg"}],"twitter_card":"summary_large_image","twitter_site":"@MGI_HQ","schema":{"@context":"https:\/\/schema.org","@graph":[{"@type":"WebPage","@id":"http:\/\/mgi-nouveau-site.mgi-labs.com\/en\/privacy-policy\/","url":"http:\/\/mgi-nouveau-site.mgi-labs.com\/en\/privacy-policy\/","name":"Privacy policy - MGI Digital Technology","isPartOf":{"@id":"http:\/\/mgi-nouveau-site.mgi-labs.com\/#website"},"datePublished":"2022-02-08T15:21:24+00:00","dateModified":"2022-02-09T11:52:03+00:00","breadcrumb":{"@id":"http:\/\/mgi-nouveau-site.mgi-labs.com\/en\/privacy-policy\/#breadcrumb"},"inLanguage":"en-US","potentialAction":[{"@type":"ReadAction","target":["http:\/\/mgi-nouveau-site.mgi-labs.com\/en\/privacy-policy\/"]}]},{"@type":"BreadcrumbList","@id":"http:\/\/mgi-nouveau-site.mgi-labs.com\/en\/privacy-policy\/#breadcrumb","itemListElement":[{"@type":"ListItem","position":1,"name":"Accueil","item":"http:\/\/mgi-nouveau-site.mgi-labs.com\/"},{"@type":"ListItem","position":2,"name":"Politique de confidentialit\u00e9"}]},{"@type":"WebSite","@id":"http:\/\/mgi-nouveau-site.mgi-labs.com\/#website","url":"http:\/\/mgi-nouveau-site.mgi-labs.com\/","name":"MGI Digital Technology","description":"Leader in digital printing and finishing technologies","publisher":{"@id":"http:\/\/mgi-nouveau-site.mgi-labs.com\/#organization"},"potentialAction":[{"@type":"SearchAction","target":{"@type":"EntryPoint","urlTemplate":"http:\/\/mgi-nouveau-site.mgi-labs.com\/?s={search_term_string}"},"query-input":"required name=search_term_string"}],"inLanguage":"en-US"},{"@type":"Organization","@id":"http:\/\/mgi-nouveau-site.mgi-labs.com\/#organization","name":"MGI Digital Technology","url":"http:\/\/mgi-nouveau-site.mgi-labs.com\/","logo":{"@type":"ImageObject","inLanguage":"en-US","@id":"http:\/\/mgi-nouveau-site.mgi-labs.com\/#\/schema\/logo\/image\/","url":"http:\/\/mgi-nouveau-site.mgi-labs.com\/wp-content\/uploads\/2022\/01\/Logo-MGI-Blue-Baseline.jpg","contentUrl":"http:\/\/mgi-nouveau-site.mgi-labs.com\/wp-content\/uploads\/2022\/01\/Logo-MGI-Blue-Baseline.jpg","width":842,"height":595,"caption":"MGI Digital Technology"},"image":{"@id":"http:\/\/mgi-nouveau-site.mgi-labs.com\/#\/schema\/logo\/image\/"},"sameAs":["https:\/\/m.facebook.com\/MGIonline\/","https:\/\/twitter.com\/MGI_HQ","https:\/\/www.linkedin.com\/company\/mgi-digital-graphic-technology\/","https:\/\/www.youtube.com\/channel\/UCqJTeVGo2EQ3NOCqFMekydA"]}]}},"_links":{"self":[{"href":"http:\/\/mgi-nouveau-site.mgi-labs.com\/en\/wp-json\/wp\/v2\/pages\/4322"}],"collection":[{"href":"http:\/\/mgi-nouveau-site.mgi-labs.com\/en\/wp-json\/wp\/v2\/pages"}],"about":[{"href":"http:\/\/mgi-nouveau-site.mgi-labs.com\/en\/wp-json\/wp\/v2\/types\/page"}],"author":[{"embeddable":true,"href":"http:\/\/mgi-nouveau-site.mgi-labs.com\/en\/wp-json\/wp\/v2\/users\/1"}],"replies":[{"embeddable":true,"href":"http:\/\/mgi-nouveau-site.mgi-labs.com\/en\/wp-json\/wp\/v2\/comments?post=4322"}],"version-history":[{"count":26,"href":"http:\/\/mgi-nouveau-site.mgi-labs.com\/en\/wp-json\/wp\/v2\/pages\/4322\/revisions"}],"predecessor-version":[{"id":4376,"href":"http:\/\/mgi-nouveau-site.mgi-labs.com\/en\/wp-json\/wp\/v2\/pages\/4322\/revisions\/4376"}],"wp:featuredmedia":[{"embeddable":true,"href":"http:\/\/mgi-nouveau-site.mgi-labs.com\/en\/wp-json\/wp\/v2\/media\/4315"}],"wp:attachment":[{"href":"http:\/\/mgi-nouveau-site.mgi-labs.com\/en\/wp-json\/wp\/v2\/media?parent=4322"}],"curies":[{"name":"wp","href":"https:\/\/api.w.org\/{rel}","templated":true}]}}