{"id":615,"date":"2021-12-16T10:04:40","date_gmt":"2021-12-16T10:04:40","guid":{"rendered":"http:\/\/mgi-nouveau-site.mgi-labs.com\/?page_id=615"},"modified":"2022-03-11T11:28:34","modified_gmt":"2022-03-11T10:28:34","slug":"contacts","status":"publish","type":"page","link":"http:\/\/mgi-nouveau-site.mgi-labs.com\/en\/company\/investors\/contacts\/","title":{"rendered":"Financial contacts"},"content":{"rendered":"<style>#kt-layout-id_a41f3b-0e > .kt-row-column-wrap{align-content:start;}:where(#kt-layout-id_a41f3b-0e > .kt-row-column-wrap) > .wp-block-kadence-column{justify-content:start;}#kt-layout-id_a41f3b-0e > .kt-row-column-wrap{column-gap:var(--global-kb-gap-md, 2rem);row-gap:var(--global-kb-gap-md, 2rem);padding-top:var( --global-kb-row-default-top, 25px );padding-bottom:var( --global-kb-row-default-bottom, 25px );padding-top:0px;padding-bottom:0px;grid-template-columns:minmax(0, 1fr);}#kt-layout-id_a41f3b-0e > .kt-row-layout-overlay{opacity:0.30;}@media all and (max-width: 1024px){#kt-layout-id_a41f3b-0e > .kt-row-column-wrap{grid-template-columns:minmax(0, 1fr);}}@media all and (max-width: 767px){#kt-layout-id_a41f3b-0e > .kt-row-column-wrap{grid-template-columns:minmax(0, 1fr);}}<\/style>\n<div class=\"wp-block-kadence-rowlayout alignnone\"><div id=\"kt-layout-id_a41f3b-0e\" class=\"kt-row-layout-inner kt-layout-id_a41f3b-0e\"><div class=\"kt-row-column-wrap kt-has-1-columns kt-gutter-default kt-v-gutter-default kt-row-valign-top kt-row-layout-equal kt-tab-layout-inherit kt-m-colapse-left-to-right kt-mobile-layout-row\"><style>.kadence-column_f24a18-26 > .kt-inside-inner-col{border-top-width:0px;border-right-width:0px;border-bottom-width:0px;border-left-width:0px;}.kadence-column_f24a18-26 > .kt-inside-inner-col,.kadence-column_f24a18-26 > .kt-inside-inner-col:before{border-top-left-radius:0px;border-top-right-radius:0px;border-bottom-right-radius:0px;border-bottom-left-radius:0px;}.kadence-column_f24a18-26 > .kt-inside-inner-col{column-gap:var(--global-kb-gap-sm, 1rem);}.kadence-column_f24a18-26 > .kt-inside-inner-col{flex-direction:column;}.kadence-column_f24a18-26 > .kt-inside-inner-col > .aligncenter{width:100%;}.kadence-column_f24a18-26 > .kt-inside-inner-col:before{opacity:0.3;}.kadence-column_f24a18-26{position:relative;}@media all and (max-width: 1024px){.kadence-column_f24a18-26 > .kt-inside-inner-col{flex-direction:column;}}@media all and (max-width: 767px){.kadence-column_f24a18-26 > .kt-inside-inner-col{flex-direction:column;}}<\/style>\n<div class=\"wp-block-kadence-column inner-column-1 kadence-column_f24a18-26\"><div class=\"kt-inside-inner-col\"><style>#kt-layout-id_93ce36-6a > .kt-row-column-wrap{align-content:end;}:where(#kt-layout-id_93ce36-6a > .kt-row-column-wrap) > .wp-block-kadence-column{justify-content:end;}#kt-layout-id_93ce36-6a > .kt-row-column-wrap{column-gap:var(--global-kb-gap-md, 2rem);row-gap:var(--global-kb-gap-md, 2rem);max-width:1600px;margin-left:auto;margin-right:auto;padding-top:var( --global-kb-row-default-top, 25px );padding-bottom:var( --global-kb-row-default-bottom, 25px );padding-top:20px;padding-bottom:20px;min-height:500px;grid-template-columns:minmax(0, 1fr);}#kt-layout-id_93ce36-6a{background-image:url('http:\/\/mgi-nouveau-site.mgi-labs.com\/wp-content\/uploads\/2021\/12\/2020-Photos-Site-Web-Contacts-Financiers-1920x1280-1.jpg');background-size:cover;background-position:97% 51%;background-attachment:scroll;background-repeat:no-repeat;}#kt-layout-id_93ce36-6a > .kt-row-layout-overlay{opacity:0.70;background-image:linear-gradient(180deg, rgba(255, 255, 255, 0) 40%, var(--global-palette9, #ffffff) 83%);}#kt-layout-id_93ce36-6a ,#kt-layout-id_93ce36-6a h1,#kt-layout-id_93ce36-6a h2,#kt-layout-id_93ce36-6a h3,#kt-layout-id_93ce36-6a h4,#kt-layout-id_93ce36-6a h5,#kt-layout-id_93ce36-6a h6{color:#ffffff;}#kt-layout-id_93ce36-6a .kt-row-layout-bottom-sep{height:100px;}#kt-layout-id_93ce36-6a .kt-row-layout-bottom-sep svg{width:100%;}#kt-layout-id_93ce36-6a .kt-row-layout-bottom-sep svg{fill:#ffffff!important;}@media all and (max-width: 1024px){#kt-layout-id_93ce36-6a > .kt-row-column-wrap{min-height:300px;grid-template-columns:minmax(0, 1fr);}}@media all and (max-width: 1024px){#kt-layout-id_93ce36-6a .kt-row-layout-bottom-sep{height:px;}}@media all and (max-width: 1024px){#kt-layout-id_93ce36-6a .kt-row-layout-bottom-sep svg{width:%;}}@media all and (max-width: 767px){#kt-layout-id_93ce36-6a > .kt-row-column-wrap{min-height:300px;grid-template-columns:minmax(0, 1fr);}#kt-layout-id_93ce36-6a .kt-row-layout-bottom-sep{height:px;}#kt-layout-id_93ce36-6a .kt-row-layout-bottom-sep svg{width:%;}}<\/style>\n<div class=\"wp-block-kadence-rowlayout alignfull\"><div id=\"kt-layout-id_93ce36-6a\" class=\"kt-row-layout-inner kt-row-has-bg kt-layout-id_93ce36-6a\"><div class=\"kt-row-layout-overlay kt-row-overlay-gradient\"><\/div><div class=\"kt-row-column-wrap kt-has-1-columns kt-gutter-default kt-v-gutter-default kt-row-valign-bottom kt-row-layout-equal kt-tab-layout-inherit kt-m-colapse-left-to-right kt-mobile-layout-row\"><style>.kadence-column_8f658f-2f > .kt-inside-inner-col{border-top-width:0px;border-right-width:0px;border-bottom-width:0px;border-left-width:0px;}.kadence-column_8f658f-2f > .kt-inside-inner-col,.kadence-column_8f658f-2f > .kt-inside-inner-col:before{border-top-left-radius:0px;border-top-right-radius:0px;border-bottom-right-radius:0px;border-bottom-left-radius:0px;}.kadence-column_8f658f-2f > .kt-inside-inner-col{column-gap:var(--global-kb-gap-sm, 1rem);}.kadence-column_8f658f-2f > .kt-inside-inner-col{flex-direction:column;}.kadence-column_8f658f-2f > .kt-inside-inner-col > .aligncenter{width:100%;}.kadence-column_8f658f-2f > .kt-inside-inner-col:before{opacity:0.3;}.kadence-column_8f658f-2f{position:relative;}@media all and (max-width: 1024px){.kadence-column_8f658f-2f > .kt-inside-inner-col{flex-direction:column;}}@media all and (max-width: 767px){.kadence-column_8f658f-2f > .kt-inside-inner-col{flex-direction:column;}}<\/style>\n<div class=\"wp-block-kadence-column inner-column-1 kadence-column_8f658f-2f\"><div class=\"kt-inside-inner-col\"><style>.wp-block-kadence-advancedheading.kt-adv-heading_765c0b-4f, .wp-block-kadence-advancedheading.kt-adv-heading_765c0b-4f[data-kb-block=\"kb-adv-heading_765c0b-4f\"]{text-align:center;font-style:normal;text-transform:uppercase;text-shadow:1px 1px 30px #ffffff;}.wp-block-kadence-advancedheading.kt-adv-heading_765c0b-4f mark, .wp-block-kadence-advancedheading.kt-adv-heading_765c0b-4f[data-kb-block=\"kb-adv-heading_765c0b-4f\"] mark{font-style:normal;color:#f76a0c;padding-top:0px;padding-right:0px;padding-bottom:0px;padding-left:0px;}<\/style>\n<h1 class=\"kt-adv-heading_765c0b-4f wp-block-kadence-advancedheading has-theme-palette-4-color has-text-color\" data-kb-block=\"kb-adv-heading_765c0b-4f\">contacts financiers<\/h1>\n\n\n\n<p><\/p>\n<\/div><\/div>\n<\/div><\/div><\/div>\n<\/div><\/div>\n<\/div><\/div><\/div>\n\n\n<style>#kt-layout-id_4d8af1-ec > .kt-row-column-wrap{align-content:start;}:where(#kt-layout-id_4d8af1-ec > .kt-row-column-wrap) > .wp-block-kadence-column{justify-content:start;}#kt-layout-id_4d8af1-ec > .kt-row-column-wrap{column-gap:var(--global-kb-gap-md, 2rem);row-gap:var(--global-kb-gap-md, 2rem);padding-top:var( --global-kb-row-default-top, 25px );padding-bottom:var( --global-kb-row-default-bottom, 25px );padding-bottom:50px;grid-template-columns:minmax(0, 1fr);}#kt-layout-id_4d8af1-ec > .kt-row-layout-overlay{opacity:0.30;}#kt-layout-id_4d8af1-ec .kt-row-layout-bottom-sep{height:100px;}#kt-layout-id_4d8af1-ec .kt-row-layout-bottom-sep svg{width:100%;}#kt-layout-id_4d8af1-ec .kt-row-layout-bottom-sep svg{fill:#ffffff!important;}@media all and (max-width: 1024px){#kt-layout-id_4d8af1-ec > .kt-row-column-wrap{grid-template-columns:minmax(0, 1fr);}}@media all and (max-width: 1024px){#kt-layout-id_4d8af1-ec .kt-row-layout-bottom-sep{height:px;}}@media all and (max-width: 1024px){#kt-layout-id_4d8af1-ec .kt-row-layout-bottom-sep svg{width:%;}}@media all and (max-width: 767px){#kt-layout-id_4d8af1-ec{margin-bottom:0px;}#kt-layout-id_4d8af1-ec > .kt-row-column-wrap{padding-bottom:0px;grid-template-columns:minmax(0, 1fr);}#kt-layout-id_4d8af1-ec .kt-row-layout-bottom-sep{height:px;}#kt-layout-id_4d8af1-ec .kt-row-layout-bottom-sep svg{width:%;}}<\/style>\n<div class=\"wp-block-kadence-rowlayout alignnone\"><div id=\"kt-layout-id_4d8af1-ec\" class=\"kt-row-layout-inner kt-layout-id_4d8af1-ec\"><div class=\"kt-row-column-wrap kt-has-1-columns kt-gutter-default kt-v-gutter-default kt-row-valign-top kt-row-layout-equal kt-tab-layout-inherit kt-m-colapse-left-to-right kt-mobile-layout-row\"><style>.kadence-column_6f8159-a1 > .kt-inside-inner-col{display:flex;}.kadence-column_6f8159-a1 > .kt-inside-inner-col{padding-top:25px;padding-bottom:25px;padding-left:50px;padding-right:50px;}.kadence-column_6f8159-a1 > .kt-inside-inner-col{border-color:var(--global-palette1, #3182CE);border-top-width:0px;border-right-width:0px;border-bottom-width:1px;border-left-width:0px;}.kadence-column_6f8159-a1 > .kt-inside-inner-col,.kadence-column_6f8159-a1 > .kt-inside-inner-col:before{border-top-left-radius:0px;border-top-right-radius:0px;border-bottom-right-radius:0px;border-bottom-left-radius:0px;}.kadence-column_6f8159-a1 > .kt-inside-inner-col{column-gap:var(--global-kb-gap-sm, 1rem);}.kadence-column_6f8159-a1 > .kt-inside-inner-col{flex-direction:column;justify-content:center;}.kadence-column_6f8159-a1 > .kt-inside-inner-col > .aligncenter{width:100%;}.kt-row-column-wrap > .kadence-column_6f8159-a1{align-self:center;}.kt-inner-column-height-full:not(.kt-has-1-columns) > .wp-block-kadence-column.kadence-column_6f8159-a1{align-self:auto;}.kt-inner-column-height-full:not(.kt-has-1-columns) > .wp-block-kadence-column.kadence-column_6f8159-a1 > .kt-inside-inner-col{flex-direction:column;justify-content:center;}.kadence-column_6f8159-a1 > .kt-inside-inner-col:before{opacity:0.3;}.kadence-column_6f8159-a1{position:relative;}@media all and (max-width: 1024px){.kadence-column_6f8159-a1 > .kt-inside-inner-col{flex-direction:column;}}@media all and (max-width: 767px){.kadence-column_6f8159-a1 > .kt-inside-inner-col{flex-direction:column;}}<\/style>\n<div class=\"wp-block-kadence-column inner-column-1 kadence-column_6f8159-a1\"><div class=\"kt-inside-inner-col\"><div class=\"yoast-breadcrumbs\"><span><span><a href=\"http:\/\/mgi-nouveau-site.mgi-labs.com\/en\/\">Accueil<\/a><\/span> \u2022 <span><a href=\"http:\/\/mgi-nouveau-site.mgi-labs.com\/en\/company\/\">Soci\u00e9t\u00e9<\/a><\/span> \u2022 <span><a href=\"http:\/\/mgi-nouveau-site.mgi-labs.com\/en\/company\/investors\/\">Investisseurs<\/a><\/span> \u2022 <span class=\"breadcrumb_last\" aria-current=\"page\">Contacts financiers<\/span><\/span><\/div><\/div><\/div>\n<\/div><\/div><\/div>\n\n\n<style>#kt-layout-id_63a5b1-cd > .kt-row-column-wrap{align-content:start;}:where(#kt-layout-id_63a5b1-cd > .kt-row-column-wrap) > .wp-block-kadence-column{justify-content:start;}#kt-layout-id_63a5b1-cd > .kt-row-column-wrap{column-gap:var(--global-kb-gap-md, 2rem);row-gap:var(--global-kb-gap-md, 2rem);padding-top:var( --global-kb-row-default-top, 25px );padding-bottom:var( --global-kb-row-default-bottom, 25px );padding-left:25px;padding-right:25px;grid-template-columns:repeat(2, minmax(0, 1fr));}#kt-layout-id_63a5b1-cd > .kt-row-layout-overlay{opacity:0.30;}#kt-layout-id_63a5b1-cd .kt-row-layout-bottom-sep{height:100px;}#kt-layout-id_63a5b1-cd .kt-row-layout-bottom-sep svg{width:100%;}#kt-layout-id_63a5b1-cd .kt-row-layout-bottom-sep svg{fill:#ffffff!important;}@media all and (max-width: 1024px){#kt-layout-id_63a5b1-cd > .kt-row-column-wrap{padding-right:10px;padding-left:10px;grid-template-columns:repeat(2, minmax(0, 1fr));}}@media all and (max-width: 1024px){#kt-layout-id_63a5b1-cd .kt-row-layout-bottom-sep{height:px;}}@media all and (max-width: 1024px){#kt-layout-id_63a5b1-cd .kt-row-layout-bottom-sep svg{width:%;}}@media all and (max-width: 767px){#kt-layout-id_63a5b1-cd > .kt-row-column-wrap{padding-left:10px;padding-right:10px;grid-template-columns:minmax(0, 1fr);}#kt-layout-id_63a5b1-cd .kt-row-layout-bottom-sep{height:px;}#kt-layout-id_63a5b1-cd .kt-row-layout-bottom-sep svg{width:%;}}<\/style>\n<div class=\"wp-block-kadence-rowlayout alignnone\"><div id=\"kt-layout-id_63a5b1-cd\" class=\"kt-row-layout-inner kt-layout-id_63a5b1-cd\"><div class=\"kt-row-column-wrap kt-has-2-columns kt-gutter-default kt-v-gutter-default kt-row-valign-top kt-row-layout-equal kt-tab-layout-inherit kt-m-colapse-left-to-right kt-mobile-layout-row\"><style>.kadence-column_51e24f-19 > .kt-inside-inner-col{border-top-width:0px;border-right-width:0px;border-bottom-width:0px;border-left-width:0px;}.kadence-column_51e24f-19 > .kt-inside-inner-col,.kadence-column_51e24f-19 > .kt-inside-inner-col:before{border-top-left-radius:0px;border-top-right-radius:0px;border-bottom-right-radius:0px;border-bottom-left-radius:0px;}.kadence-column_51e24f-19 > .kt-inside-inner-col{column-gap:var(--global-kb-gap-sm, 1rem);}.kadence-column_51e24f-19 > .kt-inside-inner-col{flex-direction:column;}.kadence-column_51e24f-19 > .kt-inside-inner-col > .aligncenter{width:100%;}.kadence-column_51e24f-19 > .kt-inside-inner-col:before{opacity:0.3;}.kadence-column_51e24f-19{position:relative;}@media all and (max-width: 1024px){.kadence-column_51e24f-19 > .kt-inside-inner-col{flex-direction:column;}}@media all and (max-width: 767px){.kadence-column_51e24f-19 > .kt-inside-inner-col{flex-direction:column;}}<\/style>\n<div class=\"wp-block-kadence-column inner-column-1 kadence-column_51e24f-19\"><div class=\"kt-inside-inner-col\">\n<div class=\"is-layout-flow wp-block-group\"><div class=\"wp-block-group__inner-container\"><style>.wp-block-kadence-advancedheading.kt-adv-heading_bcd73c-49, .wp-block-kadence-advancedheading.kt-adv-heading_bcd73c-49[data-kb-block=\"kb-adv-heading_bcd73c-49\"]{margin-bottom:30px;text-align:center;font-style:normal;}.wp-block-kadence-advancedheading.kt-adv-heading_bcd73c-49 mark, .wp-block-kadence-advancedheading.kt-adv-heading_bcd73c-49[data-kb-block=\"kb-adv-heading_bcd73c-49\"] mark{font-style:normal;color:#f76a0c;padding-top:0px;padding-right:0px;padding-bottom:0px;padding-left:0px;}<\/style>\n<h6 class=\"kt-adv-heading_bcd73c-49 wp-block-kadence-advancedheading\" data-kb-block=\"kb-adv-heading_bcd73c-49\">Relations avec les investisseurs<\/h6>\n\n\n\n<p class=\"has-text-align-center\"><strong>MGI Digital Technology<\/strong><br>Monsieur Victor ABERGEL<br>Directeur G\u00e9n\u00e9ral<br>4, rue de la M\u00e9ridienne<br>94260 Fresnes<br>T\u00e9l\u00e9phone : +33 (0)1 45 21 06 60<br>Fax : +33 (0)1 46 68 71 55<br>vabergel@mgi-fr.com<\/p>\n<\/div><\/div>\n<\/div><\/div>\n\n\n<style>.kadence-column_5f760d-5a > .kt-inside-inner-col{border-top-width:0px;border-right-width:0px;border-bottom-width:0px;border-left-width:0px;}.kadence-column_5f760d-5a > .kt-inside-inner-col,.kadence-column_5f760d-5a > .kt-inside-inner-col:before{border-top-left-radius:0px;border-top-right-radius:0px;border-bottom-right-radius:0px;border-bottom-left-radius:0px;}.kadence-column_5f760d-5a > .kt-inside-inner-col{column-gap:var(--global-kb-gap-sm, 1rem);}.kadence-column_5f760d-5a > .kt-inside-inner-col{flex-direction:column;}.kadence-column_5f760d-5a > .kt-inside-inner-col > .aligncenter{width:100%;}.kadence-column_5f760d-5a > .kt-inside-inner-col:before{opacity:0.3;}.kadence-column_5f760d-5a{position:relative;}@media all and (max-width: 1024px){.kadence-column_5f760d-5a > .kt-inside-inner-col{flex-direction:column;}}@media all and (max-width: 767px){.kadence-column_5f760d-5a > .kt-inside-inner-col{flex-direction:column;}}<\/style>\n<div class=\"wp-block-kadence-column inner-column-2 kadence-column_5f760d-5a\"><div class=\"kt-inside-inner-col\">\n<div class=\"is-layout-flow wp-block-group\"><div class=\"wp-block-group__inner-container\">\n<div class=\"is-layout-flow wp-block-group\"><div class=\"wp-block-group__inner-container\"><style>.wp-block-kadence-advancedheading.kt-adv-heading_692663-3e, .wp-block-kadence-advancedheading.kt-adv-heading_692663-3e[data-kb-block=\"kb-adv-heading_692663-3e\"]{margin-bottom:30px;text-align:center;font-style:normal;}.wp-block-kadence-advancedheading.kt-adv-heading_692663-3e mark, .wp-block-kadence-advancedheading.kt-adv-heading_692663-3e[data-kb-block=\"kb-adv-heading_692663-3e\"] mark{font-style:normal;color:#f76a0c;padding-top:0px;padding-right:0px;padding-bottom:0px;padding-left:0px;}<\/style>\n<h6 class=\"kt-adv-heading_692663-3e wp-block-kadence-advancedheading\" data-kb-block=\"kb-adv-heading_692663-3e\">Relations avec la presse financi\u00e8re<\/h6>\n\n\n\n<p class=\"has-text-align-center\"><strong>Actifin<\/strong><br>Monsieur St\u00e9phane RUIZ<br>20, Avenue Franklin D. Roosevelt<br>75008 Paris<br>T\u00e9l\u00e9phone : +33 (0)1 56 88 11 11<br>Fax : +33 (0)1 56 88 11 12<br>sruiz@actifin.fr<\/p>\n<\/div><\/div>\n<\/div><\/div>\n<\/div><\/div>\n<\/div><\/div><\/div>\n\n\n\n<div style=\"height:50px\" aria-hidden=\"true\" class=\"wp-block-spacer\"><\/div>\n","protected":false},"excerpt":{"rendered":"<p>financial contacts Investor Relations MGI Digital TechnologyMr Victor ABERGELDGeneral Manager4, rue de la M\u00e9ridienne94260 FresnesTelephone: +33 (0)1 45 21 06 60Fax: +33 (0)1 46 68 71 55vabergel@mgi-fr.com Financial Press Relations ActifinMr St\u00e9phane RUIZ20, Avenue Franklin D. Roosevelt75008 ParisTelephone: +33 (0)1 56 88 11 11Fax: +33 (0)1 56...<\/p>","protected":false},"author":1,"featured_media":0,"parent":623,"menu_order":0,"comment_status":"closed","ping_status":"closed","template":"","meta":{"_kad_post_transparent":"default","_kad_post_title":"hide","_kad_post_layout":"","_kad_post_sidebar_id":"","_kad_post_content_style":"unboxed","_kad_post_vertical_padding":"hide","_kad_post_feature":"","_kad_post_feature_position":"","_kad_post_header":false,"_kad_post_footer":false},"yoast_head":"<!-- This site is optimized with the Yoast SEO plugin v21.1 - https:\/\/yoast.com\/wordpress\/plugins\/seo\/ -->\n<title>Contacts financiers - MGI Digital Technology<\/title>\n<meta name=\"robots\" content=\"noindex, follow, max-snippet:-1, max-image-preview:large, max-video-preview:-1\" \/>\n<meta property=\"og:locale\" content=\"en_US\" \/>\n<meta property=\"og:type\" content=\"article\" \/>\n<meta property=\"og:title\" content=\"Contacts financiers - MGI Digital Technology\" \/>\n<meta property=\"og:description\" content=\"contacts financiers Relations avec les investisseurs MGI Digital TechnologyMonsieur Victor ABERGELDirecteur G\u00e9n\u00e9ral4, rue de la M\u00e9ridienne94260 FresnesT\u00e9l\u00e9phone : +33 (0)1 45 21 06 60Fax : +33 (0)1 46 68 71 55vabergel@mgi-fr.com Relations avec la presse financi\u00e8re ActifinMonsieur St\u00e9phane RUIZ20, Avenue Franklin D. Roosevelt75008 ParisT\u00e9l\u00e9phone : +33 (0)1 56 88 11 11Fax : +33 (0)1 56...\" \/>\n<meta property=\"og:url\" content=\"http:\/\/mgi-nouveau-site.mgi-labs.com\/en\/company\/investors\/contacts\/\" \/>\n<meta property=\"og:site_name\" content=\"MGI Digital Technology\" \/>\n<meta property=\"article:publisher\" content=\"https:\/\/m.facebook.com\/MGIonline\/\" \/>\n<meta property=\"article:modified_time\" content=\"2022-03-11T10:28:34+00:00\" \/>\n<meta property=\"og:image\" content=\"http:\/\/mgi-nouveau-site.mgi-labs.com\/wp-content\/uploads\/2021\/12\/MGI-Batiment-Fresnes-02.jpg\" \/>\n\t<meta property=\"og:image:width\" content=\"1000\" \/>\n\t<meta property=\"og:image:height\" content=\"667\" \/>\n\t<meta property=\"og:image:type\" content=\"image\/jpeg\" \/>\n<meta name=\"twitter:card\" content=\"summary_large_image\" \/>\n<meta name=\"twitter:site\" content=\"@MGI_HQ\" \/>\n<script type=\"application\/ld+json\" class=\"yoast-schema-graph\">{\"@context\":\"https:\/\/schema.org\",\"@graph\":[{\"@type\":\"WebPage\",\"@id\":\"http:\/\/mgi-nouveau-site.mgi-labs.com\/societe\/investisseurs\/contacts\/\",\"url\":\"http:\/\/mgi-nouveau-site.mgi-labs.com\/societe\/investisseurs\/contacts\/\",\"name\":\"Contacts financiers - MGI Digital Technology\",\"isPartOf\":{\"@id\":\"http:\/\/mgi-nouveau-site.mgi-labs.com\/en\/#website\"},\"datePublished\":\"2021-12-16T10:04:40+00:00\",\"dateModified\":\"2022-03-11T10:28:34+00:00\",\"breadcrumb\":{\"@id\":\"http:\/\/mgi-nouveau-site.mgi-labs.com\/societe\/investisseurs\/contacts\/#breadcrumb\"},\"inLanguage\":\"en-US\",\"potentialAction\":[{\"@type\":\"ReadAction\",\"target\":[\"http:\/\/mgi-nouveau-site.mgi-labs.com\/societe\/investisseurs\/contacts\/\"]}]},{\"@type\":\"BreadcrumbList\",\"@id\":\"http:\/\/mgi-nouveau-site.mgi-labs.com\/societe\/investisseurs\/contacts\/#breadcrumb\",\"itemListElement\":[{\"@type\":\"ListItem\",\"position\":1,\"name\":\"Accueil\",\"item\":\"http:\/\/mgi-nouveau-site.mgi-labs.com\/en\/\"},{\"@type\":\"ListItem\",\"position\":2,\"name\":\"Soci\u00e9t\u00e9\",\"item\":\"http:\/\/mgi-nouveau-site.mgi-labs.com\/en\/company\/\"},{\"@type\":\"ListItem\",\"position\":3,\"name\":\"Investisseurs\",\"item\":\"http:\/\/mgi-nouveau-site.mgi-labs.com\/en\/company\/investors\/\"},{\"@type\":\"ListItem\",\"position\":4,\"name\":\"Contacts financiers\"}]},{\"@type\":\"WebSite\",\"@id\":\"http:\/\/mgi-nouveau-site.mgi-labs.com\/en\/#website\",\"url\":\"http:\/\/mgi-nouveau-site.mgi-labs.com\/en\/\",\"name\":\"MGI Digital Technology\",\"description\":\"Leader des technologies d\u2019impression et de finitions num\u00e9riques\",\"publisher\":{\"@id\":\"http:\/\/mgi-nouveau-site.mgi-labs.com\/en\/#organization\"},\"potentialAction\":[{\"@type\":\"SearchAction\",\"target\":{\"@type\":\"EntryPoint\",\"urlTemplate\":\"http:\/\/mgi-nouveau-site.mgi-labs.com\/en\/?s={search_term_string}\"},\"query-input\":\"required name=search_term_string\"}],\"inLanguage\":\"en-US\"},{\"@type\":\"Organization\",\"@id\":\"http:\/\/mgi-nouveau-site.mgi-labs.com\/en\/#organization\",\"name\":\"MGI Digital Technology\",\"url\":\"http:\/\/mgi-nouveau-site.mgi-labs.com\/en\/\",\"logo\":{\"@type\":\"ImageObject\",\"inLanguage\":\"en-US\",\"@id\":\"http:\/\/mgi-nouveau-site.mgi-labs.com\/en\/#\/schema\/logo\/image\/\",\"url\":\"http:\/\/mgi-nouveau-site.mgi-labs.com\/wp-content\/uploads\/2022\/01\/Logo-MGI-Blue-Baseline.jpg\",\"contentUrl\":\"http:\/\/mgi-nouveau-site.mgi-labs.com\/wp-content\/uploads\/2022\/01\/Logo-MGI-Blue-Baseline.jpg\",\"width\":842,\"height\":595,\"caption\":\"MGI Digital Technology\"},\"image\":{\"@id\":\"http:\/\/mgi-nouveau-site.mgi-labs.com\/en\/#\/schema\/logo\/image\/\"},\"sameAs\":[\"https:\/\/m.facebook.com\/MGIonline\/\",\"https:\/\/twitter.com\/MGI_HQ\",\"https:\/\/www.linkedin.com\/company\/mgi-digital-graphic-technology\/\",\"https:\/\/www.youtube.com\/channel\/UCqJTeVGo2EQ3NOCqFMekydA\"]}]}<\/script>\n<!-- \/ Yoast SEO plugin. -->","yoast_head_json":{"title":"Financial contacts - MGI Digital Technology","robots":{"index":"noindex","follow":"follow","max-snippet":"max-snippet:-1","max-image-preview":"max-image-preview:large","max-video-preview":"max-video-preview:-1"},"og_locale":"en_US","og_type":"article","og_title":"Contacts financiers - MGI Digital Technology","og_description":"contacts financiers Relations avec les investisseurs MGI Digital TechnologyMonsieur Victor ABERGELDirecteur G\u00e9n\u00e9ral4, rue de la M\u00e9ridienne94260 FresnesT\u00e9l\u00e9phone : +33 (0)1 45 21 06 60Fax : +33 (0)1 46 68 71 55vabergel@mgi-fr.com Relations avec la presse financi\u00e8re ActifinMonsieur St\u00e9phane RUIZ20, Avenue Franklin D. Roosevelt75008 ParisT\u00e9l\u00e9phone : +33 (0)1 56 88 11 11Fax : +33 (0)1 56...","og_url":"http:\/\/mgi-nouveau-site.mgi-labs.com\/en\/company\/investors\/contacts\/","og_site_name":"MGI Digital Technology","article_publisher":"https:\/\/m.facebook.com\/MGIonline\/","article_modified_time":"2022-03-11T10:28:34+00:00","og_image":[{"width":1000,"height":667,"url":"http:\/\/mgi-nouveau-site.mgi-labs.com\/wp-content\/uploads\/2021\/12\/MGI-Batiment-Fresnes-02.jpg","type":"image\/jpeg"}],"twitter_card":"summary_large_image","twitter_site":"@MGI_HQ","schema":{"@context":"https:\/\/schema.org","@graph":[{"@type":"WebPage","@id":"http:\/\/mgi-nouveau-site.mgi-labs.com\/societe\/investisseurs\/contacts\/","url":"http:\/\/mgi-nouveau-site.mgi-labs.com\/societe\/investisseurs\/contacts\/","name":"Financial contacts - MGI Digital Technology","isPartOf":{"@id":"http:\/\/mgi-nouveau-site.mgi-labs.com\/en\/#website"},"datePublished":"2021-12-16T10:04:40+00:00","dateModified":"2022-03-11T10:28:34+00:00","breadcrumb":{"@id":"http:\/\/mgi-nouveau-site.mgi-labs.com\/societe\/investisseurs\/contacts\/#breadcrumb"},"inLanguage":"en-US","potentialAction":[{"@type":"ReadAction","target":["http:\/\/mgi-nouveau-site.mgi-labs.com\/societe\/investisseurs\/contacts\/"]}]},{"@type":"BreadcrumbList","@id":"http:\/\/mgi-nouveau-site.mgi-labs.com\/societe\/investisseurs\/contacts\/#breadcrumb","itemListElement":[{"@type":"ListItem","position":1,"name":"Accueil","item":"http:\/\/mgi-nouveau-site.mgi-labs.com\/en\/"},{"@type":"ListItem","position":2,"name":"Soci\u00e9t\u00e9","item":"http:\/\/mgi-nouveau-site.mgi-labs.com\/en\/company\/"},{"@type":"ListItem","position":3,"name":"Investisseurs","item":"http:\/\/mgi-nouveau-site.mgi-labs.com\/en\/company\/investors\/"},{"@type":"ListItem","position":4,"name":"Contacts financiers"}]},{"@type":"WebSite","@id":"http:\/\/mgi-nouveau-site.mgi-labs.com\/en\/#website","url":"http:\/\/mgi-nouveau-site.mgi-labs.com\/en\/","name":"MGI Digital Technology","description":"Leader in digital printing and finishing technologies","publisher":{"@id":"http:\/\/mgi-nouveau-site.mgi-labs.com\/en\/#organization"},"potentialAction":[{"@type":"SearchAction","target":{"@type":"EntryPoint","urlTemplate":"http:\/\/mgi-nouveau-site.mgi-labs.com\/en\/?s={search_term_string}"},"query-input":"required name=search_term_string"}],"inLanguage":"en-US"},{"@type":"Organization","@id":"http:\/\/mgi-nouveau-site.mgi-labs.com\/en\/#organization","name":"MGI Digital Technology","url":"http:\/\/mgi-nouveau-site.mgi-labs.com\/en\/","logo":{"@type":"ImageObject","inLanguage":"en-US","@id":"http:\/\/mgi-nouveau-site.mgi-labs.com\/en\/#\/schema\/logo\/image\/","url":"http:\/\/mgi-nouveau-site.mgi-labs.com\/wp-content\/uploads\/2022\/01\/Logo-MGI-Blue-Baseline.jpg","contentUrl":"http:\/\/mgi-nouveau-site.mgi-labs.com\/wp-content\/uploads\/2022\/01\/Logo-MGI-Blue-Baseline.jpg","width":842,"height":595,"caption":"MGI Digital Technology"},"image":{"@id":"http:\/\/mgi-nouveau-site.mgi-labs.com\/en\/#\/schema\/logo\/image\/"},"sameAs":["https:\/\/m.facebook.com\/MGIonline\/","https:\/\/twitter.com\/MGI_HQ","https:\/\/www.linkedin.com\/company\/mgi-digital-graphic-technology\/","https:\/\/www.youtube.com\/channel\/UCqJTeVGo2EQ3NOCqFMekydA"]}]}},"_links":{"self":[{"href":"http:\/\/mgi-nouveau-site.mgi-labs.com\/en\/wp-json\/wp\/v2\/pages\/615"}],"collection":[{"href":"http:\/\/mgi-nouveau-site.mgi-labs.com\/en\/wp-json\/wp\/v2\/pages"}],"about":[{"href":"http:\/\/mgi-nouveau-site.mgi-labs.com\/en\/wp-json\/wp\/v2\/types\/page"}],"author":[{"embeddable":true,"href":"http:\/\/mgi-nouveau-site.mgi-labs.com\/en\/wp-json\/wp\/v2\/users\/1"}],"replies":[{"embeddable":true,"href":"http:\/\/mgi-nouveau-site.mgi-labs.com\/en\/wp-json\/wp\/v2\/comments?post=615"}],"version-history":[{"count":22,"href":"http:\/\/mgi-nouveau-site.mgi-labs.com\/en\/wp-json\/wp\/v2\/pages\/615\/revisions"}],"predecessor-version":[{"id":5881,"href":"http:\/\/mgi-nouveau-site.mgi-labs.com\/en\/wp-json\/wp\/v2\/pages\/615\/revisions\/5881"}],"up":[{"embeddable":true,"href":"http:\/\/mgi-nouveau-site.mgi-labs.com\/en\/wp-json\/wp\/v2\/pages\/623"}],"wp:attachment":[{"href":"http:\/\/mgi-nouveau-site.mgi-labs.com\/en\/wp-json\/wp\/v2\/media?parent=615"}],"curies":[{"name":"wp","href":"https:\/\/api.w.org\/{rel}","templated":true}]}}