{"id":703,"date":"2021-12-16T14:47:29","date_gmt":"2021-12-16T14:47:29","guid":{"rendered":"http:\/\/mgi-nouveau-site.mgi-labs.com\/?page_id=703"},"modified":"2022-03-11T11:27:26","modified_gmt":"2022-03-11T10:27:26","slug":"groupe-mgi","status":"publish","type":"page","link":"http:\/\/mgi-nouveau-site.mgi-labs.com\/en\/company\/group-mgi\/","title":{"rendered":"The MGI Group"},"content":{"rendered":"<style>#kt-layout-id_e96e15-f7 > .kt-row-column-wrap{align-content:end;}:where(#kt-layout-id_e96e15-f7 > .kt-row-column-wrap) > .wp-block-kadence-column{justify-content:end;}#kt-layout-id_e96e15-f7 > .kt-row-column-wrap{column-gap:var(--global-kb-gap-md, 2rem);row-gap:var(--global-kb-gap-md, 2rem);max-width:1600px;margin-left:auto;margin-right:auto;padding-top:var( --global-kb-row-default-top, 25px );padding-bottom:var( --global-kb-row-default-bottom, 25px );padding-top:20px;padding-bottom:20px;min-height:500px;grid-template-columns:minmax(0, 1fr);}#kt-layout-id_e96e15-f7{background-image:url('http:\/\/mgi-nouveau-site.mgi-labs.com\/wp-content\/uploads\/2021\/12\/MGI-Batiment-Fresnes-1920x1280-1.jpg');background-size:cover;background-position:97% 51%;background-attachment:scroll;background-repeat:no-repeat;}#kt-layout-id_e96e15-f7 > .kt-row-layout-overlay{opacity:0.70;background-image:linear-gradient(180deg, rgba(255, 255, 255, 0) 40%, var(--global-palette9, #ffffff) 83%);}#kt-layout-id_e96e15-f7 ,#kt-layout-id_e96e15-f7 h1,#kt-layout-id_e96e15-f7 h2,#kt-layout-id_e96e15-f7 h3,#kt-layout-id_e96e15-f7 h4,#kt-layout-id_e96e15-f7 h5,#kt-layout-id_e96e15-f7 h6{color:#ffffff;}#kt-layout-id_e96e15-f7 .kt-row-layout-bottom-sep{height:100px;}#kt-layout-id_e96e15-f7 .kt-row-layout-bottom-sep svg{width:100%;}#kt-layout-id_e96e15-f7 .kt-row-layout-bottom-sep svg{fill:#ffffff!important;}@media all and (max-width: 1024px){#kt-layout-id_e96e15-f7 > .kt-row-column-wrap{min-height:300px;grid-template-columns:minmax(0, 1fr);}}@media all and (max-width: 1024px){#kt-layout-id_e96e15-f7 .kt-row-layout-bottom-sep{height:px;}}@media all and (max-width: 1024px){#kt-layout-id_e96e15-f7 .kt-row-layout-bottom-sep svg{width:%;}}@media all and (max-width: 767px){#kt-layout-id_e96e15-f7 > .kt-row-column-wrap{min-height:300px;grid-template-columns:minmax(0, 1fr);}#kt-layout-id_e96e15-f7 .kt-row-layout-bottom-sep{height:px;}#kt-layout-id_e96e15-f7 .kt-row-layout-bottom-sep svg{width:%;}}<\/style>\n<div class=\"wp-block-kadence-rowlayout alignfull\"><div id=\"kt-layout-id_e96e15-f7\" class=\"kt-row-layout-inner kt-row-has-bg kt-layout-id_e96e15-f7\"><div class=\"kt-row-layout-overlay kt-row-overlay-gradient\"><\/div><div class=\"kt-row-column-wrap kt-has-1-columns kt-gutter-default kt-v-gutter-default kt-row-valign-bottom kt-row-layout-equal kt-tab-layout-inherit kt-m-colapse-left-to-right kt-mobile-layout-row\"><style>.kadence-column_79cbc1-ca > .kt-inside-inner-col{border-top-width:0px;border-right-width:0px;border-bottom-width:0px;border-left-width:0px;}.kadence-column_79cbc1-ca > .kt-inside-inner-col,.kadence-column_79cbc1-ca > .kt-inside-inner-col:before{border-top-left-radius:0px;border-top-right-radius:0px;border-bottom-right-radius:0px;border-bottom-left-radius:0px;}.kadence-column_79cbc1-ca > .kt-inside-inner-col{column-gap:var(--global-kb-gap-sm, 1rem);}.kadence-column_79cbc1-ca > .kt-inside-inner-col{flex-direction:column;}.kadence-column_79cbc1-ca > .kt-inside-inner-col > .aligncenter{width:100%;}.kadence-column_79cbc1-ca > .kt-inside-inner-col:before{opacity:0.3;}.kadence-column_79cbc1-ca{position:relative;}@media all and (max-width: 1024px){.kadence-column_79cbc1-ca > .kt-inside-inner-col{flex-direction:column;}}@media all and (max-width: 767px){.kadence-column_79cbc1-ca > .kt-inside-inner-col{flex-direction:column;}}<\/style>\n<div class=\"wp-block-kadence-column inner-column-1 kadence-column_79cbc1-ca\"><div class=\"kt-inside-inner-col\"><style>.wp-block-kadence-advancedheading.kt-adv-heading_108d56-fd, .wp-block-kadence-advancedheading.kt-adv-heading_108d56-fd[data-kb-block=\"kb-adv-heading_108d56-fd\"]{text-align:center;font-style:normal;text-transform:uppercase;text-shadow:1px 1px 30px #ffffff;}.wp-block-kadence-advancedheading.kt-adv-heading_108d56-fd mark, .wp-block-kadence-advancedheading.kt-adv-heading_108d56-fd[data-kb-block=\"kb-adv-heading_108d56-fd\"] mark{font-style:normal;color:#f76a0c;padding-top:0px;padding-right:0px;padding-bottom:0px;padding-left:0px;}<\/style>\n<h1 class=\"kt-adv-heading_108d56-fd wp-block-kadence-advancedheading has-theme-palette-4-color has-text-color\" data-kb-block=\"kb-adv-heading_108d56-fd\">Le groupe mgi<\/h1>\n\n\n\n<p><\/p>\n<\/div><\/div>\n<\/div><\/div><\/div>\n\n\n<style>.wp-block-kadence-advancedheading.kt-adv-heading_2d285b-fc, .wp-block-kadence-advancedheading.kt-adv-heading_2d285b-fc[data-kb-block=\"kb-adv-heading_2d285b-fc\"]{text-align:center;font-style:normal;}.wp-block-kadence-advancedheading.kt-adv-heading_2d285b-fc mark, .wp-block-kadence-advancedheading.kt-adv-heading_2d285b-fc[data-kb-block=\"kb-adv-heading_2d285b-fc\"] mark{font-style:normal;color:#f76a0c;padding-top:0px;padding-right:0px;padding-bottom:0px;padding-left:0px;}<\/style>\n<h5 class=\"kt-adv-heading_2d285b-fc wp-block-kadence-advancedheading\" data-kb-block=\"kb-adv-heading_2d285b-fc\">Leader des technologies d&rsquo;impression et de finitions num\u00e9riques.<\/h5>\n\n\n<style>#kt-layout-id_500323-ac > .kt-row-column-wrap{align-content:start;}:where(#kt-layout-id_500323-ac > .kt-row-column-wrap) > .wp-block-kadence-column{justify-content:start;}#kt-layout-id_500323-ac > .kt-row-column-wrap{column-gap:var(--global-kb-gap-md, 2rem);row-gap:var(--global-kb-gap-md, 2rem);padding-top:var( --global-kb-row-default-top, 25px );padding-bottom:var( --global-kb-row-default-bottom, 25px );padding-top:2%;padding-bottom:5%;padding-left:2%;padding-right:2%;grid-template-columns:minmax(0, 1fr);}#kt-layout-id_500323-ac > .kt-row-layout-overlay{opacity:0.30;}@media all and (max-width: 1024px){#kt-layout-id_500323-ac > .kt-row-column-wrap{padding-right:0%;padding-left:0%;grid-template-columns:minmax(0, 1fr);}}@media all and (max-width: 767px){#kt-layout-id_500323-ac > .kt-row-column-wrap{padding-left:0%;padding-right:0%;grid-template-columns:minmax(0, 1fr);}}<\/style>\n<div class=\"wp-block-kadence-rowlayout alignwide\"><div id=\"kt-layout-id_500323-ac\" class=\"kt-row-layout-inner kt-layout-id_500323-ac\"><div class=\"kt-row-column-wrap kt-has-1-columns kt-gutter-default kt-v-gutter-default kt-row-valign-top kt-row-layout-equal kt-tab-layout-inherit kt-m-colapse-left-to-right kt-mobile-layout-row\"><style>.kadence-column_16d6ce-a1 > .kt-inside-inner-col{border-top-width:0px;border-right-width:0px;border-bottom-width:0px;border-left-width:0px;}.kadence-column_16d6ce-a1 > .kt-inside-inner-col,.kadence-column_16d6ce-a1 > .kt-inside-inner-col:before{border-top-left-radius:0px;border-top-right-radius:0px;border-bottom-right-radius:0px;border-bottom-left-radius:0px;}.kadence-column_16d6ce-a1 > .kt-inside-inner-col{column-gap:var(--global-kb-gap-sm, 1rem);}.kadence-column_16d6ce-a1 > .kt-inside-inner-col{flex-direction:column;}.kadence-column_16d6ce-a1 > .kt-inside-inner-col > .aligncenter{width:100%;}.kadence-column_16d6ce-a1 > .kt-inside-inner-col:before{opacity:0.3;}.kadence-column_16d6ce-a1{position:relative;}@media all and (max-width: 1024px){.kadence-column_16d6ce-a1 > .kt-inside-inner-col{flex-direction:column;}}@media all and (max-width: 767px){.kadence-column_16d6ce-a1 > .kt-inside-inner-col{flex-direction:column;}}<\/style>\n<div class=\"wp-block-kadence-column inner-column-1 kadence-column_16d6ce-a1\"><div class=\"kt-inside-inner-col\">\n<div class=\"wp-block-media-text has-media-on-the-right is-stacked-on-mobile is-image-fill\" style=\"grid-template-columns:auto 40%\"><figure class=\"wp-block-media-text__media\" style=\"background-image:url(http:\/\/mgi-nouveau-site.mgi-labs.com\/wp-content\/uploads\/2021\/12\/MGI-Batiment-Fresnes-02.jpg);background-position:49% 59%\"><img decoding=\"async\" loading=\"lazy\" width=\"1000\" height=\"667\" src=\"http:\/\/mgi-nouveau-site.mgi-labs.com\/wp-content\/uploads\/2021\/12\/MGI-Batiment-Fresnes-02.jpg\" alt=\"\" class=\"wp-image-723 size-full\" srcset=\"http:\/\/mgi-nouveau-site.mgi-labs.com\/wp-content\/uploads\/2021\/12\/MGI-Batiment-Fresnes-02.jpg 1000w, http:\/\/mgi-nouveau-site.mgi-labs.com\/wp-content\/uploads\/2021\/12\/MGI-Batiment-Fresnes-02-300x200.jpg 300w, http:\/\/mgi-nouveau-site.mgi-labs.com\/wp-content\/uploads\/2021\/12\/MGI-Batiment-Fresnes-02-768x512.jpg 768w\" sizes=\"(max-width: 1000px) 100vw, 1000px\" \/><\/figure><div class=\"wp-block-media-text__content\"><style>.wp-block-kadence-advancedheading.kt-adv-heading_0b2bf2-98, .wp-block-kadence-advancedheading.kt-adv-heading_0b2bf2-98[data-kb-block=\"kb-adv-heading_0b2bf2-98\"]{font-style:normal;}.wp-block-kadence-advancedheading.kt-adv-heading_0b2bf2-98 mark, .wp-block-kadence-advancedheading.kt-adv-heading_0b2bf2-98[data-kb-block=\"kb-adv-heading_0b2bf2-98\"] mark{font-style:normal;color:#f76a0c;padding-top:0px;padding-right:0px;padding-bottom:0px;padding-left:0px;}@media all and (max-width: 767px){.wp-block-kadence-advancedheading.kt-adv-heading_0b2bf2-98, .wp-block-kadence-advancedheading.kt-adv-heading_0b2bf2-98[data-kb-block=\"kb-adv-heading_0b2bf2-98\"]{padding-top:10px;}}<\/style>\n<h6 class=\"kt-adv-heading_0b2bf2-98 wp-block-kadence-advancedheading\" data-kb-block=\"kb-adv-heading_0b2bf2-98\">38 ans d\u2019innovation, <br>au service des Industries Graphiques<\/h6>\n\n\n\n<p>MGI Digital Technology est un constructeur fran\u00e7ais de presses d\u2019impression et d\u2019ennoblissement num\u00e9riques, adressant les march\u00e9s de l\u2019imprimerie commerciale, du packaging, de l\u2019\u00e9tiquette adh\u00e9sive, de l\u2019emballage souple, de l\u2019imprim\u00e9 photo, du Web to Print et de la sous-traitance.<\/p>\n\n\n\n<p>Cr\u00e9\u00e9e en 1982, MGI Digital Technology est cot\u00e9e sur le march\u00e9 boursier NYSE Alternext Paris (code boursier AMLDG).<\/p>\n\n\n\n<p>R\u00e9alisant pr\u00e8s de 90% de son chiffre d\u2019affaires \u00e0 l\u2019export, MGI Digital Technology conna\u00eet une croissance organique annuelle d\u2019environ 10%.<\/p>\n\n\n\n<p>Le si\u00e8ge de MGI Digital Technology et son centre de pr\u00e9paration\/exp\u00e9dition est bas\u00e9 en Ile de France, \u00e0 Fresnes, \u00e0 proximit\u00e9 imm\u00e9diate d\u2019Orly.<\/p>\n\n\n\n<p>La soci\u00e9t\u00e9 dispose en outre de 3 sites de production, bas\u00e9s \u00e0 Descartes (41), Limoges (87) et Villigendorf (R\u00e9publique F\u00e9d\u00e9rale d\u2019Allemagne).<\/p>\n\n\n\n<p>S\u2019appuyant sur une expertise technologique historiquement reconnue, MGI a re\u00e7u 2 labels BPI France\/OSEO \u00abExcellence\u00bb et \u00abEntreprise Innovante\u00bb, ainsi qu\u2019une cinquantaine d\u2019Awards Industriels Internationaux.<\/p>\n\n\n\n<p><\/p>\n<\/div><\/div>\n<\/div><\/div>\n<\/div><\/div><\/div>\n\n\n<style>#kt-layout-id_c4bcc3-c1 > .kt-row-column-wrap{align-content:start;}:where(#kt-layout-id_c4bcc3-c1 > .kt-row-column-wrap) > .wp-block-kadence-column{justify-content:start;}#kt-layout-id_c4bcc3-c1 > .kt-row-column-wrap{column-gap:var(--global-kb-gap-md, 2rem);row-gap:var(--global-kb-gap-md, 2rem);padding-top:var( --global-kb-row-default-top, 25px );padding-bottom:var( --global-kb-row-default-bottom, 25px );padding-top:2%;padding-bottom:5%;padding-left:2%;padding-right:2%;grid-template-columns:minmax(0, 1fr);}#kt-layout-id_c4bcc3-c1 > .kt-row-layout-overlay{opacity:0.30;}@media all and (max-width: 1024px){#kt-layout-id_c4bcc3-c1 > .kt-row-column-wrap{padding-right:0%;padding-left:0%;grid-template-columns:minmax(0, 1fr);}}@media all and (max-width: 767px){#kt-layout-id_c4bcc3-c1 > .kt-row-column-wrap{padding-left:0%;padding-right:0%;grid-template-columns:minmax(0, 1fr);}}<\/style>\n<div class=\"wp-block-kadence-rowlayout alignwide\"><div id=\"kt-layout-id_c4bcc3-c1\" class=\"kt-row-layout-inner kt-layout-id_c4bcc3-c1\"><div class=\"kt-row-column-wrap kt-has-1-columns kt-gutter-default kt-v-gutter-default kt-row-valign-top kt-row-layout-equal kt-tab-layout-inherit kt-m-colapse-left-to-right kt-mobile-layout-row\"><style>.kadence-column_b3680e-27 > .kt-inside-inner-col{border-top-width:0px;border-right-width:0px;border-bottom-width:0px;border-left-width:0px;}.kadence-column_b3680e-27 > .kt-inside-inner-col,.kadence-column_b3680e-27 > .kt-inside-inner-col:before{border-top-left-radius:0px;border-top-right-radius:0px;border-bottom-right-radius:0px;border-bottom-left-radius:0px;}.kadence-column_b3680e-27 > .kt-inside-inner-col{column-gap:var(--global-kb-gap-sm, 1rem);}.kadence-column_b3680e-27 > .kt-inside-inner-col{flex-direction:column;}.kadence-column_b3680e-27 > .kt-inside-inner-col > .aligncenter{width:100%;}.kadence-column_b3680e-27 > .kt-inside-inner-col:before{opacity:0.3;}.kadence-column_b3680e-27{position:relative;}@media all and (max-width: 1024px){.kadence-column_b3680e-27 > .kt-inside-inner-col{flex-direction:column;}}@media all and (max-width: 767px){.kadence-column_b3680e-27 > .kt-inside-inner-col{flex-direction:column;}}<\/style>\n<div class=\"wp-block-kadence-column inner-column-1 kadence-column_b3680e-27\"><div class=\"kt-inside-inner-col\">\n<div class=\"wp-block-media-text is-stacked-on-mobile is-image-fill\" style=\"grid-template-columns:60% auto\"><figure class=\"wp-block-media-text__media\" style=\"background-image:url(http:\/\/mgi-nouveau-site.mgi-labs.com\/wp-content\/uploads\/2021\/12\/MGI-Group-Sites-Carte-Europe-1024x541.jpg);background-position:8% 62%\"><img decoding=\"async\" loading=\"lazy\" width=\"1024\" height=\"541\" src=\"http:\/\/mgi-nouveau-site.mgi-labs.com\/wp-content\/uploads\/2021\/12\/MGI-Group-Sites-Carte-Europe-1024x541.jpg\" alt=\"MGI-Group-Sites-Carte-Europe\" class=\"wp-image-403 size-full\" srcset=\"http:\/\/mgi-nouveau-site.mgi-labs.com\/wp-content\/uploads\/2021\/12\/MGI-Group-Sites-Carte-Europe-1024x541.jpg 1024w, http:\/\/mgi-nouveau-site.mgi-labs.com\/wp-content\/uploads\/2021\/12\/MGI-Group-Sites-Carte-Europe-300x158.jpg 300w, http:\/\/mgi-nouveau-site.mgi-labs.com\/wp-content\/uploads\/2021\/12\/MGI-Group-Sites-Carte-Europe-768x406.jpg 768w, http:\/\/mgi-nouveau-site.mgi-labs.com\/wp-content\/uploads\/2021\/12\/MGI-Group-Sites-Carte-Europe.jpg 1500w\" sizes=\"(max-width: 1024px) 100vw, 1024px\" \/><\/figure><div class=\"wp-block-media-text__content\"><style>.wp-block-kadence-advancedheading.kt-adv-heading_bdf9d8-74, .wp-block-kadence-advancedheading.kt-adv-heading_bdf9d8-74[data-kb-block=\"kb-adv-heading_bdf9d8-74\"]{font-style:normal;}.wp-block-kadence-advancedheading.kt-adv-heading_bdf9d8-74 mark, .wp-block-kadence-advancedheading.kt-adv-heading_bdf9d8-74[data-kb-block=\"kb-adv-heading_bdf9d8-74\"] mark{font-style:normal;color:#f76a0c;padding-top:0px;padding-right:0px;padding-bottom:0px;padding-left:0px;}@media all and (max-width: 767px){.wp-block-kadence-advancedheading.kt-adv-heading_bdf9d8-74, .wp-block-kadence-advancedheading.kt-adv-heading_bdf9d8-74[data-kb-block=\"kb-adv-heading_bdf9d8-74\"]{padding-top:10px;}}<\/style>\n<h6 class=\"kt-adv-heading_bdf9d8-74 wp-block-kadence-advancedheading\" data-kb-block=\"kb-adv-heading_bdf9d8-74\">Les diff\u00e9rentes entit\u00e9s du Groupe MGI<\/h6>\n\n\n\n<p><strong>FRANCE<\/strong><br>Si\u00e8ge mondial de MGI et dessert la France, l\u2019Europe, le Moyen Orient, l\u2019Afrique et la Russie.<\/p>\n\n\n\n<p><strong>\u00c9TATS-UNIS<\/strong><br>Filiale install\u00e9e en Floride desservant l\u2019ensemble du continent am\u00e9ricain (Canada, Am\u00e9rique du Nord, Centrale et du Sud) et les Cara\u00efbes.<\/p>\n\n\n\n<p>M<strong>GI CERADROP<\/strong> (Limoges)<br>MGI Ceradrop est sp\u00e9cialis\u00e9e dans la conception et la commercialisation d\u2019\u00e9quipements professionnels d\u2019impression jet d\u2019encre pour l\u2019\u00e9lectronique imprim\u00e9e (Printed Electronics) et l\u2019impression intelligente en 3D.<br><a href=\"http:\/\/www.ceradrop.com\/en\/\">Acc\u00e9der au site web MGI CERADROP (en anglais)<\/a><\/p>\n\n\n\n<p><strong>MGI K\u00d6RA-PACKMAT<\/strong> (Villingendorf \u2013 Allemagne)<br>MGI K\u00f6ra-Packmat est une soci\u00e9t\u00e9 allemande sp\u00e9cialis\u00e9e dans la fabrication d\u2019ensembles m\u00e9caniques de haute pr\u00e9cision, bas\u00e9e en For\u00eat Noire.<br><a href=\"http:\/\/www.ceradrop.com\/en\/\">Acc\u00e9der au site web K\u00d6RA-PACKMAT (en anglais)<\/a><\/p>\n\n\n\n<p><\/p>\n<\/div><\/div>\n<\/div><\/div>\n<\/div><\/div><\/div>\n\n\n\n<div class=\"is-layout-flex wp-container-2 wp-block-columns alignwide\">\n<div class=\"is-layout-flow wp-block-column\" style=\"flex-basis:100%\"><\/div>\n<\/div>\n\n\n\n<div style=\"height:50px\" aria-hidden=\"true\" class=\"wp-block-spacer\"><\/div>\n","protected":false},"excerpt":{"rendered":"<p>Le groupe mgi Leader des technologies d&rsquo;impression et de finitions num\u00e9riques. 38 ans d\u2019innovation, au service des Industries Graphiques MGI Digital Technology est un constructeur fran\u00e7ais de presses d\u2019impression et d\u2019ennoblissement num\u00e9riques, adressant les march\u00e9s de l\u2019imprimerie commerciale, du packaging, de l\u2019\u00e9tiquette adh\u00e9sive, de l\u2019emballage souple, de l\u2019imprim\u00e9 photo, du Web to Print et de&#8230;<\/p>","protected":false},"author":1,"featured_media":0,"parent":661,"menu_order":0,"comment_status":"closed","ping_status":"closed","template":"","meta":{"_kad_post_transparent":"default","_kad_post_title":"hide","_kad_post_layout":"","_kad_post_sidebar_id":"","_kad_post_content_style":"unboxed","_kad_post_vertical_padding":"hide","_kad_post_feature":"","_kad_post_feature_position":"","_kad_post_header":false,"_kad_post_footer":false},"yoast_head":"<!-- This site is optimized with the Yoast SEO plugin v21.1 - https:\/\/yoast.com\/wordpress\/plugins\/seo\/ -->\n<title>Le groupe MGI - MGI Digital Technology<\/title>\n<meta name=\"robots\" content=\"noindex, follow, max-snippet:-1, max-image-preview:large, max-video-preview:-1\" \/>\n<meta property=\"og:locale\" content=\"en_US\" \/>\n<meta property=\"og:type\" content=\"article\" \/>\n<meta property=\"og:title\" content=\"Le groupe MGI - MGI Digital Technology\" \/>\n<meta property=\"og:description\" content=\"Le groupe mgi Leader des technologies d&rsquo;impression et de finitions num\u00e9riques. 38 ans d\u2019innovation, au service des Industries Graphiques MGI Digital Technology est un constructeur fran\u00e7ais de presses d\u2019impression et d\u2019ennoblissement num\u00e9riques, adressant les march\u00e9s de l\u2019imprimerie commerciale, du packaging, de l\u2019\u00e9tiquette adh\u00e9sive, de l\u2019emballage souple, de l\u2019imprim\u00e9 photo, du Web to Print et de...\" \/>\n<meta property=\"og:url\" content=\"http:\/\/mgi-nouveau-site.mgi-labs.com\/en\/company\/group-mgi\/\" \/>\n<meta property=\"og:site_name\" content=\"MGI Digital Technology\" \/>\n<meta property=\"article:publisher\" content=\"https:\/\/m.facebook.com\/MGIonline\/\" \/>\n<meta property=\"article:modified_time\" content=\"2022-03-11T10:27:26+00:00\" \/>\n<meta property=\"og:image\" content=\"http:\/\/mgi-nouveau-site.mgi-labs.com\/wp-content\/uploads\/2021\/12\/MGI-Batiment-Fresnes-02.jpg\" \/>\n<meta name=\"twitter:card\" content=\"summary_large_image\" \/>\n<meta name=\"twitter:site\" content=\"@MGI_HQ\" \/>\n<script type=\"application\/ld+json\" class=\"yoast-schema-graph\">{\"@context\":\"https:\/\/schema.org\",\"@graph\":[{\"@type\":\"WebPage\",\"@id\":\"https:\/\/mgi-nouveau-site.mgi-labs.com\/en\/company\/group-mgi\/\",\"url\":\"https:\/\/mgi-nouveau-site.mgi-labs.com\/en\/company\/group-mgi\/\",\"name\":\"Le groupe MGI - MGI Digital Technology\",\"isPartOf\":{\"@id\":\"http:\/\/mgi-nouveau-site.mgi-labs.com\/en\/#website\"},\"datePublished\":\"2021-12-16T14:47:29+00:00\",\"dateModified\":\"2022-03-11T10:27:26+00:00\",\"breadcrumb\":{\"@id\":\"https:\/\/mgi-nouveau-site.mgi-labs.com\/en\/company\/group-mgi\/#breadcrumb\"},\"inLanguage\":\"en-US\",\"potentialAction\":[{\"@type\":\"ReadAction\",\"target\":[\"https:\/\/mgi-nouveau-site.mgi-labs.com\/en\/company\/group-mgi\/\"]}]},{\"@type\":\"BreadcrumbList\",\"@id\":\"https:\/\/mgi-nouveau-site.mgi-labs.com\/en\/company\/group-mgi\/#breadcrumb\",\"itemListElement\":[{\"@type\":\"ListItem\",\"position\":1,\"name\":\"Accueil\",\"item\":\"http:\/\/mgi-nouveau-site.mgi-labs.com\/en\/\"},{\"@type\":\"ListItem\",\"position\":2,\"name\":\"Soci\u00e9t\u00e9\",\"item\":\"https:\/\/mgi-nouveau-site.mgi-labs.com\/en\/company\/\"},{\"@type\":\"ListItem\",\"position\":3,\"name\":\"Le groupe MGI\"}]},{\"@type\":\"WebSite\",\"@id\":\"http:\/\/mgi-nouveau-site.mgi-labs.com\/en\/#website\",\"url\":\"http:\/\/mgi-nouveau-site.mgi-labs.com\/en\/\",\"name\":\"MGI Digital Technology\",\"description\":\"Leader des technologies d\u2019impression et de finitions num\u00e9riques\",\"publisher\":{\"@id\":\"http:\/\/mgi-nouveau-site.mgi-labs.com\/en\/#organization\"},\"potentialAction\":[{\"@type\":\"SearchAction\",\"target\":{\"@type\":\"EntryPoint\",\"urlTemplate\":\"http:\/\/mgi-nouveau-site.mgi-labs.com\/en\/?s={search_term_string}\"},\"query-input\":\"required name=search_term_string\"}],\"inLanguage\":\"en-US\"},{\"@type\":\"Organization\",\"@id\":\"http:\/\/mgi-nouveau-site.mgi-labs.com\/en\/#organization\",\"name\":\"MGI Digital Technology\",\"url\":\"http:\/\/mgi-nouveau-site.mgi-labs.com\/en\/\",\"logo\":{\"@type\":\"ImageObject\",\"inLanguage\":\"en-US\",\"@id\":\"http:\/\/mgi-nouveau-site.mgi-labs.com\/en\/#\/schema\/logo\/image\/\",\"url\":\"http:\/\/mgi-nouveau-site.mgi-labs.com\/wp-content\/uploads\/2022\/01\/Logo-MGI-Blue-Baseline.jpg\",\"contentUrl\":\"http:\/\/mgi-nouveau-site.mgi-labs.com\/wp-content\/uploads\/2022\/01\/Logo-MGI-Blue-Baseline.jpg\",\"width\":842,\"height\":595,\"caption\":\"MGI Digital Technology\"},\"image\":{\"@id\":\"http:\/\/mgi-nouveau-site.mgi-labs.com\/en\/#\/schema\/logo\/image\/\"},\"sameAs\":[\"https:\/\/m.facebook.com\/MGIonline\/\",\"https:\/\/twitter.com\/MGI_HQ\",\"https:\/\/www.linkedin.com\/company\/mgi-digital-graphic-technology\/\",\"https:\/\/www.youtube.com\/channel\/UCqJTeVGo2EQ3NOCqFMekydA\"]}]}<\/script>\n<!-- \/ Yoast SEO plugin. -->","yoast_head_json":{"title":"MGI Group - MGI Digital Technology","robots":{"index":"noindex","follow":"follow","max-snippet":"max-snippet:-1","max-image-preview":"max-image-preview:large","max-video-preview":"max-video-preview:-1"},"og_locale":"en_US","og_type":"article","og_title":"Le groupe MGI - MGI Digital Technology","og_description":"Le groupe mgi Leader des technologies d&rsquo;impression et de finitions num\u00e9riques. 38 ans d\u2019innovation, au service des Industries Graphiques MGI Digital Technology est un constructeur fran\u00e7ais de presses d\u2019impression et d\u2019ennoblissement num\u00e9riques, adressant les march\u00e9s de l\u2019imprimerie commerciale, du packaging, de l\u2019\u00e9tiquette adh\u00e9sive, de l\u2019emballage souple, de l\u2019imprim\u00e9 photo, du Web to Print et de...","og_url":"http:\/\/mgi-nouveau-site.mgi-labs.com\/en\/company\/group-mgi\/","og_site_name":"MGI Digital Technology","article_publisher":"https:\/\/m.facebook.com\/MGIonline\/","article_modified_time":"2022-03-11T10:27:26+00:00","og_image":[{"url":"http:\/\/mgi-nouveau-site.mgi-labs.com\/wp-content\/uploads\/2021\/12\/MGI-Batiment-Fresnes-02.jpg"}],"twitter_card":"summary_large_image","twitter_site":"@MGI_HQ","schema":{"@context":"https:\/\/schema.org","@graph":[{"@type":"WebPage","@id":"https:\/\/mgi-nouveau-site.mgi-labs.com\/en\/company\/group-mgi\/","url":"https:\/\/mgi-nouveau-site.mgi-labs.com\/en\/company\/group-mgi\/","name":"MGI Group - MGI Digital Technology","isPartOf":{"@id":"http:\/\/mgi-nouveau-site.mgi-labs.com\/en\/#website"},"datePublished":"2021-12-16T14:47:29+00:00","dateModified":"2022-03-11T10:27:26+00:00","breadcrumb":{"@id":"https:\/\/mgi-nouveau-site.mgi-labs.com\/en\/company\/group-mgi\/#breadcrumb"},"inLanguage":"en-US","potentialAction":[{"@type":"ReadAction","target":["https:\/\/mgi-nouveau-site.mgi-labs.com\/en\/company\/group-mgi\/"]}]},{"@type":"BreadcrumbList","@id":"https:\/\/mgi-nouveau-site.mgi-labs.com\/en\/company\/group-mgi\/#breadcrumb","itemListElement":[{"@type":"ListItem","position":1,"name":"Accueil","item":"http:\/\/mgi-nouveau-site.mgi-labs.com\/en\/"},{"@type":"ListItem","position":2,"name":"Soci\u00e9t\u00e9","item":"https:\/\/mgi-nouveau-site.mgi-labs.com\/en\/company\/"},{"@type":"ListItem","position":3,"name":"Le groupe MGI"}]},{"@type":"WebSite","@id":"http:\/\/mgi-nouveau-site.mgi-labs.com\/en\/#website","url":"http:\/\/mgi-nouveau-site.mgi-labs.com\/en\/","name":"MGI Digital Technology","description":"Leader in digital printing and finishing technologies","publisher":{"@id":"http:\/\/mgi-nouveau-site.mgi-labs.com\/en\/#organization"},"potentialAction":[{"@type":"SearchAction","target":{"@type":"EntryPoint","urlTemplate":"http:\/\/mgi-nouveau-site.mgi-labs.com\/en\/?s={search_term_string}"},"query-input":"required name=search_term_string"}],"inLanguage":"en-US"},{"@type":"Organization","@id":"http:\/\/mgi-nouveau-site.mgi-labs.com\/en\/#organization","name":"MGI Digital Technology","url":"http:\/\/mgi-nouveau-site.mgi-labs.com\/en\/","logo":{"@type":"ImageObject","inLanguage":"en-US","@id":"http:\/\/mgi-nouveau-site.mgi-labs.com\/en\/#\/schema\/logo\/image\/","url":"http:\/\/mgi-nouveau-site.mgi-labs.com\/wp-content\/uploads\/2022\/01\/Logo-MGI-Blue-Baseline.jpg","contentUrl":"http:\/\/mgi-nouveau-site.mgi-labs.com\/wp-content\/uploads\/2022\/01\/Logo-MGI-Blue-Baseline.jpg","width":842,"height":595,"caption":"MGI Digital Technology"},"image":{"@id":"http:\/\/mgi-nouveau-site.mgi-labs.com\/en\/#\/schema\/logo\/image\/"},"sameAs":["https:\/\/m.facebook.com\/MGIonline\/","https:\/\/twitter.com\/MGI_HQ","https:\/\/www.linkedin.com\/company\/mgi-digital-graphic-technology\/","https:\/\/www.youtube.com\/channel\/UCqJTeVGo2EQ3NOCqFMekydA"]}]}},"_links":{"self":[{"href":"http:\/\/mgi-nouveau-site.mgi-labs.com\/en\/wp-json\/wp\/v2\/pages\/703"}],"collection":[{"href":"http:\/\/mgi-nouveau-site.mgi-labs.com\/en\/wp-json\/wp\/v2\/pages"}],"about":[{"href":"http:\/\/mgi-nouveau-site.mgi-labs.com\/en\/wp-json\/wp\/v2\/types\/page"}],"author":[{"embeddable":true,"href":"http:\/\/mgi-nouveau-site.mgi-labs.com\/en\/wp-json\/wp\/v2\/users\/1"}],"replies":[{"embeddable":true,"href":"http:\/\/mgi-nouveau-site.mgi-labs.com\/en\/wp-json\/wp\/v2\/comments?post=703"}],"version-history":[{"count":67,"href":"http:\/\/mgi-nouveau-site.mgi-labs.com\/en\/wp-json\/wp\/v2\/pages\/703\/revisions"}],"predecessor-version":[{"id":5875,"href":"http:\/\/mgi-nouveau-site.mgi-labs.com\/en\/wp-json\/wp\/v2\/pages\/703\/revisions\/5875"}],"up":[{"embeddable":true,"href":"http:\/\/mgi-nouveau-site.mgi-labs.com\/en\/wp-json\/wp\/v2\/pages\/661"}],"wp:attachment":[{"href":"http:\/\/mgi-nouveau-site.mgi-labs.com\/en\/wp-json\/wp\/v2\/media?parent=703"}],"curies":[{"name":"wp","href":"https:\/\/api.w.org\/{rel}","templated":true}]}}