{"id":748,"date":"2021-12-16T15:39:32","date_gmt":"2021-12-16T15:39:32","guid":{"rendered":"http:\/\/mgi-nouveau-site.mgi-labs.com\/?page_id=748"},"modified":"2022-03-11T11:27:28","modified_gmt":"2022-03-11T10:27:28","slug":"mot-president","status":"publish","type":"page","link":"http:\/\/mgi-nouveau-site.mgi-labs.com\/en\/company\/word-president\/","title":{"rendered":"A word from the president"},"content":{"rendered":"<style>#kt-layout-id_9be2a5-39 > .kt-row-column-wrap{align-content:end;}:where(#kt-layout-id_9be2a5-39 > .kt-row-column-wrap) > .wp-block-kadence-column{justify-content:end;}#kt-layout-id_9be2a5-39 > .kt-row-column-wrap{column-gap:var(--global-kb-gap-md, 2rem);row-gap:var(--global-kb-gap-md, 2rem);max-width:1600px;margin-left:auto;margin-right:auto;padding-top:var( --global-kb-row-default-top, 25px );padding-bottom:var( --global-kb-row-default-bottom, 25px );padding-top:20px;padding-bottom:20px;min-height:500px;grid-template-columns:minmax(0, 1fr);}#kt-layout-id_9be2a5-39{background-image:url('http:\/\/mgi-nouveau-site.mgi-labs.com\/wp-content\/uploads\/2021\/12\/2015-MGI-Team.jpg');background-size:cover;background-position:50% 59%;background-attachment:scroll;background-repeat:no-repeat;}#kt-layout-id_9be2a5-39 > .kt-row-layout-overlay{opacity:0.70;background-image:linear-gradient(180deg, rgba(255, 255, 255, 0) 55%, var(--global-palette9, #ffffff) 75%);}#kt-layout-id_9be2a5-39 ,#kt-layout-id_9be2a5-39 h1,#kt-layout-id_9be2a5-39 h2,#kt-layout-id_9be2a5-39 h3,#kt-layout-id_9be2a5-39 h4,#kt-layout-id_9be2a5-39 h5,#kt-layout-id_9be2a5-39 h6{color:#ffffff;}#kt-layout-id_9be2a5-39 .kt-row-layout-bottom-sep{height:100px;}#kt-layout-id_9be2a5-39 .kt-row-layout-bottom-sep svg{width:100%;}#kt-layout-id_9be2a5-39 .kt-row-layout-bottom-sep svg{fill:#ffffff!important;}@media all and (max-width: 1024px){#kt-layout-id_9be2a5-39 > .kt-row-column-wrap{min-height:300px;grid-template-columns:minmax(0, 1fr);}}@media all and (max-width: 1024px){#kt-layout-id_9be2a5-39 .kt-row-layout-bottom-sep{height:px;}}@media all and (max-width: 1024px){#kt-layout-id_9be2a5-39 .kt-row-layout-bottom-sep svg{width:%;}}@media all and (max-width: 767px){#kt-layout-id_9be2a5-39 > .kt-row-column-wrap{min-height:300px;grid-template-columns:minmax(0, 1fr);}#kt-layout-id_9be2a5-39 .kt-row-layout-bottom-sep{height:px;}#kt-layout-id_9be2a5-39 .kt-row-layout-bottom-sep svg{width:%;}}<\/style>\n<div class=\"wp-block-kadence-rowlayout alignfull\"><div id=\"kt-layout-id_9be2a5-39\" class=\"kt-row-layout-inner kt-row-has-bg kt-layout-id_9be2a5-39\"><div class=\"kt-row-layout-overlay kt-row-overlay-gradient\"><\/div><div class=\"kt-row-column-wrap kt-has-1-columns kt-gutter-default kt-v-gutter-default kt-row-valign-bottom kt-row-layout-equal kt-tab-layout-inherit kt-m-colapse-left-to-right kt-mobile-layout-row\"><style>.kadence-column_38fb58-4c > .kt-inside-inner-col{border-top-width:0px;border-right-width:0px;border-bottom-width:0px;border-left-width:0px;}.kadence-column_38fb58-4c > .kt-inside-inner-col,.kadence-column_38fb58-4c > .kt-inside-inner-col:before{border-top-left-radius:0px;border-top-right-radius:0px;border-bottom-right-radius:0px;border-bottom-left-radius:0px;}.kadence-column_38fb58-4c > .kt-inside-inner-col{column-gap:var(--global-kb-gap-sm, 1rem);}.kadence-column_38fb58-4c > .kt-inside-inner-col{flex-direction:column;}.kadence-column_38fb58-4c > .kt-inside-inner-col > .aligncenter{width:100%;}.kadence-column_38fb58-4c > .kt-inside-inner-col:before{opacity:0.3;}.kadence-column_38fb58-4c{position:relative;}@media all and (max-width: 1024px){.kadence-column_38fb58-4c > .kt-inside-inner-col{flex-direction:column;}}@media all and (max-width: 767px){.kadence-column_38fb58-4c > .kt-inside-inner-col{flex-direction:column;}}<\/style>\n<div class=\"wp-block-kadence-column inner-column-1 kadence-column_38fb58-4c\"><div class=\"kt-inside-inner-col\"><style>.wp-block-kadence-advancedheading.kt-adv-heading_a72bf5-fa, .wp-block-kadence-advancedheading.kt-adv-heading_a72bf5-fa[data-kb-block=\"kb-adv-heading_a72bf5-fa\"]{text-align:center;font-style:normal;text-transform:uppercase;text-shadow:1px 1px 30px #ffffff;}.wp-block-kadence-advancedheading.kt-adv-heading_a72bf5-fa mark, .wp-block-kadence-advancedheading.kt-adv-heading_a72bf5-fa[data-kb-block=\"kb-adv-heading_a72bf5-fa\"] mark{font-style:normal;color:#f76a0c;padding-top:0px;padding-right:0px;padding-bottom:0px;padding-left:0px;}<\/style>\n<h1 class=\"kt-adv-heading_a72bf5-fa wp-block-kadence-advancedheading has-theme-palette-4-color has-text-color\" data-kb-block=\"kb-adv-heading_a72bf5-fa\">Le mot du pr\u00e9sident<\/h1>\n\n\n\n<p><\/p>\n<\/div><\/div>\n<\/div><\/div><\/div>\n\n\n\n<div style=\"height:30px\" aria-hidden=\"true\" class=\"wp-block-spacer\"><\/div>\n\n\n<style>.wp-block-kadence-advancedheading.kt-adv-heading_fa1365-8e, .wp-block-kadence-advancedheading.kt-adv-heading_fa1365-8e[data-kb-block=\"kb-adv-heading_fa1365-8e\"]{margin-top:0px;margin-bottom:20px;padding-top:15px;text-align:center;font-style:normal;}.wp-block-kadence-advancedheading.kt-adv-heading_fa1365-8e mark, .wp-block-kadence-advancedheading.kt-adv-heading_fa1365-8e[data-kb-block=\"kb-adv-heading_fa1365-8e\"] mark{font-style:normal;color:#f76a0c;padding-top:0px;padding-right:0px;padding-bottom:0px;padding-left:0px;}@media all and (max-width: 1024px){.wp-block-kadence-advancedheading.kt-adv-heading_fa1365-8e, .wp-block-kadence-advancedheading.kt-adv-heading_fa1365-8e[data-kb-block=\"kb-adv-heading_fa1365-8e\"]{margin-bottom:20px;}}<\/style>\n<h5 class=\"kt-adv-heading_fa1365-8e wp-block-kadence-advancedheading\" data-kb-block=\"kb-adv-heading_fa1365-8e\">Message d&rsquo;Edmond Abergel, Pr\u00e9sident de MGI<\/h5>\n\n\n<style>#kt-layout-id_8f22e9-c7{margin-top:25px;}#kt-layout-id_8f22e9-c7 > .kt-row-column-wrap{align-content:center;}:where(#kt-layout-id_8f22e9-c7 > .kt-row-column-wrap) > .wp-block-kadence-column{justify-content:center;}#kt-layout-id_8f22e9-c7 > .kt-row-column-wrap{column-gap:var(--global-kb-gap-sm, 1rem);row-gap:var(--global-kb-gap-md, 2rem);padding-top:var( --global-kb-row-default-top, 25px );padding-bottom:var( --global-kb-row-default-bottom, 25px );padding-top:0px;padding-bottom:5px;grid-template-columns:minmax(0, calc(30% - ((var(--global-kb-gap-sm, 1rem) * 1 )\/2))) minmax(0, calc(70% - ((var(--global-kb-gap-sm, 1rem) * 1 )\/2)));}#kt-layout-id_8f22e9-c7 > .kt-row-layout-overlay{opacity:0.30;}@media all and (max-width: 1024px){#kt-layout-id_8f22e9-c7 > .kt-row-column-wrap{grid-template-columns:repeat(2, minmax(0, 1fr));}}@media all and (max-width: 767px){#kt-layout-id_8f22e9-c7 > .kt-row-column-wrap{grid-template-columns:minmax(0, 1fr);}}<\/style>\n<div class=\"wp-block-kadence-rowlayout alignnone\"><div id=\"kt-layout-id_8f22e9-c7\" class=\"kt-row-layout-inner kt-layout-id_8f22e9-c7\"><div class=\"kt-row-column-wrap kt-has-2-columns kt-gutter-skinny kt-v-gutter-default kt-row-valign-middle kt-row-layout-right-golden kt-tab-layout-inherit kt-m-colapse-left-to-right kt-mobile-layout-row  kt-custom-first-width-30  kt-custom-second-width-70\"><style>.kadence-column_ce5fb4-cf > .kt-inside-inner-col{border-top-width:0px;border-right-width:0px;border-bottom-width:0px;border-left-width:0px;}.kadence-column_ce5fb4-cf > .kt-inside-inner-col,.kadence-column_ce5fb4-cf > .kt-inside-inner-col:before{border-top-left-radius:0px;border-top-right-radius:0px;border-bottom-right-radius:0px;border-bottom-left-radius:0px;}.kadence-column_ce5fb4-cf > .kt-inside-inner-col{column-gap:var(--global-kb-gap-sm, 1rem);}.kadence-column_ce5fb4-cf > .kt-inside-inner-col{flex-direction:column;}.kadence-column_ce5fb4-cf > .kt-inside-inner-col > .aligncenter{width:100%;}.kadence-column_ce5fb4-cf > .kt-inside-inner-col:before{opacity:0.3;}.kadence-column_ce5fb4-cf{position:relative;}@media all and (max-width: 1024px){.kadence-column_ce5fb4-cf > .kt-inside-inner-col{flex-direction:column;}}@media all and (max-width: 767px){.kadence-column_ce5fb4-cf > .kt-inside-inner-col{flex-direction:column;}}<\/style>\n<div class=\"wp-block-kadence-column inner-column-1 kadence-column_ce5fb4-cf\"><div class=\"kt-inside-inner-col\">\n<div class=\"wp-block-image\"><figure class=\"aligncenter is-resized\"><img decoding=\"async\" loading=\"lazy\" src=\"http:\/\/mgi-nouveau-site.mgi-labs.com\/wp-content\/uploads\/2021\/12\/photo-edmond-abergel-pour-website.jpg\" alt=\"\" class=\"wp-image-750\" width=\"290\" height=\"445\" srcset=\"http:\/\/mgi-nouveau-site.mgi-labs.com\/wp-content\/uploads\/2021\/12\/photo-edmond-abergel-pour-website.jpg 387w, http:\/\/mgi-nouveau-site.mgi-labs.com\/wp-content\/uploads\/2021\/12\/photo-edmond-abergel-pour-website-196x300.jpg 196w\" sizes=\"(max-width: 290px) 100vw, 290px\" \/><\/figure><\/div>\n<\/div><\/div>\n\n\n<style>.kadence-column_d06394-b0 > .kt-inside-inner-col{border-top-width:0px;border-right-width:0px;border-bottom-width:0px;border-left-width:0px;}.kadence-column_d06394-b0 > .kt-inside-inner-col,.kadence-column_d06394-b0 > .kt-inside-inner-col:before{border-top-left-radius:0px;border-top-right-radius:0px;border-bottom-right-radius:0px;border-bottom-left-radius:0px;}.kadence-column_d06394-b0 > .kt-inside-inner-col{column-gap:var(--global-kb-gap-sm, 1rem);}.kadence-column_d06394-b0 > .kt-inside-inner-col{flex-direction:column;}.kadence-column_d06394-b0 > .kt-inside-inner-col > .aligncenter{width:100%;}.kadence-column_d06394-b0 > .kt-inside-inner-col:before{opacity:0.3;}.kadence-column_d06394-b0{position:relative;}@media all and (max-width: 1024px){.kadence-column_d06394-b0 > .kt-inside-inner-col{flex-direction:column;}}@media all and (max-width: 767px){.kadence-column_d06394-b0 > .kt-inside-inner-col{flex-direction:column;}}<\/style>\n<div class=\"wp-block-kadence-column inner-column-2 kadence-column_d06394-b0\"><div class=\"kt-inside-inner-col\">\n<p><strong>Chers Clients &amp; Partenaires,<\/strong><\/p>\n\n\n\n<p class=\"justify\">Merci de l\u2019int\u00e9r\u00eat que vous portez \u00e0 MGI Digital Technology et \u00e0 ses gammes de solutions, prim\u00e9es dans le monde entier, et destin\u00e9es aux professionnels des Industries Graphiques et de l\u2019Emballage.<\/p>\n\n\n\n<p class=\"justify\">MGI a d\u00e9sormais 38 ans d\u2019exp\u00e9rience dans le domaine des technologies d\u2019impression, d\u2019ennoblissement et de finition num\u00e9riques. Cette exp\u00e9rience accumul\u00e9e est au service de nos clients. Elle leur permet de se diff\u00e9rencier au quotidien, avec des solutions toujours plus innovantes, dont la mise en \u0153uvre est toujours plus simple, pour une richesse applicative in\u00e9gal\u00e9e. Le tout, pour un budget toujours ma\u00eetris\u00e9. <\/p>\n\n\n\n<p class=\"justify\">Nos clients exploitent \u00e0 fond toutes ces possibilit\u00e9s et ont comme seul objectif de cr\u00e9er de la valeur ajout\u00e9e pour leurs entreprises et leurs propres clients.<\/p>\n<\/div><\/div>\n<\/div><\/div><\/div>\n\n\n<style>#kt-layout-id_1b1d84-30{margin-top:15px;}#kt-layout-id_1b1d84-30 > .kt-row-column-wrap{align-content:start;}:where(#kt-layout-id_1b1d84-30 > .kt-row-column-wrap) > .wp-block-kadence-column{justify-content:start;}#kt-layout-id_1b1d84-30 > .kt-row-column-wrap{column-gap:var(--global-kb-gap-md, 2rem);row-gap:var(--global-kb-gap-md, 2rem);padding-top:var( --global-kb-row-default-top, 25px );padding-bottom:var( --global-kb-row-default-bottom, 25px );padding-top:0px;padding-bottom:5px;grid-template-columns:minmax(0, 1fr);}#kt-layout-id_1b1d84-30 > .kt-row-layout-overlay{opacity:0.30;}@media all and (max-width: 1024px){#kt-layout-id_1b1d84-30 > .kt-row-column-wrap{grid-template-columns:minmax(0, 1fr);}}@media all and (max-width: 767px){#kt-layout-id_1b1d84-30 > .kt-row-column-wrap{grid-template-columns:minmax(0, 1fr);}}<\/style>\n<div class=\"wp-block-kadence-rowlayout alignnone\"><div id=\"kt-layout-id_1b1d84-30\" class=\"kt-row-layout-inner kt-layout-id_1b1d84-30\"><div class=\"kt-row-column-wrap kt-has-1-columns kt-gutter-default kt-v-gutter-default kt-row-valign-top kt-row-layout-equal kt-tab-layout-inherit kt-m-colapse-left-to-right kt-mobile-layout-row\"><style>.kadence-column_4f5303-cd > .kt-inside-inner-col{border-top-width:0px;border-right-width:0px;border-bottom-width:0px;border-left-width:0px;}.kadence-column_4f5303-cd > .kt-inside-inner-col,.kadence-column_4f5303-cd > .kt-inside-inner-col:before{border-top-left-radius:0px;border-top-right-radius:0px;border-bottom-right-radius:0px;border-bottom-left-radius:0px;}.kadence-column_4f5303-cd > .kt-inside-inner-col{column-gap:var(--global-kb-gap-sm, 1rem);}.kadence-column_4f5303-cd > .kt-inside-inner-col{flex-direction:column;}.kadence-column_4f5303-cd > .kt-inside-inner-col > .aligncenter{width:100%;}.kadence-column_4f5303-cd > .kt-inside-inner-col:before{opacity:0.3;}.kadence-column_4f5303-cd{position:relative;}@media all and (max-width: 1024px){.kadence-column_4f5303-cd > .kt-inside-inner-col{flex-direction:column;}}@media all and (max-width: 767px){.kadence-column_4f5303-cd > .kt-inside-inner-col{flex-direction:column;}}<\/style>\n<div class=\"wp-block-kadence-column inner-column-1 kadence-column_4f5303-cd\"><div class=\"kt-inside-inner-col\">\n<p class=\"justify\">Au c\u0153ur de notre strat\u00e9gie, notre d\u00e9partement Recherche &amp; D\u00e9veloppement se d\u00e9veloppe r\u00e9guli\u00e8rement, et s\u2019enrichit de comp\u00e9tences toujours plus pointues en informatique, micro-m\u00e9canique, \u00e9lectronique, jet d\u2019encre, chimie et colorim\u00e9trie. Avec un investissement annuel qui avoisine les 20% en faveur de la R&amp;D, MGI a une volont\u00e9 constante d\u2019innover, afin de fournir \u00e0 ses clients les solutions les plus adapt\u00e9es \u00e0 des march\u00e9s en constante \u00e9volution.<\/p>\n\n\n\n<p class=\"justify\">Nous luttons au quotidien pour d\u00e9velopper des \u00e9quipements \u00e9co-con\u00e7us et fournir des r\u00e9ponses techniques et technologiques les plus respectueuses de l\u2019environnement. La suppression des plaques ou \u00e9crans pour le vernis s\u00e9lectif ou l\u2019absence d\u2019\u00e9mission d\u2019ozone dans le processus de s\u00e9chage UV, font partie des exemples concrets de notre engagement en faveur de l\u2019environnement.<\/p>\n\n\n\n<p class=\"justify\">Nous sommes particuli\u00e8rement attentifs au bon d\u00e9veloppement de notre r\u00e9seau de distribution qui comprend de nombreuses soci\u00e9t\u00e9s renomm\u00e9es dans le domaine des Arts Graphiques. Elles fournissent et supportent des milliers de clients utilisateurs \u00e0 travers le monde, soit dans plus de 70 pays sur les 5 continents.<\/p>\n\n\n\n<p class=\"justify\">Au nom de l\u2019ensemble des \u00e9quipes de MGI, je vous invite \u00e0 d\u00e9couvrir nos produits et solutions, et \u00e0 nous contacter pour toutes questions compl\u00e9mentaires.<\/p>\n\n\n\n<p><strong>Edmond Abergel<br>PDG \u2013 Groupe MGI<\/strong><\/p>\n<\/div><\/div>\n<\/div><\/div><\/div>\n\n\n<style>#kt-layout-id_bf9654-8f > .kt-row-column-wrap{align-content:start;}:where(#kt-layout-id_bf9654-8f > .kt-row-column-wrap) > .wp-block-kadence-column{justify-content:start;}#kt-layout-id_bf9654-8f > .kt-row-column-wrap{column-gap:var(--global-kb-gap-md, 2rem);row-gap:var(--global-kb-gap-md, 2rem);padding-top:var( --global-kb-row-default-top, 25px );padding-bottom:var( --global-kb-row-default-bottom, 25px );padding-top:0px;padding-left:0px;padding-right:0px;grid-template-columns:minmax(0, 1fr);}#kt-layout-id_bf9654-8f > .kt-row-layout-overlay{opacity:0.30;}@media all and (max-width: 1024px){#kt-layout-id_bf9654-8f > .kt-row-column-wrap{grid-template-columns:minmax(0, 1fr);}}@media all and (max-width: 767px){#kt-layout-id_bf9654-8f > .kt-row-column-wrap{grid-template-columns:minmax(0, 1fr);}}<\/style>\n<div class=\"wp-block-kadence-rowlayout alignnone\"><div id=\"kt-layout-id_bf9654-8f\" class=\"kt-row-layout-inner kt-layout-id_bf9654-8f\"><div class=\"kt-row-column-wrap kt-has-1-columns kt-gutter-default kt-v-gutter-default kt-row-valign-top kt-row-layout-equal kt-tab-layout-inherit kt-m-colapse-left-to-right kt-mobile-layout-row\"><style>.kadence-column_e78082-14 > .kt-inside-inner-col{border-top-width:0px;border-right-width:0px;border-bottom-width:0px;border-left-width:0px;}.kadence-column_e78082-14 > .kt-inside-inner-col,.kadence-column_e78082-14 > .kt-inside-inner-col:before{border-top-left-radius:0px;border-top-right-radius:0px;border-bottom-right-radius:0px;border-bottom-left-radius:0px;}.kadence-column_e78082-14 > .kt-inside-inner-col{column-gap:var(--global-kb-gap-sm, 1rem);}.kadence-column_e78082-14 > .kt-inside-inner-col{flex-direction:column;}.kadence-column_e78082-14 > .kt-inside-inner-col > .aligncenter{width:100%;}.kadence-column_e78082-14 > .kt-inside-inner-col:before{opacity:0.3;}.kadence-column_e78082-14{position:relative;}@media all and (max-width: 1024px){.kadence-column_e78082-14 > .kt-inside-inner-col{flex-direction:column;}}@media all and (max-width: 767px){.kadence-column_e78082-14 > .kt-inside-inner-col{flex-direction:column;}}<\/style>\n<div class=\"wp-block-kadence-column inner-column-1 kadence-column_e78082-14\"><div class=\"kt-inside-inner-col\">\n<p><\/p>\n<\/div><\/div>\n<\/div><\/div><\/div>\n\n\n\n<div style=\"height:50px\" aria-hidden=\"true\" class=\"wp-block-spacer\"><\/div>\n","protected":false},"excerpt":{"rendered":"<p>Message from the Chairman Message from Edmond Abergel, Chairman of MGI Dear Customers &amp; Partners, Thank you for your interest in MGI Digital Technology and its range of award-winning solutions for professionals in the Graphic and Packaging Industries. MGI now has 38 years' experience in the field of...<\/p>","protected":false},"author":1,"featured_media":0,"parent":661,"menu_order":0,"comment_status":"closed","ping_status":"closed","template":"","meta":{"_kad_post_transparent":"","_kad_post_title":"hide","_kad_post_layout":"","_kad_post_sidebar_id":"","_kad_post_content_style":"unboxed","_kad_post_vertical_padding":"hide","_kad_post_feature":"","_kad_post_feature_position":"","_kad_post_header":false,"_kad_post_footer":false},"yoast_head":"<!-- This site is optimized with the Yoast SEO plugin v21.1 - https:\/\/yoast.com\/wordpress\/plugins\/seo\/ -->\n<title>Le mot du pr\u00e9sident - MGI Digital Technology<\/title>\n<meta name=\"robots\" content=\"noindex, follow, max-snippet:-1, max-image-preview:large, max-video-preview:-1\" \/>\n<meta property=\"og:locale\" content=\"en_US\" \/>\n<meta property=\"og:type\" content=\"article\" \/>\n<meta property=\"og:title\" content=\"Le mot du pr\u00e9sident - MGI Digital Technology\" \/>\n<meta property=\"og:description\" content=\"Le mot du pr\u00e9sident Message d&rsquo;Edmond Abergel, Pr\u00e9sident de MGI Chers Clients &amp; Partenaires, Merci de l\u2019int\u00e9r\u00eat que vous portez \u00e0 MGI Digital Technology et \u00e0 ses gammes de solutions, prim\u00e9es dans le monde entier, et destin\u00e9es aux professionnels des Industries Graphiques et de l\u2019Emballage. MGI a d\u00e9sormais 38 ans d\u2019exp\u00e9rience dans le domaine des...\" \/>\n<meta property=\"og:url\" content=\"http:\/\/mgi-nouveau-site.mgi-labs.com\/en\/company\/word-president\/\" \/>\n<meta property=\"og:site_name\" content=\"MGI Digital Technology\" \/>\n<meta property=\"article:publisher\" content=\"https:\/\/m.facebook.com\/MGIonline\/\" \/>\n<meta property=\"article:modified_time\" content=\"2022-03-11T10:27:28+00:00\" \/>\n<meta property=\"og:image\" content=\"http:\/\/mgi-nouveau-site.mgi-labs.com\/wp-content\/uploads\/2021\/12\/photo-edmond-abergel-pour-website.jpg\" \/>\n<meta name=\"twitter:card\" content=\"summary_large_image\" \/>\n<meta name=\"twitter:site\" content=\"@MGI_HQ\" \/>\n<script type=\"application\/ld+json\" class=\"yoast-schema-graph\">{\"@context\":\"https:\/\/schema.org\",\"@graph\":[{\"@type\":\"WebPage\",\"@id\":\"http:\/\/mgi-nouveau-site.mgi-labs.com\/societe\/mot-president\/\",\"url\":\"http:\/\/mgi-nouveau-site.mgi-labs.com\/societe\/mot-president\/\",\"name\":\"Le mot du pr\u00e9sident - MGI Digital Technology\",\"isPartOf\":{\"@id\":\"http:\/\/mgi-nouveau-site.mgi-labs.com\/#website\"},\"datePublished\":\"2021-12-16T15:39:32+00:00\",\"dateModified\":\"2022-03-11T10:27:28+00:00\",\"breadcrumb\":{\"@id\":\"http:\/\/mgi-nouveau-site.mgi-labs.com\/societe\/mot-president\/#breadcrumb\"},\"inLanguage\":\"en-US\",\"potentialAction\":[{\"@type\":\"ReadAction\",\"target\":[\"http:\/\/mgi-nouveau-site.mgi-labs.com\/societe\/mot-president\/\"]}]},{\"@type\":\"BreadcrumbList\",\"@id\":\"http:\/\/mgi-nouveau-site.mgi-labs.com\/societe\/mot-president\/#breadcrumb\",\"itemListElement\":[{\"@type\":\"ListItem\",\"position\":1,\"name\":\"Accueil\",\"item\":\"http:\/\/mgi-nouveau-site.mgi-labs.com\/\"},{\"@type\":\"ListItem\",\"position\":2,\"name\":\"Soci\u00e9t\u00e9\",\"item\":\"http:\/\/mgi-nouveau-site.mgi-labs.com\/societe\/\"},{\"@type\":\"ListItem\",\"position\":3,\"name\":\"Le mot du pr\u00e9sident\"}]},{\"@type\":\"WebSite\",\"@id\":\"http:\/\/mgi-nouveau-site.mgi-labs.com\/#website\",\"url\":\"http:\/\/mgi-nouveau-site.mgi-labs.com\/\",\"name\":\"MGI Digital Technology\",\"description\":\"Leader des technologies d\u2019impression et de finitions num\u00e9riques\",\"publisher\":{\"@id\":\"http:\/\/mgi-nouveau-site.mgi-labs.com\/#organization\"},\"potentialAction\":[{\"@type\":\"SearchAction\",\"target\":{\"@type\":\"EntryPoint\",\"urlTemplate\":\"http:\/\/mgi-nouveau-site.mgi-labs.com\/?s={search_term_string}\"},\"query-input\":\"required name=search_term_string\"}],\"inLanguage\":\"en-US\"},{\"@type\":\"Organization\",\"@id\":\"http:\/\/mgi-nouveau-site.mgi-labs.com\/#organization\",\"name\":\"MGI Digital Technology\",\"url\":\"http:\/\/mgi-nouveau-site.mgi-labs.com\/\",\"logo\":{\"@type\":\"ImageObject\",\"inLanguage\":\"en-US\",\"@id\":\"http:\/\/mgi-nouveau-site.mgi-labs.com\/#\/schema\/logo\/image\/\",\"url\":\"http:\/\/mgi-nouveau-site.mgi-labs.com\/wp-content\/uploads\/2022\/01\/Logo-MGI-Blue-Baseline.jpg\",\"contentUrl\":\"http:\/\/mgi-nouveau-site.mgi-labs.com\/wp-content\/uploads\/2022\/01\/Logo-MGI-Blue-Baseline.jpg\",\"width\":842,\"height\":595,\"caption\":\"MGI Digital Technology\"},\"image\":{\"@id\":\"http:\/\/mgi-nouveau-site.mgi-labs.com\/#\/schema\/logo\/image\/\"},\"sameAs\":[\"https:\/\/m.facebook.com\/MGIonline\/\",\"https:\/\/twitter.com\/MGI_HQ\",\"https:\/\/www.linkedin.com\/company\/mgi-digital-graphic-technology\/\",\"https:\/\/www.youtube.com\/channel\/UCqJTeVGo2EQ3NOCqFMekydA\"]}]}<\/script>\n<!-- \/ Yoast SEO plugin. -->","yoast_head_json":{"title":"A word from the president - MGI Digital Technology","robots":{"index":"noindex","follow":"follow","max-snippet":"max-snippet:-1","max-image-preview":"max-image-preview:large","max-video-preview":"max-video-preview:-1"},"og_locale":"en_US","og_type":"article","og_title":"Le mot du pr\u00e9sident - MGI Digital Technology","og_description":"Le mot du pr\u00e9sident Message d&rsquo;Edmond Abergel, Pr\u00e9sident de MGI Chers Clients &amp; Partenaires, Merci de l\u2019int\u00e9r\u00eat que vous portez \u00e0 MGI Digital Technology et \u00e0 ses gammes de solutions, prim\u00e9es dans le monde entier, et destin\u00e9es aux professionnels des Industries Graphiques et de l\u2019Emballage. MGI a d\u00e9sormais 38 ans d\u2019exp\u00e9rience dans le domaine des...","og_url":"http:\/\/mgi-nouveau-site.mgi-labs.com\/en\/company\/word-president\/","og_site_name":"MGI Digital Technology","article_publisher":"https:\/\/m.facebook.com\/MGIonline\/","article_modified_time":"2022-03-11T10:27:28+00:00","og_image":[{"url":"http:\/\/mgi-nouveau-site.mgi-labs.com\/wp-content\/uploads\/2021\/12\/photo-edmond-abergel-pour-website.jpg"}],"twitter_card":"summary_large_image","twitter_site":"@MGI_HQ","schema":{"@context":"https:\/\/schema.org","@graph":[{"@type":"WebPage","@id":"http:\/\/mgi-nouveau-site.mgi-labs.com\/societe\/mot-president\/","url":"http:\/\/mgi-nouveau-site.mgi-labs.com\/societe\/mot-president\/","name":"A word from the president - MGI Digital Technology","isPartOf":{"@id":"http:\/\/mgi-nouveau-site.mgi-labs.com\/#website"},"datePublished":"2021-12-16T15:39:32+00:00","dateModified":"2022-03-11T10:27:28+00:00","breadcrumb":{"@id":"http:\/\/mgi-nouveau-site.mgi-labs.com\/societe\/mot-president\/#breadcrumb"},"inLanguage":"en-US","potentialAction":[{"@type":"ReadAction","target":["http:\/\/mgi-nouveau-site.mgi-labs.com\/societe\/mot-president\/"]}]},{"@type":"BreadcrumbList","@id":"http:\/\/mgi-nouveau-site.mgi-labs.com\/societe\/mot-president\/#breadcrumb","itemListElement":[{"@type":"ListItem","position":1,"name":"Accueil","item":"http:\/\/mgi-nouveau-site.mgi-labs.com\/"},{"@type":"ListItem","position":2,"name":"Soci\u00e9t\u00e9","item":"http:\/\/mgi-nouveau-site.mgi-labs.com\/societe\/"},{"@type":"ListItem","position":3,"name":"Le mot du pr\u00e9sident"}]},{"@type":"WebSite","@id":"http:\/\/mgi-nouveau-site.mgi-labs.com\/#website","url":"http:\/\/mgi-nouveau-site.mgi-labs.com\/","name":"MGI Digital Technology","description":"Leader in digital printing and finishing technologies","publisher":{"@id":"http:\/\/mgi-nouveau-site.mgi-labs.com\/#organization"},"potentialAction":[{"@type":"SearchAction","target":{"@type":"EntryPoint","urlTemplate":"http:\/\/mgi-nouveau-site.mgi-labs.com\/?s={search_term_string}"},"query-input":"required name=search_term_string"}],"inLanguage":"en-US"},{"@type":"Organization","@id":"http:\/\/mgi-nouveau-site.mgi-labs.com\/#organization","name":"MGI Digital Technology","url":"http:\/\/mgi-nouveau-site.mgi-labs.com\/","logo":{"@type":"ImageObject","inLanguage":"en-US","@id":"http:\/\/mgi-nouveau-site.mgi-labs.com\/#\/schema\/logo\/image\/","url":"http:\/\/mgi-nouveau-site.mgi-labs.com\/wp-content\/uploads\/2022\/01\/Logo-MGI-Blue-Baseline.jpg","contentUrl":"http:\/\/mgi-nouveau-site.mgi-labs.com\/wp-content\/uploads\/2022\/01\/Logo-MGI-Blue-Baseline.jpg","width":842,"height":595,"caption":"MGI Digital Technology"},"image":{"@id":"http:\/\/mgi-nouveau-site.mgi-labs.com\/#\/schema\/logo\/image\/"},"sameAs":["https:\/\/m.facebook.com\/MGIonline\/","https:\/\/twitter.com\/MGI_HQ","https:\/\/www.linkedin.com\/company\/mgi-digital-graphic-technology\/","https:\/\/www.youtube.com\/channel\/UCqJTeVGo2EQ3NOCqFMekydA"]}]}},"_links":{"self":[{"href":"http:\/\/mgi-nouveau-site.mgi-labs.com\/en\/wp-json\/wp\/v2\/pages\/748"}],"collection":[{"href":"http:\/\/mgi-nouveau-site.mgi-labs.com\/en\/wp-json\/wp\/v2\/pages"}],"about":[{"href":"http:\/\/mgi-nouveau-site.mgi-labs.com\/en\/wp-json\/wp\/v2\/types\/page"}],"author":[{"embeddable":true,"href":"http:\/\/mgi-nouveau-site.mgi-labs.com\/en\/wp-json\/wp\/v2\/users\/1"}],"replies":[{"embeddable":true,"href":"http:\/\/mgi-nouveau-site.mgi-labs.com\/en\/wp-json\/wp\/v2\/comments?post=748"}],"version-history":[{"count":70,"href":"http:\/\/mgi-nouveau-site.mgi-labs.com\/en\/wp-json\/wp\/v2\/pages\/748\/revisions"}],"predecessor-version":[{"id":5876,"href":"http:\/\/mgi-nouveau-site.mgi-labs.com\/en\/wp-json\/wp\/v2\/pages\/748\/revisions\/5876"}],"up":[{"embeddable":true,"href":"http:\/\/mgi-nouveau-site.mgi-labs.com\/en\/wp-json\/wp\/v2\/pages\/661"}],"wp:attachment":[{"href":"http:\/\/mgi-nouveau-site.mgi-labs.com\/en\/wp-json\/wp\/v2\/media?parent=748"}],"curies":[{"name":"wp","href":"https:\/\/api.w.org\/{rel}","templated":true}]}}